{"id":16573,"date":"2026-02-06T04:35:59","date_gmt":"2026-02-06T04:35:59","guid":{"rendered":"https:\/\/libreriaelprincipito.com\/?post_type=product&#038;p=16573"},"modified":"2026-02-17T19:57:45","modified_gmt":"2026-02-17T19:57:45","slug":"el-fantasma-de-la-opera-nivel-4","status":"publish","type":"product","link":"https:\/\/libreriaelprincipito.com\/?product=el-fantasma-de-la-opera-nivel-4","title":{"rendered":"EL FANTASMA DE LA OPERA NIVEL 4"},"content":{"rendered":"<p>Gaston Leroux naci\u00f3 en Par\u00eds en 1868. Trabaj\u00f3 para distintos peri\u00f3dicos y tuvo fama de reportero intr\u00e9pido. Public\u00f3 El fantasma de la \u00d3pera en 1910, poco despu\u00e9s de instalarse en Niza. Una brillante adaptaci\u00f3n para j\u00f3venes lectores de esta fant\u00e1stica historia de terror, amor y suspense que tambi\u00e9n ha sido llevada al cine.<\/p>\n<p>&nbsp;<\/p>\n<p>DETALLES DEL PRODUCTO:<\/p>\n<p>ISBS: 9788467777017<\/p>\n<p>C\u00f3digo: 273354<\/p>\n<p>P\u00e1ginas: 72 p\u00e1ginas.<\/p>\n<p>Tama\u00f1o: Formato 13,7 x 20,4. Carton\u00e9 con cubierta plastificada mate y brillo<\/p>\n","protected":false},"excerpt":{"rendered":"<p>Gaston Leroux naci\u00f3 en Par\u00eds en 1868. Trabaj\u00f3 para distintos peri\u00f3dicos y tuvo fama de reportero intr\u00e9pido. Public\u00f3 El fantasma de la \u00d3pera en 1910, poco despu\u00e9s de instalarse en Niza. Una brillante adaptaci\u00f3n para j\u00f3venes lectores de esta fant\u00e1stica historia de terror, amor y suspense que tambi\u00e9n ha sido llevada al cine.<\/p>\n","protected":false},"featured_media":18560,"comment_status":"open","ping_status":"closed","template":"","meta":[],"product_brand":[],"product_cat":[74,81],"product_tag":[],"class_list":{"0":"post-16573","1":"product","2":"type-product","3":"status-publish","4":"has-post-thumbnail","6":"product_cat-infantil","7":"product_cat-plan-lector","9":"first","10":"instock","11":"shipping-taxable","12":"purchasable","13":"product-type-simple"},"jetpack_sharing_enabled":true,"_links":{"self":[{"href":"https:\/\/libreriaelprincipito.com\/index.php?rest_route=\/wp\/v2\/product\/16573","targetHints":{"allow":["GET"]}}],"collection":[{"href":"https:\/\/libreriaelprincipito.com\/index.php?rest_route=\/wp\/v2\/product"}],"about":[{"href":"https:\/\/libreriaelprincipito.com\/index.php?rest_route=\/wp\/v2\/types\/product"}],"replies":[{"embeddable":true,"href":"https:\/\/libreriaelprincipito.com\/index.php?rest_route=%2Fwp%2Fv2%2Fcomments&post=16573"}],"version-history":[{"count":1,"href":"https:\/\/libreriaelprincipito.com\/index.php?rest_route=\/wp\/v2\/product\/16573\/revisions"}],"predecessor-version":[{"id":16611,"href":"https:\/\/libreriaelprincipito.com\/index.php?rest_route=\/wp\/v2\/product\/16573\/revisions\/16611"}],"wp:featuredmedia":[{"embeddable":true,"href":"https:\/\/libreriaelprincipito.com\/index.php?rest_route=\/wp\/v2\/media\/18560"}],"wp:attachment":[{"href":"https:\/\/libreriaelprincipito.com\/index.php?rest_route=%2Fwp%2Fv2%2Fmedia&parent=16573"}],"wp:term":[{"taxonomy":"product_brand","embeddable":true,"href":"https:\/\/libreriaelprincipito.com\/index.php?rest_route=%2Fwp%2Fv2%2Fproduct_brand&post=16573"},{"taxonomy":"product_cat","embeddable":true,"href":"https:\/\/libreriaelprincipito.com\/index.php?rest_route=%2Fwp%2Fv2%2Fproduct_cat&post=16573"},{"taxonomy":"product_tag","embeddable":true,"href":"https:\/\/libreriaelprincipito.com\/index.php?rest_route=%2Fwp%2Fv2%2Fproduct_tag&post=16573"}],"curies":[{"name":"wp","href":"https:\/\/api.w.org\/{rel}","templated":true}]}}