{"id":16575,"date":"2026-02-06T04:35:59","date_gmt":"2026-02-06T04:35:59","guid":{"rendered":"https:\/\/libreriaelprincipito.com\/?post_type=product&#038;p=16575"},"modified":"2026-02-17T19:59:35","modified_gmt":"2026-02-17T19:59:35","slug":"mitologia-griega-nivel-4","status":"publish","type":"product","link":"https:\/\/libreriaelprincipito.com\/?product=mitologia-griega-nivel-4","title":{"rendered":"MITOLOGIA GRIEGA NIVEL 4"},"content":{"rendered":"<p>En este libro, el lector conocer\u00e1 a Zeus, Poseid\u00f3n, Aquiles, Atenea, Ariadna, Medusa, Pegaso y muchos otros dioses, h\u00e9roes y criaturas fabulosas que, aunque jam\u00e1s existieron, representan lo mejor y lo peor de nosotros mismos y nos dejan grandes ense\u00f1anzas.<\/p>\n<p>&nbsp;<\/p>\n<p>DETALLES DEL PRODUCTO:<\/p>\n<p>ISBS: 9788467778021<\/p>\n<p>C\u00f3digo: 273356<\/p>\n<p>P\u00e1ginas: 72 p\u00e1ginas.<\/p>\n<p>Tama\u00f1o: Formato 17,7 x 20,4. Carton\u00e9 con cubierta plastificada brillo y texto en relieve<\/p>\n","protected":false},"excerpt":{"rendered":"<p>En este libro, el lector conocer\u00e1 a Zeus, Poseid\u00f3n, Aquiles, Atenea, Ariadna, Medusa, Pegaso y muchos otros dioses, h\u00e9roes y criaturas fabulosas que, aunque jam\u00e1s existieron, representan lo mejor y lo peor de nosotros mismos y nos dejan grandes ense\u00f1anzas.<\/p>\n","protected":false},"featured_media":18562,"comment_status":"open","ping_status":"closed","template":"","meta":[],"product_brand":[],"product_cat":[74,81],"product_tag":[],"class_list":{"0":"post-16575","1":"product","2":"type-product","3":"status-publish","4":"has-post-thumbnail","6":"product_cat-infantil","7":"product_cat-plan-lector","9":"first","10":"instock","11":"shipping-taxable","12":"purchasable","13":"product-type-simple"},"jetpack_sharing_enabled":true,"_links":{"self":[{"href":"https:\/\/libreriaelprincipito.com\/index.php?rest_route=\/wp\/v2\/product\/16575","targetHints":{"allow":["GET"]}}],"collection":[{"href":"https:\/\/libreriaelprincipito.com\/index.php?rest_route=\/wp\/v2\/product"}],"about":[{"href":"https:\/\/libreriaelprincipito.com\/index.php?rest_route=\/wp\/v2\/types\/product"}],"replies":[{"embeddable":true,"href":"https:\/\/libreriaelprincipito.com\/index.php?rest_route=%2Fwp%2Fv2%2Fcomments&post=16575"}],"version-history":[{"count":1,"href":"https:\/\/libreriaelprincipito.com\/index.php?rest_route=\/wp\/v2\/product\/16575\/revisions"}],"predecessor-version":[{"id":16615,"href":"https:\/\/libreriaelprincipito.com\/index.php?rest_route=\/wp\/v2\/product\/16575\/revisions\/16615"}],"wp:featuredmedia":[{"embeddable":true,"href":"https:\/\/libreriaelprincipito.com\/index.php?rest_route=\/wp\/v2\/media\/18562"}],"wp:attachment":[{"href":"https:\/\/libreriaelprincipito.com\/index.php?rest_route=%2Fwp%2Fv2%2Fmedia&parent=16575"}],"wp:term":[{"taxonomy":"product_brand","embeddable":true,"href":"https:\/\/libreriaelprincipito.com\/index.php?rest_route=%2Fwp%2Fv2%2Fproduct_brand&post=16575"},{"taxonomy":"product_cat","embeddable":true,"href":"https:\/\/libreriaelprincipito.com\/index.php?rest_route=%2Fwp%2Fv2%2Fproduct_cat&post=16575"},{"taxonomy":"product_tag","embeddable":true,"href":"https:\/\/libreriaelprincipito.com\/index.php?rest_route=%2Fwp%2Fv2%2Fproduct_tag&post=16575"}],"curies":[{"name":"wp","href":"https:\/\/api.w.org\/{rel}","templated":true}]}}