{"id":16576,"date":"2026-02-06T04:35:59","date_gmt":"2026-02-06T04:35:59","guid":{"rendered":"https:\/\/libreriaelprincipito.com\/?post_type=product&#038;p=16576"},"modified":"2026-02-17T20:00:21","modified_gmt":"2026-02-17T20:00:21","slug":"la-eneida-nivel-4","status":"publish","type":"product","link":"https:\/\/libreriaelprincipito.com\/?product=la-eneida-nivel-4","title":{"rendered":"LA ENEIDA NIVEL 4"},"content":{"rendered":"<p>El emperador Augusto encarg\u00f3 a Virgilio la redacci\u00f3n de un poema patri\u00f3tico que glorificara a Roma y a su imperio con una mitolog\u00eda propia. As\u00ed es como naci\u00f3 \u00abLa Eneida\u00bb, un brillante poema \u00e9pico que narra las aventuras de Eneas. Una adaptaci\u00f3n destinada a j\u00f3venes lectores para que conozcan una de las grandes obras de la literatura universal mientras disfrutan leyendo.<\/p>\n<p>&nbsp;<\/p>\n<p>DETALLES DEL PRODUCTO:<\/p>\n<p>ISBS: 9788467781243<\/p>\n<p>C\u00f3digo: 273357<\/p>\n<p>P\u00e1ginas: 32 p\u00e1ginas.<\/p>\n<p>Tama\u00f1o: Formato 17,7 x 23. Carton\u00e9 con cubierta plastificada brillo y texto en relieve<\/p>\n","protected":false},"excerpt":{"rendered":"<p>El emperador Augusto encarg\u00f3 a Virgilio la redacci\u00f3n de un poema patri\u00f3tico que glorificara a Roma y a su imperio con una mitolog\u00eda propia. As\u00ed es como naci\u00f3 \u00abLa Eneida\u00bb, un brillante poema \u00e9pico que narra las aventuras de Eneas. Una adaptaci\u00f3n destinada a j\u00f3venes lectores para que conozcan una de las grandes obras de la literatura universal mientras disfrutan leyendo.<\/p>\n","protected":false},"featured_media":18563,"comment_status":"open","ping_status":"closed","template":"","meta":[],"product_brand":[],"product_cat":[74,81],"product_tag":[],"class_list":{"0":"post-16576","1":"product","2":"type-product","3":"status-publish","4":"has-post-thumbnail","6":"product_cat-infantil","7":"product_cat-plan-lector","9":"first","10":"instock","11":"shipping-taxable","12":"purchasable","13":"product-type-simple"},"jetpack_sharing_enabled":true,"_links":{"self":[{"href":"https:\/\/libreriaelprincipito.com\/index.php?rest_route=\/wp\/v2\/product\/16576","targetHints":{"allow":["GET"]}}],"collection":[{"href":"https:\/\/libreriaelprincipito.com\/index.php?rest_route=\/wp\/v2\/product"}],"about":[{"href":"https:\/\/libreriaelprincipito.com\/index.php?rest_route=\/wp\/v2\/types\/product"}],"replies":[{"embeddable":true,"href":"https:\/\/libreriaelprincipito.com\/index.php?rest_route=%2Fwp%2Fv2%2Fcomments&post=16576"}],"version-history":[{"count":1,"href":"https:\/\/libreriaelprincipito.com\/index.php?rest_route=\/wp\/v2\/product\/16576\/revisions"}],"predecessor-version":[{"id":16617,"href":"https:\/\/libreriaelprincipito.com\/index.php?rest_route=\/wp\/v2\/product\/16576\/revisions\/16617"}],"wp:featuredmedia":[{"embeddable":true,"href":"https:\/\/libreriaelprincipito.com\/index.php?rest_route=\/wp\/v2\/media\/18563"}],"wp:attachment":[{"href":"https:\/\/libreriaelprincipito.com\/index.php?rest_route=%2Fwp%2Fv2%2Fmedia&parent=16576"}],"wp:term":[{"taxonomy":"product_brand","embeddable":true,"href":"https:\/\/libreriaelprincipito.com\/index.php?rest_route=%2Fwp%2Fv2%2Fproduct_brand&post=16576"},{"taxonomy":"product_cat","embeddable":true,"href":"https:\/\/libreriaelprincipito.com\/index.php?rest_route=%2Fwp%2Fv2%2Fproduct_cat&post=16576"},{"taxonomy":"product_tag","embeddable":true,"href":"https:\/\/libreriaelprincipito.com\/index.php?rest_route=%2Fwp%2Fv2%2Fproduct_tag&post=16576"}],"curies":[{"name":"wp","href":"https:\/\/api.w.org\/{rel}","templated":true}]}}