{"id":16577,"date":"2026-02-06T04:36:00","date_gmt":"2026-02-06T04:36:00","guid":{"rendered":"https:\/\/libreriaelprincipito.com\/?post_type=product&#038;p=16577"},"modified":"2026-03-06T16:25:38","modified_gmt":"2026-03-06T16:25:38","slug":"pablo-picasso-mini-biografia","status":"publish","type":"product","link":"https:\/\/libreriaelprincipito.com\/?product=pablo-picasso-mini-biografia","title":{"rendered":"PABLO PICASSO (MINI BIOGRAFIA)"},"content":{"rendered":"<p>Pablo Picasso revolucion\u00f3 la pintura y abri\u00f3 nuevos caminos expresivos, pero adem\u00e1s destac\u00f3 como escultor, ilustrador de libros, ceramista y grabador. Ten\u00eda una vitalidad incre\u00edble; era como un volc\u00e1n en erupci\u00f3n. Este libro, lleno de datos, curiosidades, recuadros y preciosas ilustraciones, ofrece a los j\u00f3venes lectores una forma entretenida y diferente de adentrarse en la biograf\u00eda de uno de los artistas m\u00e1s importantes del siglo XX.<\/p>\n<p>&nbsp;<\/p>\n<p>DETALLES DEL PRODUCTO:<\/p>\n<p>ISBS: 9788467715224<\/p>\n<p>C\u00f3digo: 275004<\/p>\n<p>P\u00e1ginas: 32 p\u00e1ginas.<\/p>\n<p>Tama\u00f1o: Formato 17,7 x 23. Carton\u00e9 con cubierta plastificada brillo y texto en relieve<\/p>\n","protected":false},"excerpt":{"rendered":"<p>Pablo Picasso revolucion\u00f3 la pintura y abri\u00f3 nuevos caminos expresivos, pero adem\u00e1s destac\u00f3 como escultor, ilustrador de libros, ceramista y grabador. Ten\u00eda una vitalidad incre\u00edble; era como un volc\u00e1n en erupci\u00f3n. Este libro, lleno de datos, curiosidades, recuadros y preciosas ilustraciones, ofrece a los j\u00f3venes lectores una forma entretenida y diferente de adentrarse en la biograf\u00eda de uno de los artistas m\u00e1s importantes del siglo XX.<\/p>\n<p>Edad: Desde 8 a\u00f1os.<\/p>\n","protected":false},"featured_media":19171,"comment_status":"open","ping_status":"closed","template":"","meta":[],"product_brand":[],"product_cat":[74,81],"product_tag":[],"class_list":{"0":"post-16577","1":"product","2":"type-product","3":"status-publish","4":"has-post-thumbnail","6":"product_cat-infantil","7":"product_cat-plan-lector","9":"first","10":"instock","11":"shipping-taxable","12":"purchasable","13":"product-type-simple"},"jetpack_sharing_enabled":true,"_links":{"self":[{"href":"https:\/\/libreriaelprincipito.com\/index.php?rest_route=\/wp\/v2\/product\/16577","targetHints":{"allow":["GET"]}}],"collection":[{"href":"https:\/\/libreriaelprincipito.com\/index.php?rest_route=\/wp\/v2\/product"}],"about":[{"href":"https:\/\/libreriaelprincipito.com\/index.php?rest_route=\/wp\/v2\/types\/product"}],"replies":[{"embeddable":true,"href":"https:\/\/libreriaelprincipito.com\/index.php?rest_route=%2Fwp%2Fv2%2Fcomments&post=16577"}],"version-history":[{"count":1,"href":"https:\/\/libreriaelprincipito.com\/index.php?rest_route=\/wp\/v2\/product\/16577\/revisions"}],"predecessor-version":[{"id":16619,"href":"https:\/\/libreriaelprincipito.com\/index.php?rest_route=\/wp\/v2\/product\/16577\/revisions\/16619"}],"wp:featuredmedia":[{"embeddable":true,"href":"https:\/\/libreriaelprincipito.com\/index.php?rest_route=\/wp\/v2\/media\/19171"}],"wp:attachment":[{"href":"https:\/\/libreriaelprincipito.com\/index.php?rest_route=%2Fwp%2Fv2%2Fmedia&parent=16577"}],"wp:term":[{"taxonomy":"product_brand","embeddable":true,"href":"https:\/\/libreriaelprincipito.com\/index.php?rest_route=%2Fwp%2Fv2%2Fproduct_brand&post=16577"},{"taxonomy":"product_cat","embeddable":true,"href":"https:\/\/libreriaelprincipito.com\/index.php?rest_route=%2Fwp%2Fv2%2Fproduct_cat&post=16577"},{"taxonomy":"product_tag","embeddable":true,"href":"https:\/\/libreriaelprincipito.com\/index.php?rest_route=%2Fwp%2Fv2%2Fproduct_tag&post=16577"}],"curies":[{"name":"wp","href":"https:\/\/api.w.org\/{rel}","templated":true}]}}