{"id":16578,"date":"2026-02-06T04:36:00","date_gmt":"2026-02-06T04:36:00","guid":{"rendered":"https:\/\/libreriaelprincipito.com\/?post_type=product&#038;p=16578"},"modified":"2026-03-06T15:14:29","modified_gmt":"2026-03-06T15:14:29","slug":"dali-mini-biografia","status":"publish","type":"product","link":"https:\/\/libreriaelprincipito.com\/?product=dali-mini-biografia","title":{"rendered":"DALI (MINI BIOGRAFIA)"},"content":{"rendered":"<p>Salvador Dal\u00ed no s\u00f3lo destaca como gran pintor y uno de los mejores dibujantes de todos los tiempos, su gran creatividad le llev\u00f3 adem\u00e1s a adentrarse con \u00e9xito en el cine, la escultura, la ilustraci\u00f3n de libros, el dise\u00f1o, la moda, la publicidad, la novela&#8230;Este libro, lleno de datos, curiosidades, recuadros y preciosas ilustraciones, ofrece a los j\u00f3venes lectores una forma entretenida y diferente de adentrarse en la biograf\u00eda de uno de los artistas m\u00e1s extravagantes de nuestro pa\u00eds.<\/p>\n<p>&nbsp;<\/p>\n<p>DETALLES DEL PRODUCTO:<\/p>\n<p>ISBS: 9788467715231<\/p>\n<p>C\u00f3digo: 275005<\/p>\n<p>P\u00e1ginas: 72 p\u00e1ginas.<\/p>\n<p>Tama\u00f1o: Formato 17,7 x 23. Carton\u00e9 con cubierta plastificada brillo y texto en relieve<\/p>\n","protected":false},"excerpt":{"rendered":"<p>Salvador Dal\u00ed no s\u00f3lo destaca como gran pintor y uno de los mejores dibujantes de todos los tiempos, su gran creatividad le llev\u00f3 adem\u00e1s a adentrarse con \u00e9xito en el cine, la escultura, la ilustraci\u00f3n de libros, el dise\u00f1o, la moda, la publicidad, la novela&#8230;Este libro, lleno de datos, curiosidades, recuadros y preciosas ilustraciones, ofrece a los j\u00f3venes lectores una forma entretenida y diferente de adentrarse en la biograf\u00eda de uno de los artistas m\u00e1s extravagantes de nuestro pa\u00eds.<\/p>\n<p>Edad: Desde 8 a\u00f1os.<\/p>\n","protected":false},"featured_media":19144,"comment_status":"open","ping_status":"closed","template":"","meta":[],"product_brand":[],"product_cat":[74,81],"product_tag":[],"class_list":{"0":"post-16578","1":"product","2":"type-product","3":"status-publish","4":"has-post-thumbnail","6":"product_cat-infantil","7":"product_cat-plan-lector","9":"first","10":"instock","11":"shipping-taxable","12":"purchasable","13":"product-type-simple"},"jetpack_sharing_enabled":true,"_links":{"self":[{"href":"https:\/\/libreriaelprincipito.com\/index.php?rest_route=\/wp\/v2\/product\/16578","targetHints":{"allow":["GET"]}}],"collection":[{"href":"https:\/\/libreriaelprincipito.com\/index.php?rest_route=\/wp\/v2\/product"}],"about":[{"href":"https:\/\/libreriaelprincipito.com\/index.php?rest_route=\/wp\/v2\/types\/product"}],"replies":[{"embeddable":true,"href":"https:\/\/libreriaelprincipito.com\/index.php?rest_route=%2Fwp%2Fv2%2Fcomments&post=16578"}],"version-history":[{"count":2,"href":"https:\/\/libreriaelprincipito.com\/index.php?rest_route=\/wp\/v2\/product\/16578\/revisions"}],"predecessor-version":[{"id":19145,"href":"https:\/\/libreriaelprincipito.com\/index.php?rest_route=\/wp\/v2\/product\/16578\/revisions\/19145"}],"wp:featuredmedia":[{"embeddable":true,"href":"https:\/\/libreriaelprincipito.com\/index.php?rest_route=\/wp\/v2\/media\/19144"}],"wp:attachment":[{"href":"https:\/\/libreriaelprincipito.com\/index.php?rest_route=%2Fwp%2Fv2%2Fmedia&parent=16578"}],"wp:term":[{"taxonomy":"product_brand","embeddable":true,"href":"https:\/\/libreriaelprincipito.com\/index.php?rest_route=%2Fwp%2Fv2%2Fproduct_brand&post=16578"},{"taxonomy":"product_cat","embeddable":true,"href":"https:\/\/libreriaelprincipito.com\/index.php?rest_route=%2Fwp%2Fv2%2Fproduct_cat&post=16578"},{"taxonomy":"product_tag","embeddable":true,"href":"https:\/\/libreriaelprincipito.com\/index.php?rest_route=%2Fwp%2Fv2%2Fproduct_tag&post=16578"}],"curies":[{"name":"wp","href":"https:\/\/api.w.org\/{rel}","templated":true}]}}