{"id":16581,"date":"2026-02-06T04:36:00","date_gmt":"2026-02-06T04:36:00","guid":{"rendered":"https:\/\/libreriaelprincipito.com\/?post_type=product&#038;p=16581"},"modified":"2026-03-06T16:20:51","modified_gmt":"2026-03-06T16:20:51","slug":"marco-polo-mini-biografia","status":"publish","type":"product","link":"https:\/\/libreriaelprincipito.com\/?product=marco-polo-mini-biografia","title":{"rendered":"MARCO POLO (MINI BIOGRAFIA)"},"content":{"rendered":"<p>Gracias a Marco Polo, comerciante veneciano, escritor y diplom\u00e1tico, los horizontes del mundo se engrandecieron hasta hacerse universales; \u00e9l realiz\u00f3 el viaje m\u00e1s largo de la historia hasta ese momento y lo dej\u00f3 escrito para la posteridad. Este libro, lleno de datos, curiosidades, recuadros y preciosas ilustraciones, ofrece a los j\u00f3venes lectores una forma entretenida y diferente de adentrarse en la biograf\u00eda del viajero m\u00e1s famoso de la Historia.<\/p>\n<p>&nbsp;<\/p>\n<p>DETALLES DEL PRODUCTO:<\/p>\n<p>ISBS: 9788467715262<\/p>\n<p>C\u00f3digo: 275008<\/p>\n<p>P\u00e1ginas: 32 p\u00e1ginas.<\/p>\n<p>Tama\u00f1o: Formato 17,7 x 23. Carton\u00e9 con cubierta plastificada brillo y texto en relieve<\/p>\n","protected":false},"excerpt":{"rendered":"<p>Gracias a Marco Polo, comerciante veneciano, escritor y diplom\u00e1tico, los horizontes del mundo se engrandecieron hasta hacerse universales; \u00e9l realiz\u00f3 el viaje m\u00e1s largo de la historia hasta ese momento y lo dej\u00f3 escrito para la posteridad. Este libro, lleno de datos, curiosidades, recuadros y preciosas ilustraciones, ofrece a los j\u00f3venes lectores una forma entretenida y diferente de adentrarse en la biograf\u00eda del viajero m\u00e1s famoso de la Historia.<\/p>\n<p>Edad: Desde 8 a\u00f1os.<\/p>\n","protected":false},"featured_media":19167,"comment_status":"open","ping_status":"closed","template":"","meta":[],"product_brand":[],"product_cat":[74,81],"product_tag":[],"class_list":{"0":"post-16581","1":"product","2":"type-product","3":"status-publish","4":"has-post-thumbnail","6":"product_cat-infantil","7":"product_cat-plan-lector","9":"first","10":"instock","11":"shipping-taxable","12":"purchasable","13":"product-type-simple"},"jetpack_sharing_enabled":true,"_links":{"self":[{"href":"https:\/\/libreriaelprincipito.com\/index.php?rest_route=\/wp\/v2\/product\/16581","targetHints":{"allow":["GET"]}}],"collection":[{"href":"https:\/\/libreriaelprincipito.com\/index.php?rest_route=\/wp\/v2\/product"}],"about":[{"href":"https:\/\/libreriaelprincipito.com\/index.php?rest_route=\/wp\/v2\/types\/product"}],"replies":[{"embeddable":true,"href":"https:\/\/libreriaelprincipito.com\/index.php?rest_route=%2Fwp%2Fv2%2Fcomments&post=16581"}],"version-history":[{"count":1,"href":"https:\/\/libreriaelprincipito.com\/index.php?rest_route=\/wp\/v2\/product\/16581\/revisions"}],"predecessor-version":[{"id":16627,"href":"https:\/\/libreriaelprincipito.com\/index.php?rest_route=\/wp\/v2\/product\/16581\/revisions\/16627"}],"wp:featuredmedia":[{"embeddable":true,"href":"https:\/\/libreriaelprincipito.com\/index.php?rest_route=\/wp\/v2\/media\/19167"}],"wp:attachment":[{"href":"https:\/\/libreriaelprincipito.com\/index.php?rest_route=%2Fwp%2Fv2%2Fmedia&parent=16581"}],"wp:term":[{"taxonomy":"product_brand","embeddable":true,"href":"https:\/\/libreriaelprincipito.com\/index.php?rest_route=%2Fwp%2Fv2%2Fproduct_brand&post=16581"},{"taxonomy":"product_cat","embeddable":true,"href":"https:\/\/libreriaelprincipito.com\/index.php?rest_route=%2Fwp%2Fv2%2Fproduct_cat&post=16581"},{"taxonomy":"product_tag","embeddable":true,"href":"https:\/\/libreriaelprincipito.com\/index.php?rest_route=%2Fwp%2Fv2%2Fproduct_tag&post=16581"}],"curies":[{"name":"wp","href":"https:\/\/api.w.org\/{rel}","templated":true}]}}