{"id":16584,"date":"2026-02-06T04:36:00","date_gmt":"2026-02-06T04:36:00","guid":{"rendered":"https:\/\/libreriaelprincipito.com\/?post_type=product&#038;p=16584"},"modified":"2026-02-17T20:12:56","modified_gmt":"2026-02-17T20:12:56","slug":"frida-kahlo-mini-biografia","status":"publish","type":"product","link":"https:\/\/libreriaelprincipito.com\/?product=frida-kahlo-mini-biografia","title":{"rendered":"FRIDA KAHLO (MINI BIOGRAFIA)"},"content":{"rendered":"<p>Cuando falleci\u00f3, Frida Kahlo no era demasiado conocida, al menos fuera de M\u00e9xico. Hoy, cumplido el centenario de su nacimiento, es la pintora m\u00e1s cotizada de la historia. Se ha convertido, m\u00e1s all\u00e1 de su indiscutible calidad art\u00edstica, no solo en un icono de la naci\u00f3n mexicana, sino tambi\u00e9n de los movimientos feministas de todo el mundo. \u00bfQu\u00e9 ha sucedido? Nadie lo sabe a ciencia cierta. Pero acaso tenga que ver con la compasi\u00f3n y admiraci\u00f3n que provoca esta mujer tan d\u00e9bil y, a la vez, tan fuerte. Este libro, lleno de datos, curiosidades, recuadros y preciosas ilustraciones, ofrece a los j\u00f3venes lectores una forma entretenida y diferente de adentrarse en la biograf\u00eda de una de las artistas m\u00e1s importantes del siglo XX.<\/p>\n<p>&nbsp;<\/p>\n<p>DETALLES DEL PRODUCTO:<\/p>\n<p>ISBS: 9788467722239<\/p>\n<p>C\u00f3digo: 275011<\/p>\n<p>P\u00e1ginas: 40 p\u00e1ginas.<\/p>\n<p>Tama\u00f1o: Formato 17,7 x 23. Carton\u00e9 con cubierta plastificada brillo y texto en relieve<\/p>\n","protected":false},"excerpt":{"rendered":"<p>Cuando falleci\u00f3, Frida Kahlo no era demasiado conocida, al menos fuera de M\u00e9xico. Hoy, cumplido el centenario de su nacimiento, es la pintora m\u00e1s cotizada de la historia. Se ha convertido, m\u00e1s all\u00e1 de su indiscutible calidad art\u00edstica, no solo en un icono de la naci\u00f3n mexicana, sino tambi\u00e9n de los movimientos feministas de todo el mundo. \u00bfQu\u00e9 ha sucedido? Nadie lo sabe a ciencia cierta. Pero acaso tenga que ver con la compasi\u00f3n y admiraci\u00f3n que provoca esta mujer tan d\u00e9bil y, a la vez, tan fuerte. Este libro, lleno de datos, curiosidades, recuadros y preciosas ilustraciones, ofrece a los j\u00f3venes lectores una forma entretenida y diferente de adentrarse en la biograf\u00eda de una de las artistas m\u00e1s importantes del siglo XX.<\/p>\n<p>Edad: Desde 8 a\u00f1os.<\/p>\n","protected":false},"featured_media":18576,"comment_status":"open","ping_status":"closed","template":"","meta":[],"product_brand":[],"product_cat":[74,81],"product_tag":[],"class_list":{"0":"post-16584","1":"product","2":"type-product","3":"status-publish","4":"has-post-thumbnail","6":"product_cat-infantil","7":"product_cat-plan-lector","9":"first","10":"instock","11":"shipping-taxable","12":"purchasable","13":"product-type-simple"},"jetpack_sharing_enabled":true,"_links":{"self":[{"href":"https:\/\/libreriaelprincipito.com\/index.php?rest_route=\/wp\/v2\/product\/16584","targetHints":{"allow":["GET"]}}],"collection":[{"href":"https:\/\/libreriaelprincipito.com\/index.php?rest_route=\/wp\/v2\/product"}],"about":[{"href":"https:\/\/libreriaelprincipito.com\/index.php?rest_route=\/wp\/v2\/types\/product"}],"replies":[{"embeddable":true,"href":"https:\/\/libreriaelprincipito.com\/index.php?rest_route=%2Fwp%2Fv2%2Fcomments&post=16584"}],"version-history":[{"count":1,"href":"https:\/\/libreriaelprincipito.com\/index.php?rest_route=\/wp\/v2\/product\/16584\/revisions"}],"predecessor-version":[{"id":16633,"href":"https:\/\/libreriaelprincipito.com\/index.php?rest_route=\/wp\/v2\/product\/16584\/revisions\/16633"}],"wp:featuredmedia":[{"embeddable":true,"href":"https:\/\/libreriaelprincipito.com\/index.php?rest_route=\/wp\/v2\/media\/18576"}],"wp:attachment":[{"href":"https:\/\/libreriaelprincipito.com\/index.php?rest_route=%2Fwp%2Fv2%2Fmedia&parent=16584"}],"wp:term":[{"taxonomy":"product_brand","embeddable":true,"href":"https:\/\/libreriaelprincipito.com\/index.php?rest_route=%2Fwp%2Fv2%2Fproduct_brand&post=16584"},{"taxonomy":"product_cat","embeddable":true,"href":"https:\/\/libreriaelprincipito.com\/index.php?rest_route=%2Fwp%2Fv2%2Fproduct_cat&post=16584"},{"taxonomy":"product_tag","embeddable":true,"href":"https:\/\/libreriaelprincipito.com\/index.php?rest_route=%2Fwp%2Fv2%2Fproduct_tag&post=16584"}],"curies":[{"name":"wp","href":"https:\/\/api.w.org\/{rel}","templated":true}]}}