{"id":16585,"date":"2026-02-06T04:36:00","date_gmt":"2026-02-06T04:36:00","guid":{"rendered":"https:\/\/libreriaelprincipito.com\/?post_type=product&#038;p=16585"},"modified":"2026-02-17T20:11:47","modified_gmt":"2026-02-17T20:11:47","slug":"marie-curie-mini-biografia","status":"publish","type":"product","link":"https:\/\/libreriaelprincipito.com\/?product=marie-curie-mini-biografia","title":{"rendered":"MARIE CURIE (MINI BIOGRAFIA)"},"content":{"rendered":"<p>Mar\u00eda Sklodowska, m\u00e1s tarde conocida como Marie Curie, ha sido la cient\u00edfica m\u00e1s importante que ha existido. Trabajadora incansable, inteligente como pocas, fue la primera mujer en doctorarse en la universidad, la primera en acceder a una c\u00e1tedra, la primera en recibir un premio Nobel&#8230; Revaloriz\u00f3 la dignidad de las mujeres en el trabajo y en la sociedad cuando corr\u00edan tiempos en los que la igualdad con los hombres era una utop\u00eda. Este libro, lleno de datos, curiosidades, recuadros y preciosas ilustraciones, ofrece a los j\u00f3venes lectores una forma entretenida y diferente de adentrarse en la biograf\u00eda de una de las mujeres m\u00e1s importantes de la Historia.<\/p>\n<p>&nbsp;<\/p>\n<p>DETALLES DEL PRODUCTO:<\/p>\n<p>ISBS: 9788467722246<\/p>\n<p>C\u00f3digo: 275012<\/p>\n<p>P\u00e1ginas: 40 p\u00e1ginas.<\/p>\n<p>Tama\u00f1o: Formato 17,7 x 23. Carton\u00e9 con cubierta plastificada brillo y texto en relieve<\/p>\n","protected":false},"excerpt":{"rendered":"<p>Mar\u00eda Sklodowska, m\u00e1s tarde conocida como Marie Curie, ha sido la cient\u00edfica m\u00e1s importante que ha existido. Trabajadora incansable, inteligente como pocas, fue la primera mujer en doctorarse en la universidad, la primera en acceder a una c\u00e1tedra, la primera en recibir un premio Nobel&#8230; Revaloriz\u00f3 la dignidad de las mujeres en el trabajo y en la sociedad cuando corr\u00edan tiempos en los que la igualdad con los hombres era una utop\u00eda. Este libro, lleno de datos, curiosidades, recuadros y preciosas ilustraciones, ofrece a los j\u00f3venes lectores una forma entretenida y diferente de adentrarse en la biograf\u00eda de una de las mujeres m\u00e1s importantes de la Historia.<\/p>\n<p>Edad: Desde 8 a\u00f1os.<\/p>\n","protected":false},"featured_media":18575,"comment_status":"open","ping_status":"closed","template":"","meta":[],"product_brand":[],"product_cat":[74,81],"product_tag":[],"class_list":{"0":"post-16585","1":"product","2":"type-product","3":"status-publish","4":"has-post-thumbnail","6":"product_cat-infantil","7":"product_cat-plan-lector","9":"first","10":"instock","11":"shipping-taxable","12":"purchasable","13":"product-type-simple"},"jetpack_sharing_enabled":true,"_links":{"self":[{"href":"https:\/\/libreriaelprincipito.com\/index.php?rest_route=\/wp\/v2\/product\/16585","targetHints":{"allow":["GET"]}}],"collection":[{"href":"https:\/\/libreriaelprincipito.com\/index.php?rest_route=\/wp\/v2\/product"}],"about":[{"href":"https:\/\/libreriaelprincipito.com\/index.php?rest_route=\/wp\/v2\/types\/product"}],"replies":[{"embeddable":true,"href":"https:\/\/libreriaelprincipito.com\/index.php?rest_route=%2Fwp%2Fv2%2Fcomments&post=16585"}],"version-history":[{"count":1,"href":"https:\/\/libreriaelprincipito.com\/index.php?rest_route=\/wp\/v2\/product\/16585\/revisions"}],"predecessor-version":[{"id":16635,"href":"https:\/\/libreriaelprincipito.com\/index.php?rest_route=\/wp\/v2\/product\/16585\/revisions\/16635"}],"wp:featuredmedia":[{"embeddable":true,"href":"https:\/\/libreriaelprincipito.com\/index.php?rest_route=\/wp\/v2\/media\/18575"}],"wp:attachment":[{"href":"https:\/\/libreriaelprincipito.com\/index.php?rest_route=%2Fwp%2Fv2%2Fmedia&parent=16585"}],"wp:term":[{"taxonomy":"product_brand","embeddable":true,"href":"https:\/\/libreriaelprincipito.com\/index.php?rest_route=%2Fwp%2Fv2%2Fproduct_brand&post=16585"},{"taxonomy":"product_cat","embeddable":true,"href":"https:\/\/libreriaelprincipito.com\/index.php?rest_route=%2Fwp%2Fv2%2Fproduct_cat&post=16585"},{"taxonomy":"product_tag","embeddable":true,"href":"https:\/\/libreriaelprincipito.com\/index.php?rest_route=%2Fwp%2Fv2%2Fproduct_tag&post=16585"}],"curies":[{"name":"wp","href":"https:\/\/api.w.org\/{rel}","templated":true}]}}