{"id":16587,"date":"2026-02-06T04:36:00","date_gmt":"2026-02-06T04:36:00","guid":{"rendered":"https:\/\/libreriaelprincipito.com\/?post_type=product&#038;p=16587"},"modified":"2026-02-17T20:09:57","modified_gmt":"2026-02-17T20:09:57","slug":"isaac-newton-mini-biografia","status":"publish","type":"product","link":"https:\/\/libreriaelprincipito.com\/?product=isaac-newton-mini-biografia","title":{"rendered":"ISAAC NEWTON (MINI\u00a0BIOGRAFIA)"},"content":{"rendered":"<p>Isaac Newton, una de las mentes m\u00e1s extraordinarias de la historia, considerado por muchos como uno de los padres de la ciencia moderna por sus trascendentales aportaciones a la f\u00edsica y la matem\u00e1tica, fue en realidad mucho m\u00e1s que un cient\u00edfico. Su personalidad polifac\u00e9tica le llev\u00f3 tambi\u00e9n a destacar como fil\u00f3sofo, pol\u00edtico, alquimista y te\u00f3logo. Un libro fant\u00e1stico para conocer mejor a este incre\u00edble personaje de la historia de la ciencia.<\/p>\n<p>&nbsp;<\/p>\n<p>DETALLES DEL PRODUCTO:<\/p>\n<p>ISBS: 9788467727296<\/p>\n<p>C\u00f3digo: 275016<\/p>\n<p>P\u00e1ginas: 40 p\u00e1ginas.<\/p>\n<p>Tama\u00f1o: Formato 17,7 x 23. Carton\u00e9 con cubierta plastificada brillo y texto en relieve<\/p>\n","protected":false},"excerpt":{"rendered":"<p>Isaac Newton, una de las mentes m\u00e1s extraordinarias de la historia, considerado por muchos como uno de los padres de la ciencia moderna por sus trascendentales aportaciones a la f\u00edsica y la matem\u00e1tica, fue en realidad mucho m\u00e1s que un cient\u00edfico. Su personalidad polifac\u00e9tica le llev\u00f3 tambi\u00e9n a destacar como fil\u00f3sofo, pol\u00edtico, alquimista y te\u00f3logo. Un libro fant\u00e1stico para conocer mejor a este incre\u00edble personaje de la historia de la ciencia.<\/p>\n<p>Edad: Desde 8 a\u00f1os.<\/p>\n","protected":false},"featured_media":18573,"comment_status":"open","ping_status":"closed","template":"","meta":[],"product_brand":[],"product_cat":[74,81],"product_tag":[],"class_list":{"0":"post-16587","1":"product","2":"type-product","3":"status-publish","4":"has-post-thumbnail","6":"product_cat-infantil","7":"product_cat-plan-lector","9":"first","10":"instock","11":"shipping-taxable","12":"purchasable","13":"product-type-simple"},"jetpack_sharing_enabled":true,"_links":{"self":[{"href":"https:\/\/libreriaelprincipito.com\/index.php?rest_route=\/wp\/v2\/product\/16587","targetHints":{"allow":["GET"]}}],"collection":[{"href":"https:\/\/libreriaelprincipito.com\/index.php?rest_route=\/wp\/v2\/product"}],"about":[{"href":"https:\/\/libreriaelprincipito.com\/index.php?rest_route=\/wp\/v2\/types\/product"}],"replies":[{"embeddable":true,"href":"https:\/\/libreriaelprincipito.com\/index.php?rest_route=%2Fwp%2Fv2%2Fcomments&post=16587"}],"version-history":[{"count":1,"href":"https:\/\/libreriaelprincipito.com\/index.php?rest_route=\/wp\/v2\/product\/16587\/revisions"}],"predecessor-version":[{"id":16639,"href":"https:\/\/libreriaelprincipito.com\/index.php?rest_route=\/wp\/v2\/product\/16587\/revisions\/16639"}],"wp:featuredmedia":[{"embeddable":true,"href":"https:\/\/libreriaelprincipito.com\/index.php?rest_route=\/wp\/v2\/media\/18573"}],"wp:attachment":[{"href":"https:\/\/libreriaelprincipito.com\/index.php?rest_route=%2Fwp%2Fv2%2Fmedia&parent=16587"}],"wp:term":[{"taxonomy":"product_brand","embeddable":true,"href":"https:\/\/libreriaelprincipito.com\/index.php?rest_route=%2Fwp%2Fv2%2Fproduct_brand&post=16587"},{"taxonomy":"product_cat","embeddable":true,"href":"https:\/\/libreriaelprincipito.com\/index.php?rest_route=%2Fwp%2Fv2%2Fproduct_cat&post=16587"},{"taxonomy":"product_tag","embeddable":true,"href":"https:\/\/libreriaelprincipito.com\/index.php?rest_route=%2Fwp%2Fv2%2Fproduct_tag&post=16587"}],"curies":[{"name":"wp","href":"https:\/\/api.w.org\/{rel}","templated":true}]}}