{"id":16589,"date":"2026-02-06T04:36:00","date_gmt":"2026-02-06T04:36:00","guid":{"rendered":"https:\/\/libreriaelprincipito.com\/?post_type=product&#038;p=16589"},"modified":"2026-02-17T20:07:23","modified_gmt":"2026-02-17T20:07:23","slug":"juana-de-arco-mini-biografia","status":"publish","type":"product","link":"https:\/\/libreriaelprincipito.com\/?product=juana-de-arco-mini-biografia","title":{"rendered":"JUANA DE ARCO (MINI BIOGRAFIA)"},"content":{"rendered":"<p>\u00c9rase una vez, en el siglo XV, una joven campesina analfabeta que nunca hab\u00eda salido de su pueblo. Un d\u00eda escuch\u00f3 unas extra\u00f1as voces que le ordenaban liberar a Francia de los ingleses y coronar rey a un pr\u00edncipe destituido.Gan\u00f3 numerosas plazas sin matar a nadie ni tener idea de estrategias militares. Fue posteriormente capturada, juzgada y condenada por bruja y hereje. La quemaron viva cuando solo ten\u00eda diecinueve a\u00f1os. Siglos despu\u00e9s, fue canonizada y nombrada patrona de Francia. Un libro para conocer mucho mejor a este importante personaje hist\u00f3rico y legendario, con preciosas ilustraciones y un texto sencillo y din\u00e1mico.<\/p>\n<p>&nbsp;<\/p>\n<p>DETALLES DEL PRODUCTO:<\/p>\n<p>ISBS: 9788467728408<\/p>\n<p>C\u00f3digo: 275018<\/p>\n<p>P\u00e1ginas: 40 p\u00e1ginas.<\/p>\n<p>Tama\u00f1o: Formato 17,7 x 23. Carton\u00e9 con cubierta plastificada brillo y texto en relieve<\/p>\n","protected":false},"excerpt":{"rendered":"<p>\u00c9rase una vez, en el siglo XV, una joven campesina analfabeta que nunca hab\u00eda salido de su pueblo. Un d\u00eda escuch\u00f3 unas extra\u00f1as voces que le ordenaban liberar a Francia de los ingleses y coronar rey a un pr\u00edncipe destituido.Gan\u00f3 numerosas plazas sin matar a nadie ni tener idea de estrategias militares. Fue posteriormente capturada, juzgada y condenada por bruja y hereje. La quemaron viva cuando solo ten\u00eda diecinueve a\u00f1os. Siglos despu\u00e9s, fue canonizada y nombrada patrona de Francia. Un libro para conocer mucho mejor a este importante personaje hist\u00f3rico y legendario, con preciosas ilustraciones y un texto sencillo y din\u00e1mico.<\/p>\n<p>Edad: Desde 8 a\u00f1os.<\/p>\n","protected":false},"featured_media":18571,"comment_status":"open","ping_status":"closed","template":"","meta":[],"product_brand":[],"product_cat":[74,81],"product_tag":[],"class_list":{"0":"post-16589","1":"product","2":"type-product","3":"status-publish","4":"has-post-thumbnail","6":"product_cat-infantil","7":"product_cat-plan-lector","9":"first","10":"instock","11":"shipping-taxable","12":"purchasable","13":"product-type-simple"},"jetpack_sharing_enabled":true,"_links":{"self":[{"href":"https:\/\/libreriaelprincipito.com\/index.php?rest_route=\/wp\/v2\/product\/16589","targetHints":{"allow":["GET"]}}],"collection":[{"href":"https:\/\/libreriaelprincipito.com\/index.php?rest_route=\/wp\/v2\/product"}],"about":[{"href":"https:\/\/libreriaelprincipito.com\/index.php?rest_route=\/wp\/v2\/types\/product"}],"replies":[{"embeddable":true,"href":"https:\/\/libreriaelprincipito.com\/index.php?rest_route=%2Fwp%2Fv2%2Fcomments&post=16589"}],"version-history":[{"count":1,"href":"https:\/\/libreriaelprincipito.com\/index.php?rest_route=\/wp\/v2\/product\/16589\/revisions"}],"predecessor-version":[{"id":16643,"href":"https:\/\/libreriaelprincipito.com\/index.php?rest_route=\/wp\/v2\/product\/16589\/revisions\/16643"}],"wp:featuredmedia":[{"embeddable":true,"href":"https:\/\/libreriaelprincipito.com\/index.php?rest_route=\/wp\/v2\/media\/18571"}],"wp:attachment":[{"href":"https:\/\/libreriaelprincipito.com\/index.php?rest_route=%2Fwp%2Fv2%2Fmedia&parent=16589"}],"wp:term":[{"taxonomy":"product_brand","embeddable":true,"href":"https:\/\/libreriaelprincipito.com\/index.php?rest_route=%2Fwp%2Fv2%2Fproduct_brand&post=16589"},{"taxonomy":"product_cat","embeddable":true,"href":"https:\/\/libreriaelprincipito.com\/index.php?rest_route=%2Fwp%2Fv2%2Fproduct_cat&post=16589"},{"taxonomy":"product_tag","embeddable":true,"href":"https:\/\/libreriaelprincipito.com\/index.php?rest_route=%2Fwp%2Fv2%2Fproduct_tag&post=16589"}],"curies":[{"name":"wp","href":"https:\/\/api.w.org\/{rel}","templated":true}]}}