{"id":16590,"date":"2026-02-06T04:36:00","date_gmt":"2026-02-06T04:36:00","guid":{"rendered":"https:\/\/libreriaelprincipito.com\/?post_type=product&#038;p=16590"},"modified":"2026-03-06T16:39:37","modified_gmt":"2026-03-06T16:39:37","slug":"goya-mini-biografia","status":"publish","type":"product","link":"https:\/\/libreriaelprincipito.com\/?product=goya-mini-biografia","title":{"rendered":"GOYA (MINI BIOGRAFIA)"},"content":{"rendered":"<p>Francisco de Goya, el genial pintor que se adelant\u00f3 a su tiempo, fue un incomprendido. Este aragon\u00e9s universal, apasionado, de indomable car\u00e1cter, sincero, patriota, independiente y triunfador, termin\u00f3 su dilatada vida en el exilio, casi olvidado, y desenga\u00f1ado de los caprichosos vaivenes de la fama y la pol\u00edtica. Nos dej\u00f3 una abundante y variad\u00edsima obra pict\u00f3rica que le convierten en un artista irrepetible y de gran influencia en el arte posterior.<\/p>\n<p>&nbsp;<\/p>\n<p>DETALLES DEL PRODUCTO:<\/p>\n<p>ISBS: 9788467732412<\/p>\n<p>C\u00f3digo: 275019<\/p>\n<p>P\u00e1ginas: 40 p\u00e1ginas.<\/p>\n<p>Tama\u00f1o: Formato 17,7 x 23. Carton\u00e9 con cubierta plastificada brillo y texto en relieve<\/p>\n","protected":false},"excerpt":{"rendered":"<p>Francisco de Goya, el genial pintor que se adelant\u00f3 a su tiempo, fue un incomprendido. Este aragon\u00e9s universal, apasionado, de indomable car\u00e1cter, sincero, patriota, independiente y triunfador, termin\u00f3 su dilatada vida en el exilio, casi olvidado, y desenga\u00f1ado de los caprichosos vaivenes de la fama y la pol\u00edtica. Nos dej\u00f3 una abundante y variad\u00edsima obra pict\u00f3rica que le convierten en un artista irrepetible y de gran influencia en el arte posterior.<\/p>\n<p>Edad: Desde 8 a\u00f1os.<\/p>\n","protected":false},"featured_media":19177,"comment_status":"open","ping_status":"closed","template":"","meta":[],"product_brand":[],"product_cat":[74,81],"product_tag":[],"class_list":{"0":"post-16590","1":"product","2":"type-product","3":"status-publish","4":"has-post-thumbnail","6":"product_cat-infantil","7":"product_cat-plan-lector","9":"first","10":"instock","11":"shipping-taxable","12":"purchasable","13":"product-type-simple"},"jetpack_sharing_enabled":true,"_links":{"self":[{"href":"https:\/\/libreriaelprincipito.com\/index.php?rest_route=\/wp\/v2\/product\/16590","targetHints":{"allow":["GET"]}}],"collection":[{"href":"https:\/\/libreriaelprincipito.com\/index.php?rest_route=\/wp\/v2\/product"}],"about":[{"href":"https:\/\/libreriaelprincipito.com\/index.php?rest_route=\/wp\/v2\/types\/product"}],"replies":[{"embeddable":true,"href":"https:\/\/libreriaelprincipito.com\/index.php?rest_route=%2Fwp%2Fv2%2Fcomments&post=16590"}],"version-history":[{"count":1,"href":"https:\/\/libreriaelprincipito.com\/index.php?rest_route=\/wp\/v2\/product\/16590\/revisions"}],"predecessor-version":[{"id":16645,"href":"https:\/\/libreriaelprincipito.com\/index.php?rest_route=\/wp\/v2\/product\/16590\/revisions\/16645"}],"wp:featuredmedia":[{"embeddable":true,"href":"https:\/\/libreriaelprincipito.com\/index.php?rest_route=\/wp\/v2\/media\/19177"}],"wp:attachment":[{"href":"https:\/\/libreriaelprincipito.com\/index.php?rest_route=%2Fwp%2Fv2%2Fmedia&parent=16590"}],"wp:term":[{"taxonomy":"product_brand","embeddable":true,"href":"https:\/\/libreriaelprincipito.com\/index.php?rest_route=%2Fwp%2Fv2%2Fproduct_brand&post=16590"},{"taxonomy":"product_cat","embeddable":true,"href":"https:\/\/libreriaelprincipito.com\/index.php?rest_route=%2Fwp%2Fv2%2Fproduct_cat&post=16590"},{"taxonomy":"product_tag","embeddable":true,"href":"https:\/\/libreriaelprincipito.com\/index.php?rest_route=%2Fwp%2Fv2%2Fproduct_tag&post=16590"}],"curies":[{"name":"wp","href":"https:\/\/api.w.org\/{rel}","templated":true}]}}