{"id":16591,"date":"2026-02-06T04:36:01","date_gmt":"2026-02-06T04:36:01","guid":{"rendered":"https:\/\/libreriaelprincipito.com\/?post_type=product&#038;p=16591"},"modified":"2026-02-17T20:38:58","modified_gmt":"2026-02-17T20:38:58","slug":"gutenberg-mini-biografia","status":"publish","type":"product","link":"https:\/\/libreriaelprincipito.com\/?product=gutenberg-mini-biografia","title":{"rendered":"GUTENBERG (MINI BIOGRAFIA)"},"content":{"rendered":"<p>Johannes Gutenberg, al inventar la imprenta, origin\u00f3 una revoluci\u00f3n hist\u00f3rica de dimensiones gigantescas. Gracias a su imprenta, el mayor avance cultural del milenio, pudieron publicarse libros en serie en lugar de fabricarlos de uno en uno. Eso signific\u00f3 que la escritura se convirti\u00f3 en la forma m\u00e1s r\u00e1pida, extensa y duradera de difundir el saber. Innumerables personas aprendieron a leer. El mundo dej\u00f3 de ser analfabeto. Fue el comienzo de una era (conocida como \u00abgalaxia Gutenberg\u00bb, la civilizaci\u00f3n de la letra impresa) que no ha parado de enriquecerse en el tiempo, hasta el siglo XXI, con el principio de otra gran revolusci\u00f3n: Internet y el libro electr\u00f3nico.<\/p>\n<p>&nbsp;<\/p>\n<p>DETALLES DEL PRODUCTO:<\/p>\n<p>ISBS: 9788467732429<\/p>\n<p>C\u00f3digo: 275020<\/p>\n<p>P\u00e1ginas: 40 p\u00e1ginas.<\/p>\n<p>Tama\u00f1o: Formato 17,7 x 23. Carton\u00e9 con cubierta plastificada brillo y texto en relieve<\/p>\n","protected":false},"excerpt":{"rendered":"<p>Johannes Gutenberg, al inventar la imprenta, origin\u00f3 una revoluci\u00f3n hist\u00f3rica de dimensiones gigantescas. Gracias a su imprenta, el mayor avance cultural del milenio, pudieron publicarse libros en serie en lugar de fabricarlos de uno en uno. Eso signific\u00f3 que la escritura se convirti\u00f3 en la forma m\u00e1s r\u00e1pida, extensa y duradera de difundir el saber. Innumerables personas aprendieron a leer. El mundo dej\u00f3 de ser analfabeto. Fue el comienzo de una era (conocida como \u00abgalaxia Gutenberg\u00bb, la civilizaci\u00f3n de la letra impresa) que no ha parado de enriquecerse en el tiempo, hasta el siglo XXI, con el principio de otra gran revolusci\u00f3n: Internet y el libro electr\u00f3nico.<\/p>\n<p>Edad: Desde 8 a\u00f1os.<\/p>\n","protected":false},"featured_media":18583,"comment_status":"open","ping_status":"closed","template":"","meta":[],"product_brand":[],"product_cat":[74,81],"product_tag":[],"class_list":{"0":"post-16591","1":"product","2":"type-product","3":"status-publish","4":"has-post-thumbnail","6":"product_cat-infantil","7":"product_cat-plan-lector","9":"first","10":"instock","11":"shipping-taxable","12":"purchasable","13":"product-type-simple"},"jetpack_sharing_enabled":true,"_links":{"self":[{"href":"https:\/\/libreriaelprincipito.com\/index.php?rest_route=\/wp\/v2\/product\/16591","targetHints":{"allow":["GET"]}}],"collection":[{"href":"https:\/\/libreriaelprincipito.com\/index.php?rest_route=\/wp\/v2\/product"}],"about":[{"href":"https:\/\/libreriaelprincipito.com\/index.php?rest_route=\/wp\/v2\/types\/product"}],"replies":[{"embeddable":true,"href":"https:\/\/libreriaelprincipito.com\/index.php?rest_route=%2Fwp%2Fv2%2Fcomments&post=16591"}],"version-history":[{"count":1,"href":"https:\/\/libreriaelprincipito.com\/index.php?rest_route=\/wp\/v2\/product\/16591\/revisions"}],"predecessor-version":[{"id":16647,"href":"https:\/\/libreriaelprincipito.com\/index.php?rest_route=\/wp\/v2\/product\/16591\/revisions\/16647"}],"wp:featuredmedia":[{"embeddable":true,"href":"https:\/\/libreriaelprincipito.com\/index.php?rest_route=\/wp\/v2\/media\/18583"}],"wp:attachment":[{"href":"https:\/\/libreriaelprincipito.com\/index.php?rest_route=%2Fwp%2Fv2%2Fmedia&parent=16591"}],"wp:term":[{"taxonomy":"product_brand","embeddable":true,"href":"https:\/\/libreriaelprincipito.com\/index.php?rest_route=%2Fwp%2Fv2%2Fproduct_brand&post=16591"},{"taxonomy":"product_cat","embeddable":true,"href":"https:\/\/libreriaelprincipito.com\/index.php?rest_route=%2Fwp%2Fv2%2Fproduct_cat&post=16591"},{"taxonomy":"product_tag","embeddable":true,"href":"https:\/\/libreriaelprincipito.com\/index.php?rest_route=%2Fwp%2Fv2%2Fproduct_tag&post=16591"}],"curies":[{"name":"wp","href":"https:\/\/api.w.org\/{rel}","templated":true}]}}