{"id":16592,"date":"2026-02-06T04:36:01","date_gmt":"2026-02-06T04:36:01","guid":{"rendered":"https:\/\/libreriaelprincipito.com\/?post_type=product&#038;p=16592"},"modified":"2026-02-17T20:37:56","modified_gmt":"2026-02-17T20:37:56","slug":"francisco-un-papa-sencillo-y-alegre-mini-biografia","status":"publish","type":"product","link":"https:\/\/libreriaelprincipito.com\/?product=francisco-un-papa-sencillo-y-alegre-mini-biografia","title":{"rendered":"FRANCISCO. UN PAPA SENCILLO Y ALEGRE (MINI BIOGRAFIA)"},"content":{"rendered":"<p>Francisco es el primer papa americano. Y tambi\u00e9n el \u00fanico, hasta ahora, que pertenece a la Compa\u00f1\u00eda de Jes\u00fas, una orden religiosa de gran importancia en la historia de la Iglesia. Sin embargo, estos dos hechos, sin duda trascendentes, no explican del todo la popularidad del nuevo papa. Hay algo m\u00e1s&#8230;, seguramente su calidad humana, que ha conquistado a todos. Con este libro, los j\u00f3venes lectores aprender\u00e1n y conocer\u00e1n mejor la figura del actual papa, un hombre sencillo, alegre y cercano.<\/p>\n<p>&nbsp;<\/p>\n<p>DETALLES DEL PRODUCTO:<\/p>\n<p>ISBS: 9788467744408<\/p>\n<p>C\u00f3digo: 275022<\/p>\n<p>P\u00e1ginas: 40 p\u00e1ginas.<\/p>\n<p>Tama\u00f1o: Formato 17,7 x 23. Carton\u00e9 con cubierta plastificada brillo y texto en relieve<\/p>\n","protected":false},"excerpt":{"rendered":"<p>Francisco es el primer papa americano. Y tambi\u00e9n el \u00fanico, hasta ahora, que pertenece a la Compa\u00f1\u00eda de Jes\u00fas, una orden religiosa de gran importancia en la historia de la Iglesia. Sin embargo, estos dos hechos, sin duda trascendentes, no explican del todo la popularidad del nuevo papa. Hay algo m\u00e1s&#8230;, seguramente su calidad humana, que ha conquistado a todos. Con este libro, los j\u00f3venes lectores aprender\u00e1n y conocer\u00e1n mejor la figura del actual papa, un hombre sencillo, alegre y cercano.<\/p>\n<p>Edad: Desde 8 a\u00f1os.<\/p>\n","protected":false},"featured_media":18582,"comment_status":"open","ping_status":"closed","template":"","meta":[],"product_brand":[],"product_cat":[74,81],"product_tag":[],"class_list":{"0":"post-16592","1":"product","2":"type-product","3":"status-publish","4":"has-post-thumbnail","6":"product_cat-infantil","7":"product_cat-plan-lector","9":"first","10":"instock","11":"shipping-taxable","12":"purchasable","13":"product-type-simple"},"jetpack_sharing_enabled":true,"_links":{"self":[{"href":"https:\/\/libreriaelprincipito.com\/index.php?rest_route=\/wp\/v2\/product\/16592","targetHints":{"allow":["GET"]}}],"collection":[{"href":"https:\/\/libreriaelprincipito.com\/index.php?rest_route=\/wp\/v2\/product"}],"about":[{"href":"https:\/\/libreriaelprincipito.com\/index.php?rest_route=\/wp\/v2\/types\/product"}],"replies":[{"embeddable":true,"href":"https:\/\/libreriaelprincipito.com\/index.php?rest_route=%2Fwp%2Fv2%2Fcomments&post=16592"}],"version-history":[{"count":1,"href":"https:\/\/libreriaelprincipito.com\/index.php?rest_route=\/wp\/v2\/product\/16592\/revisions"}],"predecessor-version":[{"id":16649,"href":"https:\/\/libreriaelprincipito.com\/index.php?rest_route=\/wp\/v2\/product\/16592\/revisions\/16649"}],"wp:featuredmedia":[{"embeddable":true,"href":"https:\/\/libreriaelprincipito.com\/index.php?rest_route=\/wp\/v2\/media\/18582"}],"wp:attachment":[{"href":"https:\/\/libreriaelprincipito.com\/index.php?rest_route=%2Fwp%2Fv2%2Fmedia&parent=16592"}],"wp:term":[{"taxonomy":"product_brand","embeddable":true,"href":"https:\/\/libreriaelprincipito.com\/index.php?rest_route=%2Fwp%2Fv2%2Fproduct_brand&post=16592"},{"taxonomy":"product_cat","embeddable":true,"href":"https:\/\/libreriaelprincipito.com\/index.php?rest_route=%2Fwp%2Fv2%2Fproduct_cat&post=16592"},{"taxonomy":"product_tag","embeddable":true,"href":"https:\/\/libreriaelprincipito.com\/index.php?rest_route=%2Fwp%2Fv2%2Fproduct_tag&post=16592"}],"curies":[{"name":"wp","href":"https:\/\/api.w.org\/{rel}","templated":true}]}}