{"id":16594,"date":"2026-02-06T04:36:01","date_gmt":"2026-02-06T04:36:01","guid":{"rendered":"https:\/\/libreriaelprincipito.com\/?post_type=product&#038;p=16594"},"modified":"2026-02-17T20:36:03","modified_gmt":"2026-02-17T20:36:03","slug":"gandhi-mini-biografia","status":"publish","type":"product","link":"https:\/\/libreriaelprincipito.com\/?product=gandhi-mini-biografia","title":{"rendered":"GANDHI (MINI BIOGRAFIA)"},"content":{"rendered":"<p>Mohandas Gandhi, abogado, defensor, de los derechos humanos, pol\u00edtico y, sobre todo, pacifista, fue uno de los personajes m\u00e1s influyentes del siglo XX. Considerado el padre de la India, supo doblegar a todo un imperio a trav\u00e9s de su revolucionaria lucha no violenta. Ten\u00eda un carisma personal extraordinario. Con este libro, conocer\u00e1s mejor a uno de los personajes m\u00e1s destacados de la historia de la humanidad.<\/p>\n<p>&nbsp;<\/p>\n<p>DETALLES DEL PRODUCTO:<\/p>\n<p>ISBS: 9788467747287<\/p>\n<p>C\u00f3digo: 275024<\/p>\n<p>P\u00e1ginas: 40 p\u00e1ginas.<\/p>\n<p>Tama\u00f1o: Formato 17,7 x 23. Carton\u00e9 con cubierta plastificada brillo y texto en relieve<\/p>\n","protected":false},"excerpt":{"rendered":"<p>Mohandas Gandhi, abogado, defensor, de los derechos humanos, pol\u00edtico y, sobre todo, pacifista, fue uno de los personajes m\u00e1s influyentes del siglo XX. Considerado el padre de la India, supo doblegar a todo un imperio a trav\u00e9s de su revolucionaria lucha no violenta. Ten\u00eda un carisma personal extraordinario. Con este libro, conocer\u00e1s mejor a uno de los personajes m\u00e1s destacados de la historia de la humanidad.<\/p>\n<p>Edad: Desde 8 a\u00f1os.<\/p>\n","protected":false},"featured_media":18580,"comment_status":"open","ping_status":"closed","template":"","meta":[],"product_brand":[],"product_cat":[74,81],"product_tag":[],"class_list":{"0":"post-16594","1":"product","2":"type-product","3":"status-publish","4":"has-post-thumbnail","6":"product_cat-infantil","7":"product_cat-plan-lector","9":"first","10":"instock","11":"shipping-taxable","12":"purchasable","13":"product-type-simple"},"jetpack_sharing_enabled":true,"_links":{"self":[{"href":"https:\/\/libreriaelprincipito.com\/index.php?rest_route=\/wp\/v2\/product\/16594","targetHints":{"allow":["GET"]}}],"collection":[{"href":"https:\/\/libreriaelprincipito.com\/index.php?rest_route=\/wp\/v2\/product"}],"about":[{"href":"https:\/\/libreriaelprincipito.com\/index.php?rest_route=\/wp\/v2\/types\/product"}],"replies":[{"embeddable":true,"href":"https:\/\/libreriaelprincipito.com\/index.php?rest_route=%2Fwp%2Fv2%2Fcomments&post=16594"}],"version-history":[{"count":1,"href":"https:\/\/libreriaelprincipito.com\/index.php?rest_route=\/wp\/v2\/product\/16594\/revisions"}],"predecessor-version":[{"id":16653,"href":"https:\/\/libreriaelprincipito.com\/index.php?rest_route=\/wp\/v2\/product\/16594\/revisions\/16653"}],"wp:featuredmedia":[{"embeddable":true,"href":"https:\/\/libreriaelprincipito.com\/index.php?rest_route=\/wp\/v2\/media\/18580"}],"wp:attachment":[{"href":"https:\/\/libreriaelprincipito.com\/index.php?rest_route=%2Fwp%2Fv2%2Fmedia&parent=16594"}],"wp:term":[{"taxonomy":"product_brand","embeddable":true,"href":"https:\/\/libreriaelprincipito.com\/index.php?rest_route=%2Fwp%2Fv2%2Fproduct_brand&post=16594"},{"taxonomy":"product_cat","embeddable":true,"href":"https:\/\/libreriaelprincipito.com\/index.php?rest_route=%2Fwp%2Fv2%2Fproduct_cat&post=16594"},{"taxonomy":"product_tag","embeddable":true,"href":"https:\/\/libreriaelprincipito.com\/index.php?rest_route=%2Fwp%2Fv2%2Fproduct_tag&post=16594"}],"curies":[{"name":"wp","href":"https:\/\/api.w.org\/{rel}","templated":true}]}}