{"id":16659,"date":"2026-02-06T04:36:12","date_gmt":"2026-02-06T04:36:12","guid":{"rendered":"https:\/\/libreriaelprincipito.com\/?post_type=product&#038;p=16659"},"modified":"2026-03-06T16:37:42","modified_gmt":"2026-03-06T16:37:42","slug":"steve-jobs-mini-biografia","status":"publish","type":"product","link":"https:\/\/libreriaelprincipito.com\/?product=steve-jobs-mini-biografia","title":{"rendered":"STEVE JOBS (MINI BIOGRAFIA)"},"content":{"rendered":"<p>Muy de vez en cuando surgen personajes que cambian el curso de la historia. Steve Jobs es uno de ellos. Gracias a su talento creativo, trabajo bien hecho y esp\u00edritu visionario, cambi\u00f3 en muy pocos a\u00f1os los h\u00e1bitos de vida de miles de millones de personas en los cinco continentes. Padre del primer ordenador personal, revolucion\u00f3 tambi\u00e9n el mundo de las comunicaciones a trav\u00e9s de la telefon\u00eda m\u00f3vil y democratiz\u00f3 el ocio (m\u00fasica, pel\u00edculas, videojuegos, etc.).<\/p>\n<p>&nbsp;<\/p>\n<p>DETALLES DEL PRODUCTO:<\/p>\n<p>ISBS: 9788467757811<\/p>\n<p>C\u00f3digo: 275031<\/p>\n<p>P\u00e1ginas: 40 p\u00e1ginas.<\/p>\n<p>Tama\u00f1o: Formato 17,7 x 23. Carton\u00e9 con cubierta plastificada brillo y texto en relieve<\/p>\n","protected":false},"excerpt":{"rendered":"<p>Muy de vez en cuando surgen personajes que cambian el curso de la historia. Steve Jobs es uno de ellos. Gracias a su talento creativo, trabajo bien hecho y esp\u00edritu visionario, cambi\u00f3 en muy pocos a\u00f1os los h\u00e1bitos de vida de miles de millones de personas en los cinco continentes. Padre del primer ordenador personal, revolucion\u00f3 tambi\u00e9n el mundo de las comunicaciones a trav\u00e9s de la telefon\u00eda m\u00f3vil y democratiz\u00f3 el ocio (m\u00fasica, pel\u00edculas, videojuegos, etc.).<\/p>\n<p>Edad: Desde 8 a\u00f1os.<\/p>\n","protected":false},"featured_media":19175,"comment_status":"open","ping_status":"closed","template":"","meta":[],"product_brand":[],"product_cat":[74,81],"product_tag":[],"class_list":{"0":"post-16659","1":"product","2":"type-product","3":"status-publish","4":"has-post-thumbnail","6":"product_cat-infantil","7":"product_cat-plan-lector","9":"first","10":"instock","11":"shipping-taxable","12":"purchasable","13":"product-type-simple"},"jetpack_sharing_enabled":true,"_links":{"self":[{"href":"https:\/\/libreriaelprincipito.com\/index.php?rest_route=\/wp\/v2\/product\/16659","targetHints":{"allow":["GET"]}}],"collection":[{"href":"https:\/\/libreriaelprincipito.com\/index.php?rest_route=\/wp\/v2\/product"}],"about":[{"href":"https:\/\/libreriaelprincipito.com\/index.php?rest_route=\/wp\/v2\/types\/product"}],"replies":[{"embeddable":true,"href":"https:\/\/libreriaelprincipito.com\/index.php?rest_route=%2Fwp%2Fv2%2Fcomments&post=16659"}],"version-history":[{"count":1,"href":"https:\/\/libreriaelprincipito.com\/index.php?rest_route=\/wp\/v2\/product\/16659\/revisions"}],"predecessor-version":[{"id":16693,"href":"https:\/\/libreriaelprincipito.com\/index.php?rest_route=\/wp\/v2\/product\/16659\/revisions\/16693"}],"wp:featuredmedia":[{"embeddable":true,"href":"https:\/\/libreriaelprincipito.com\/index.php?rest_route=\/wp\/v2\/media\/19175"}],"wp:attachment":[{"href":"https:\/\/libreriaelprincipito.com\/index.php?rest_route=%2Fwp%2Fv2%2Fmedia&parent=16659"}],"wp:term":[{"taxonomy":"product_brand","embeddable":true,"href":"https:\/\/libreriaelprincipito.com\/index.php?rest_route=%2Fwp%2Fv2%2Fproduct_brand&post=16659"},{"taxonomy":"product_cat","embeddable":true,"href":"https:\/\/libreriaelprincipito.com\/index.php?rest_route=%2Fwp%2Fv2%2Fproduct_cat&post=16659"},{"taxonomy":"product_tag","embeddable":true,"href":"https:\/\/libreriaelprincipito.com\/index.php?rest_route=%2Fwp%2Fv2%2Fproduct_tag&post=16659"}],"curies":[{"name":"wp","href":"https:\/\/api.w.org\/{rel}","templated":true}]}}