{"id":16660,"date":"2026-02-06T04:36:12","date_gmt":"2026-02-06T04:36:12","guid":{"rendered":"https:\/\/libreriaelprincipito.com\/?post_type=product&#038;p=16660"},"modified":"2026-03-06T16:05:48","modified_gmt":"2026-03-06T16:05:48","slug":"john-f-kennedy-mini-biografia","status":"publish","type":"product","link":"https:\/\/libreriaelprincipito.com\/?product=john-f-kennedy-mini-biografia","title":{"rendered":"JOHN F. KENNEDY (MINI BIOGRAFIA)"},"content":{"rendered":"<p>John Fitzgerald Kennedy se convirti\u00f3 en un mito despu\u00e9s de ser asesinado. JFK, como era conocido, signific\u00f3 una bocanada de aire fresco en la apasionante, complicada y cambiante situaci\u00f3n mundial, en medio de la Guerra Fr\u00eda, el auge del comunismo, la carrera espacial por llegar a la Luna, los movimientos sociales pro derechos civiles y pacifistas, el pop, los \u00abhippies\u00bb, el feminismo&#8230; Kennedy fue un pol\u00edtico moderno y diferente, simp\u00e1tico y optimista, y muy querido. Su muerte conmocion\u00f3 a un mundo que ve\u00eda en \u00e9l al l\u00edder ideal para encarar los nuevos tiempos. Abre las p\u00e1ginas de este fant\u00e1stico libro y aprende datos y curiosidades sobre este carism\u00e1tico personaje.<\/p>\n<p>&nbsp;<\/p>\n<p>DETALLES DEL PRODUCTO:<\/p>\n<p>ISBS: 9788467759617<\/p>\n<p>C\u00f3digo: 275033<\/p>\n<p>P\u00e1ginas: 40 p\u00e1ginas.<\/p>\n<p>Tama\u00f1o: Formato 17,7 x 23. Carton\u00e9 con cubierta plastificada brillo y texto en relieve<\/p>\n","protected":false},"excerpt":{"rendered":"<p>John Fitzgerald Kennedy se convirti\u00f3 en un mito despu\u00e9s de ser asesinado. JFK, como era conocido, signific\u00f3 una bocanada de aire fresco en la apasionante, complicada y cambiante situaci\u00f3n mundial, en medio de la Guerra Fr\u00eda, el auge del comunismo, la carrera espacial por llegar a la Luna, los movimientos sociales pro derechos civiles y pacifistas, el pop, los \u00abhippies\u00bb, el feminismo&#8230; Kennedy fue un pol\u00edtico moderno y diferente, simp\u00e1tico y optimista, y muy querido. Su muerte conmocion\u00f3 a un mundo que ve\u00eda en \u00e9l al l\u00edder ideal para encarar los nuevos tiempos. Abre las p\u00e1ginas de este fant\u00e1stico libro y aprende datos y curiosidades sobre este carism\u00e1tico personaje.<\/p>\n<p>Edad: Desde 8 a\u00f1os.<\/p>\n","protected":false},"featured_media":19154,"comment_status":"open","ping_status":"closed","template":"","meta":[],"product_brand":[],"product_cat":[74,81],"product_tag":[],"class_list":{"0":"post-16660","1":"product","2":"type-product","3":"status-publish","4":"has-post-thumbnail","6":"product_cat-infantil","7":"product_cat-plan-lector","9":"first","10":"instock","11":"shipping-taxable","12":"purchasable","13":"product-type-simple"},"jetpack_sharing_enabled":true,"_links":{"self":[{"href":"https:\/\/libreriaelprincipito.com\/index.php?rest_route=\/wp\/v2\/product\/16660","targetHints":{"allow":["GET"]}}],"collection":[{"href":"https:\/\/libreriaelprincipito.com\/index.php?rest_route=\/wp\/v2\/product"}],"about":[{"href":"https:\/\/libreriaelprincipito.com\/index.php?rest_route=\/wp\/v2\/types\/product"}],"replies":[{"embeddable":true,"href":"https:\/\/libreriaelprincipito.com\/index.php?rest_route=%2Fwp%2Fv2%2Fcomments&post=16660"}],"version-history":[{"count":1,"href":"https:\/\/libreriaelprincipito.com\/index.php?rest_route=\/wp\/v2\/product\/16660\/revisions"}],"predecessor-version":[{"id":16695,"href":"https:\/\/libreriaelprincipito.com\/index.php?rest_route=\/wp\/v2\/product\/16660\/revisions\/16695"}],"wp:featuredmedia":[{"embeddable":true,"href":"https:\/\/libreriaelprincipito.com\/index.php?rest_route=\/wp\/v2\/media\/19154"}],"wp:attachment":[{"href":"https:\/\/libreriaelprincipito.com\/index.php?rest_route=%2Fwp%2Fv2%2Fmedia&parent=16660"}],"wp:term":[{"taxonomy":"product_brand","embeddable":true,"href":"https:\/\/libreriaelprincipito.com\/index.php?rest_route=%2Fwp%2Fv2%2Fproduct_brand&post=16660"},{"taxonomy":"product_cat","embeddable":true,"href":"https:\/\/libreriaelprincipito.com\/index.php?rest_route=%2Fwp%2Fv2%2Fproduct_cat&post=16660"},{"taxonomy":"product_tag","embeddable":true,"href":"https:\/\/libreriaelprincipito.com\/index.php?rest_route=%2Fwp%2Fv2%2Fproduct_tag&post=16660"}],"curies":[{"name":"wp","href":"https:\/\/api.w.org\/{rel}","templated":true}]}}