{"id":16661,"date":"2026-02-06T04:36:12","date_gmt":"2026-02-06T04:36:12","guid":{"rendered":"https:\/\/libreriaelprincipito.com\/?post_type=product&#038;p=16661"},"modified":"2026-03-06T16:21:47","modified_gmt":"2026-03-06T16:21:47","slug":"martin-luther-king-mini-biografia","status":"publish","type":"product","link":"https:\/\/libreriaelprincipito.com\/?product=martin-luther-king-mini-biografia","title":{"rendered":"MARTIN LUTHER KING (MINI BIOGRAFIA)"},"content":{"rendered":"<p>Martin Luther King, pastor protestante, l\u00edder del movimiento pro derechos civiles de los afroamericanos, premio Nobel de la Paz, hombre valiente y so\u00f1ador, dio la vida por defender la igualdad, dignidad y libertad de todos. Demostr\u00f3 que es posible ganar grandes batallas sin recurrir a la violencia. Predic\u00f3 el amor entre las personas de todas las razas, pues sab\u00eda que es la \u00fanica fuerza capaz de vencer el mal que, por desgracia, con frecuencia anida en los corazones. Gracias a Martin Luther King, hoy el mundo es un lugar m\u00e1s habitable.<\/p>\n<p>&nbsp;<\/p>\n<p>DETALLES DEL PRODUCTO:<\/p>\n<p>ISBS: 9788467760200<\/p>\n<p>C\u00f3digo: 275034<\/p>\n<p>P\u00e1ginas: 40 p\u00e1ginas.<\/p>\n<p>Tama\u00f1o: Formato 17,7 x 23. Carton\u00e9 con cubierta plastificada brillo y texto en relieve<\/p>\n","protected":false},"excerpt":{"rendered":"<p>Martin Luther King, pastor protestante, l\u00edder del movimiento pro derechos civiles de los afroamericanos, premio Nobel de la Paz, hombre valiente y so\u00f1ador, dio la vida por defender la igualdad, dignidad y libertad de todos. Demostr\u00f3 que es posible ganar grandes batallas sin recurrir a la violencia. Predic\u00f3 el amor entre las personas de todas las razas, pues sab\u00eda que es la \u00fanica fuerza capaz de vencer el mal que, por desgracia, con frecuencia anida en los corazones. Gracias a Martin Luther King, hoy el mundo es un lugar m\u00e1s habitable.<\/p>\n<p>Edad: Desde 8 a\u00f1os.<\/p>\n","protected":false},"featured_media":19168,"comment_status":"open","ping_status":"closed","template":"","meta":[],"product_brand":[],"product_cat":[74,81],"product_tag":[],"class_list":{"0":"post-16661","1":"product","2":"type-product","3":"status-publish","4":"has-post-thumbnail","6":"product_cat-infantil","7":"product_cat-plan-lector","9":"first","10":"instock","11":"shipping-taxable","12":"purchasable","13":"product-type-simple"},"jetpack_sharing_enabled":true,"_links":{"self":[{"href":"https:\/\/libreriaelprincipito.com\/index.php?rest_route=\/wp\/v2\/product\/16661","targetHints":{"allow":["GET"]}}],"collection":[{"href":"https:\/\/libreriaelprincipito.com\/index.php?rest_route=\/wp\/v2\/product"}],"about":[{"href":"https:\/\/libreriaelprincipito.com\/index.php?rest_route=\/wp\/v2\/types\/product"}],"replies":[{"embeddable":true,"href":"https:\/\/libreriaelprincipito.com\/index.php?rest_route=%2Fwp%2Fv2%2Fcomments&post=16661"}],"version-history":[{"count":1,"href":"https:\/\/libreriaelprincipito.com\/index.php?rest_route=\/wp\/v2\/product\/16661\/revisions"}],"predecessor-version":[{"id":16697,"href":"https:\/\/libreriaelprincipito.com\/index.php?rest_route=\/wp\/v2\/product\/16661\/revisions\/16697"}],"wp:featuredmedia":[{"embeddable":true,"href":"https:\/\/libreriaelprincipito.com\/index.php?rest_route=\/wp\/v2\/media\/19168"}],"wp:attachment":[{"href":"https:\/\/libreriaelprincipito.com\/index.php?rest_route=%2Fwp%2Fv2%2Fmedia&parent=16661"}],"wp:term":[{"taxonomy":"product_brand","embeddable":true,"href":"https:\/\/libreriaelprincipito.com\/index.php?rest_route=%2Fwp%2Fv2%2Fproduct_brand&post=16661"},{"taxonomy":"product_cat","embeddable":true,"href":"https:\/\/libreriaelprincipito.com\/index.php?rest_route=%2Fwp%2Fv2%2Fproduct_cat&post=16661"},{"taxonomy":"product_tag","embeddable":true,"href":"https:\/\/libreriaelprincipito.com\/index.php?rest_route=%2Fwp%2Fv2%2Fproduct_tag&post=16661"}],"curies":[{"name":"wp","href":"https:\/\/api.w.org\/{rel}","templated":true}]}}