{"id":16662,"date":"2026-02-06T04:36:12","date_gmt":"2026-02-06T04:36:12","guid":{"rendered":"https:\/\/libreriaelprincipito.com\/?post_type=product&#038;p=16662"},"modified":"2026-02-17T20:56:03","modified_gmt":"2026-02-17T20:56:03","slug":"charles-darwin-mini-biografias","status":"publish","type":"product","link":"https:\/\/libreriaelprincipito.com\/?product=charles-darwin-mini-biografias","title":{"rendered":"CHARLES DARWIN (MINI BIOGRAFIAS)"},"content":{"rendered":"<p>Charles Darwin es uno de los cient\u00edficos m\u00e1s importantes de la historia. La trascendencia de sus aportaciones es comparable a la de Cop\u00e9rnico, Galileo, Newton o Einstein. Desde que public\u00f3 \u00abEl origen de las especies\u00bb en 1859, nada volvi\u00f3 a ser lo mismo. Las teor\u00edas del naturalista ingl\u00e9s (la evoluci\u00f3n de las formas de vida, la selecci\u00f3n natural, la supervivencia de los mejor dotados&#8230;), que causaron un gran esc\u00e1ndalo al principio, fueron mayoritariamente aceptadas con el paso del tiempo. Pero Darwin fue, antes que nada, un gran hombre: sencillo, familiar, tolerante, \u00edntegro y muy trabajador.<\/p>\n<p>&nbsp;<\/p>\n<p>DETALLES DEL PRODUCTO:<\/p>\n<p>ISBS: 9788467766394<\/p>\n<p>C\u00f3digo: 275036<\/p>\n<p>P\u00e1ginas: 40 p\u00e1ginas.<\/p>\n<p>Tama\u00f1o: Formato 17,7 x 23. Carton\u00e9 con cubierta plastificada brillo y texto en relieve<\/p>\n","protected":false},"excerpt":{"rendered":"<p>Charles Darwin es uno de los cient\u00edficos m\u00e1s importantes de la historia. La trascendencia de sus aportaciones es comparable a la de Cop\u00e9rnico, Galileo, Newton o Einstein. Desde que public\u00f3 \u00abEl origen de las especies\u00bb en 1859, nada volvi\u00f3 a ser lo mismo. Las teor\u00edas del naturalista ingl\u00e9s (la evoluci\u00f3n de las formas de vida, la selecci\u00f3n natural, la supervivencia de los mejor dotados&#8230;), que causaron un gran esc\u00e1ndalo al principio, fueron mayoritariamente aceptadas con el paso del tiempo. Pero Darwin fue, antes que nada, un gran hombre: sencillo, familiar, tolerante, \u00edntegro y muy trabajador.<\/p>\n<p>Edad: Desde 8 a\u00f1os.<\/p>\n","protected":false},"featured_media":18592,"comment_status":"open","ping_status":"closed","template":"","meta":[],"product_brand":[],"product_cat":[74,81],"product_tag":[],"class_list":{"0":"post-16662","1":"product","2":"type-product","3":"status-publish","4":"has-post-thumbnail","6":"product_cat-infantil","7":"product_cat-plan-lector","9":"first","10":"instock","11":"shipping-taxable","12":"purchasable","13":"product-type-simple"},"jetpack_sharing_enabled":true,"_links":{"self":[{"href":"https:\/\/libreriaelprincipito.com\/index.php?rest_route=\/wp\/v2\/product\/16662","targetHints":{"allow":["GET"]}}],"collection":[{"href":"https:\/\/libreriaelprincipito.com\/index.php?rest_route=\/wp\/v2\/product"}],"about":[{"href":"https:\/\/libreriaelprincipito.com\/index.php?rest_route=\/wp\/v2\/types\/product"}],"replies":[{"embeddable":true,"href":"https:\/\/libreriaelprincipito.com\/index.php?rest_route=%2Fwp%2Fv2%2Fcomments&post=16662"}],"version-history":[{"count":1,"href":"https:\/\/libreriaelprincipito.com\/index.php?rest_route=\/wp\/v2\/product\/16662\/revisions"}],"predecessor-version":[{"id":16699,"href":"https:\/\/libreriaelprincipito.com\/index.php?rest_route=\/wp\/v2\/product\/16662\/revisions\/16699"}],"wp:featuredmedia":[{"embeddable":true,"href":"https:\/\/libreriaelprincipito.com\/index.php?rest_route=\/wp\/v2\/media\/18592"}],"wp:attachment":[{"href":"https:\/\/libreriaelprincipito.com\/index.php?rest_route=%2Fwp%2Fv2%2Fmedia&parent=16662"}],"wp:term":[{"taxonomy":"product_brand","embeddable":true,"href":"https:\/\/libreriaelprincipito.com\/index.php?rest_route=%2Fwp%2Fv2%2Fproduct_brand&post=16662"},{"taxonomy":"product_cat","embeddable":true,"href":"https:\/\/libreriaelprincipito.com\/index.php?rest_route=%2Fwp%2Fv2%2Fproduct_cat&post=16662"},{"taxonomy":"product_tag","embeddable":true,"href":"https:\/\/libreriaelprincipito.com\/index.php?rest_route=%2Fwp%2Fv2%2Fproduct_tag&post=16662"}],"curies":[{"name":"wp","href":"https:\/\/api.w.org\/{rel}","templated":true}]}}