{"id":16670,"date":"2026-02-06T04:36:12","date_gmt":"2026-02-06T04:36:12","guid":{"rendered":"https:\/\/libreriaelprincipito.com\/?post_type=product&#038;p=16670"},"modified":"2026-02-17T20:45:46","modified_gmt":"2026-02-17T20:45:46","slug":"lee-cada-dia-365-curiosidades-animales","status":"publish","type":"product","link":"https:\/\/libreriaelprincipito.com\/?product=lee-cada-dia-365-curiosidades-animales","title":{"rendered":"LEE CADA DIA 365 CURIOSIDADES ANIMALES"},"content":{"rendered":"<p>Este libro contiene 365 curiosidades sobre los animales que existen alrededor del mundo, con ilustraciones a todo color.<\/p>\n<p>&nbsp;<\/p>\n<p>DETALLES DEL PRODUCTO:<\/p>\n<p>ISBS: 9788479716578<\/p>\n<p>C\u00f3digo: 350191<\/p>\n<p>P\u00e1ginas: 197 p\u00e1ginas.<\/p>\n<p>Tama\u00f1o: Formato: 20 x 26,7 cm. Libro de cart\u00f3n plastificado y troquelado con estampaci\u00f3n y diferentes texturas.<\/p>\n","protected":false},"excerpt":{"rendered":"<p>Este libro contiene 365 curiosidades sobre los animales que existen alrededor del mundo, con ilustraciones a todo color.<\/p>\n","protected":false},"featured_media":18589,"comment_status":"open","ping_status":"closed","template":"","meta":[],"product_brand":[],"product_cat":[74],"product_tag":[],"class_list":{"0":"post-16670","1":"product","2":"type-product","3":"status-publish","4":"has-post-thumbnail","6":"product_cat-infantil","8":"first","9":"instock","10":"shipping-taxable","11":"purchasable","12":"product-type-simple"},"jetpack_sharing_enabled":true,"_links":{"self":[{"href":"https:\/\/libreriaelprincipito.com\/index.php?rest_route=\/wp\/v2\/product\/16670","targetHints":{"allow":["GET"]}}],"collection":[{"href":"https:\/\/libreriaelprincipito.com\/index.php?rest_route=\/wp\/v2\/product"}],"about":[{"href":"https:\/\/libreriaelprincipito.com\/index.php?rest_route=\/wp\/v2\/types\/product"}],"replies":[{"embeddable":true,"href":"https:\/\/libreriaelprincipito.com\/index.php?rest_route=%2Fwp%2Fv2%2Fcomments&post=16670"}],"version-history":[{"count":1,"href":"https:\/\/libreriaelprincipito.com\/index.php?rest_route=\/wp\/v2\/product\/16670\/revisions"}],"predecessor-version":[{"id":16715,"href":"https:\/\/libreriaelprincipito.com\/index.php?rest_route=\/wp\/v2\/product\/16670\/revisions\/16715"}],"wp:featuredmedia":[{"embeddable":true,"href":"https:\/\/libreriaelprincipito.com\/index.php?rest_route=\/wp\/v2\/media\/18589"}],"wp:attachment":[{"href":"https:\/\/libreriaelprincipito.com\/index.php?rest_route=%2Fwp%2Fv2%2Fmedia&parent=16670"}],"wp:term":[{"taxonomy":"product_brand","embeddable":true,"href":"https:\/\/libreriaelprincipito.com\/index.php?rest_route=%2Fwp%2Fv2%2Fproduct_brand&post=16670"},{"taxonomy":"product_cat","embeddable":true,"href":"https:\/\/libreriaelprincipito.com\/index.php?rest_route=%2Fwp%2Fv2%2Fproduct_cat&post=16670"},{"taxonomy":"product_tag","embeddable":true,"href":"https:\/\/libreriaelprincipito.com\/index.php?rest_route=%2Fwp%2Fv2%2Fproduct_tag&post=16670"}],"curies":[{"name":"wp","href":"https:\/\/api.w.org\/{rel}","templated":true}]}}