{"id":16674,"date":"2026-02-06T04:36:13","date_gmt":"2026-02-06T04:36:13","guid":{"rendered":"https:\/\/libreriaelprincipito.com\/?post_type=product&#038;p=16674"},"modified":"2026-02-20T14:49:56","modified_gmt":"2026-02-20T14:49:56","slug":"historias-y-cuentos-1-verde","status":"publish","type":"product","link":"https:\/\/libreriaelprincipito.com\/?product=historias-y-cuentos-1-verde","title":{"rendered":"HISTORIAS Y CUENTOS -1- VERDE"},"content":{"rendered":"<p>Antolog\u00eda de cuentos e historias infantiles que enfatiza en valores y principios para la convivencia de los ni\u00f1os en la primera infancia.<\/p>\n<p>&nbsp;<\/p>\n<p>DETALLES DEL PRODUCTO:<\/p>\n<p>ISBS: 9788498065114<\/p>\n<p>C\u00f3digo: 2510202<\/p>\n<p>P\u00e1ginas: 382 p\u00e1ginas.<\/p>\n<p>Tama\u00f1o: Formato: 15,7 x 16,3 cm. Libro de cart\u00f3n plastificado y troquelado con estampaci\u00f3n y diferentes texturas.<\/p>\n","protected":false},"excerpt":{"rendered":"<p>Antolog\u00eda de cuentos e historias infantiles que enfatiza en valores y principios para la convivencia de los ni\u00f1os en la primera infancia.<\/p>\n","protected":false},"featured_media":18926,"comment_status":"open","ping_status":"closed","template":"","meta":[],"product_brand":[],"product_cat":[74],"product_tag":[],"class_list":{"0":"post-16674","1":"product","2":"type-product","3":"status-publish","4":"has-post-thumbnail","6":"product_cat-infantil","8":"first","9":"instock","10":"shipping-taxable","11":"purchasable","12":"product-type-simple"},"jetpack_sharing_enabled":true,"_links":{"self":[{"href":"https:\/\/libreriaelprincipito.com\/index.php?rest_route=\/wp\/v2\/product\/16674","targetHints":{"allow":["GET"]}}],"collection":[{"href":"https:\/\/libreriaelprincipito.com\/index.php?rest_route=\/wp\/v2\/product"}],"about":[{"href":"https:\/\/libreriaelprincipito.com\/index.php?rest_route=\/wp\/v2\/types\/product"}],"replies":[{"embeddable":true,"href":"https:\/\/libreriaelprincipito.com\/index.php?rest_route=%2Fwp%2Fv2%2Fcomments&post=16674"}],"version-history":[{"count":1,"href":"https:\/\/libreriaelprincipito.com\/index.php?rest_route=\/wp\/v2\/product\/16674\/revisions"}],"predecessor-version":[{"id":16741,"href":"https:\/\/libreriaelprincipito.com\/index.php?rest_route=\/wp\/v2\/product\/16674\/revisions\/16741"}],"wp:featuredmedia":[{"embeddable":true,"href":"https:\/\/libreriaelprincipito.com\/index.php?rest_route=\/wp\/v2\/media\/18926"}],"wp:attachment":[{"href":"https:\/\/libreriaelprincipito.com\/index.php?rest_route=%2Fwp%2Fv2%2Fmedia&parent=16674"}],"wp:term":[{"taxonomy":"product_brand","embeddable":true,"href":"https:\/\/libreriaelprincipito.com\/index.php?rest_route=%2Fwp%2Fv2%2Fproduct_brand&post=16674"},{"taxonomy":"product_cat","embeddable":true,"href":"https:\/\/libreriaelprincipito.com\/index.php?rest_route=%2Fwp%2Fv2%2Fproduct_cat&post=16674"},{"taxonomy":"product_tag","embeddable":true,"href":"https:\/\/libreriaelprincipito.com\/index.php?rest_route=%2Fwp%2Fv2%2Fproduct_tag&post=16674"}],"curies":[{"name":"wp","href":"https:\/\/api.w.org\/{rel}","templated":true}]}}