{"id":16677,"date":"2026-02-06T04:36:13","date_gmt":"2026-02-06T04:36:13","guid":{"rendered":"https:\/\/libreriaelprincipito.com\/?post_type=product&#038;p=16677"},"modified":"2026-02-17T21:08:12","modified_gmt":"2026-02-17T21:08:12","slug":"mira-y-toca-animales-de-la-selva","status":"publish","type":"product","link":"https:\/\/libreriaelprincipito.com\/?product=mira-y-toca-animales-de-la-selva","title":{"rendered":"MIRA Y TOCA &#8211; ANIMALES DE LA SELVA"},"content":{"rendered":"<p>A los ni\u00f1os les gusta curiosear y tocarlo todo. Con los libros de esta colecci\u00f3n aprender\u00e1n colores, n\u00fameros y muchos animales de forma divertida; en cada p\u00e1gina encontrar\u00e1n ilustraciones a todo color, estampaciones brillantes y superficies de diferentes texturas que les encantar\u00e1n.<\/p>\n<p>&nbsp;<\/p>\n<p>DETALLES DEL PRODUCTO:<\/p>\n<p>ISBS: 9788467701630<\/p>\n<p>C\u00f3digo: 2510270<\/p>\n<p>P\u00e1ginas: 10 p\u00e1ginas.<\/p>\n<p>Tama\u00f1o: Formato: 20 x 20 cm. Libro de cart\u00f3n plastificado y troquelado con estampaci\u00f3n y diferentes texturas.<\/p>\n","protected":false},"excerpt":{"rendered":"<p>A los ni\u00f1os les gusta curiosear y tocarlo todo. Con los libros de esta colecci\u00f3n aprender\u00e1n colores, n\u00fameros y muchos animales de forma divertida; en cada p\u00e1gina encontrar\u00e1n ilustraciones a todo color, estampaciones brillantes y superficies de diferentes texturas que les encantar\u00e1n.<\/p>\n","protected":false},"featured_media":18601,"comment_status":"open","ping_status":"closed","template":"","meta":[],"product_brand":[],"product_cat":[83,74],"product_tag":[],"class_list":{"0":"post-16677","1":"product","2":"type-product","3":"status-publish","4":"has-post-thumbnail","6":"product_cat-didacticos","7":"product_cat-infantil","9":"first","10":"instock","11":"shipping-taxable","12":"purchasable","13":"product-type-simple"},"jetpack_sharing_enabled":true,"_links":{"self":[{"href":"https:\/\/libreriaelprincipito.com\/index.php?rest_route=\/wp\/v2\/product\/16677","targetHints":{"allow":["GET"]}}],"collection":[{"href":"https:\/\/libreriaelprincipito.com\/index.php?rest_route=\/wp\/v2\/product"}],"about":[{"href":"https:\/\/libreriaelprincipito.com\/index.php?rest_route=\/wp\/v2\/types\/product"}],"replies":[{"embeddable":true,"href":"https:\/\/libreriaelprincipito.com\/index.php?rest_route=%2Fwp%2Fv2%2Fcomments&post=16677"}],"version-history":[{"count":1,"href":"https:\/\/libreriaelprincipito.com\/index.php?rest_route=\/wp\/v2\/product\/16677\/revisions"}],"predecessor-version":[{"id":16747,"href":"https:\/\/libreriaelprincipito.com\/index.php?rest_route=\/wp\/v2\/product\/16677\/revisions\/16747"}],"wp:featuredmedia":[{"embeddable":true,"href":"https:\/\/libreriaelprincipito.com\/index.php?rest_route=\/wp\/v2\/media\/18601"}],"wp:attachment":[{"href":"https:\/\/libreriaelprincipito.com\/index.php?rest_route=%2Fwp%2Fv2%2Fmedia&parent=16677"}],"wp:term":[{"taxonomy":"product_brand","embeddable":true,"href":"https:\/\/libreriaelprincipito.com\/index.php?rest_route=%2Fwp%2Fv2%2Fproduct_brand&post=16677"},{"taxonomy":"product_cat","embeddable":true,"href":"https:\/\/libreriaelprincipito.com\/index.php?rest_route=%2Fwp%2Fv2%2Fproduct_cat&post=16677"},{"taxonomy":"product_tag","embeddable":true,"href":"https:\/\/libreriaelprincipito.com\/index.php?rest_route=%2Fwp%2Fv2%2Fproduct_tag&post=16677"}],"curies":[{"name":"wp","href":"https:\/\/api.w.org\/{rel}","templated":true}]}}