{"id":16679,"date":"2026-02-06T04:36:13","date_gmt":"2026-02-06T04:36:13","guid":{"rendered":"https:\/\/libreriaelprincipito.com\/?post_type=product&#038;p=16679"},"modified":"2026-02-17T21:07:15","modified_gmt":"2026-02-17T21:07:15","slug":"gloria-fuertes-para-ninos","status":"publish","type":"product","link":"https:\/\/libreriaelprincipito.com\/?product=gloria-fuertes-para-ninos","title":{"rendered":"GLORIA FUERTES PARA NI\u00d1OS"},"content":{"rendered":"<p>Esta antolog\u00eda, preparada con dedicaci\u00f3n, algunas dudas y mucho cari\u00f1o, ofrece al lector de cualquier edad un poco de juego, de reinvenci\u00f3n, de disparate, de ingenio, de sorpresa, de humor&#8230;, pero tambi\u00e9n contenidos profundamente humanos, morales: amor, soledad, pobreza, dolor, justicia, paz, Dios. Este volumen esconde, en sus 170 p\u00e1ginas deliciosamente ilustradas, la ternura y el cari\u00f1o de la escritora m\u00e1s amiga de los ni\u00f1os y la mujer que revolucion\u00f3 la poes\u00eda infantil en la segunda mitad del siglo xx.<\/p>\n<p>&nbsp;<\/p>\n<p>DETALLES DEL PRODUCTO:<\/p>\n<p>ISBS: 9788430598694<\/p>\n<p>C\u00f3digo: 2510324<\/p>\n<p>P\u00e1ginas: 176 p\u00e1ginas.<\/p>\n<p>Tama\u00f1o: Formato: 24,7 x 28,7 cm. Carton\u00e9 con cubierta plastificada y acolchada.<\/p>\n","protected":false},"excerpt":{"rendered":"<p>Esta antolog\u00eda, preparada con dedicaci\u00f3n, algunas dudas y mucho cari\u00f1o, ofrece al lector de cualquier edad un poco de juego, de reinvenci\u00f3n, de disparate, de ingenio, de sorpresa, de humor&#8230;, pero tambi\u00e9n contenidos profundamente humanos, morales: amor, soledad, pobreza, dolor, justicia, paz, Dios. Este volumen esconde, en sus 170 p\u00e1ginas deliciosamente ilustradas, la ternura y el cari\u00f1o de la escritora m\u00e1s amiga de los ni\u00f1os y la mujer que revolucion\u00f3 la poes\u00eda infantil en la segunda mitad del siglo xx.<\/p>\n","protected":false},"featured_media":18600,"comment_status":"open","ping_status":"closed","template":"","meta":[],"product_brand":[],"product_cat":[74],"product_tag":[],"class_list":{"0":"post-16679","1":"product","2":"type-product","3":"status-publish","4":"has-post-thumbnail","6":"product_cat-infantil","8":"first","9":"instock","10":"shipping-taxable","11":"purchasable","12":"product-type-simple"},"jetpack_sharing_enabled":true,"_links":{"self":[{"href":"https:\/\/libreriaelprincipito.com\/index.php?rest_route=\/wp\/v2\/product\/16679","targetHints":{"allow":["GET"]}}],"collection":[{"href":"https:\/\/libreriaelprincipito.com\/index.php?rest_route=\/wp\/v2\/product"}],"about":[{"href":"https:\/\/libreriaelprincipito.com\/index.php?rest_route=\/wp\/v2\/types\/product"}],"replies":[{"embeddable":true,"href":"https:\/\/libreriaelprincipito.com\/index.php?rest_route=%2Fwp%2Fv2%2Fcomments&post=16679"}],"version-history":[{"count":1,"href":"https:\/\/libreriaelprincipito.com\/index.php?rest_route=\/wp\/v2\/product\/16679\/revisions"}],"predecessor-version":[{"id":16751,"href":"https:\/\/libreriaelprincipito.com\/index.php?rest_route=\/wp\/v2\/product\/16679\/revisions\/16751"}],"wp:featuredmedia":[{"embeddable":true,"href":"https:\/\/libreriaelprincipito.com\/index.php?rest_route=\/wp\/v2\/media\/18600"}],"wp:attachment":[{"href":"https:\/\/libreriaelprincipito.com\/index.php?rest_route=%2Fwp%2Fv2%2Fmedia&parent=16679"}],"wp:term":[{"taxonomy":"product_brand","embeddable":true,"href":"https:\/\/libreriaelprincipito.com\/index.php?rest_route=%2Fwp%2Fv2%2Fproduct_brand&post=16679"},{"taxonomy":"product_cat","embeddable":true,"href":"https:\/\/libreriaelprincipito.com\/index.php?rest_route=%2Fwp%2Fv2%2Fproduct_cat&post=16679"},{"taxonomy":"product_tag","embeddable":true,"href":"https:\/\/libreriaelprincipito.com\/index.php?rest_route=%2Fwp%2Fv2%2Fproduct_tag&post=16679"}],"curies":[{"name":"wp","href":"https:\/\/api.w.org\/{rel}","templated":true}]}}