{"id":16680,"date":"2026-02-06T04:36:13","date_gmt":"2026-02-06T04:36:13","guid":{"rendered":"https:\/\/libreriaelprincipito.com\/?post_type=product&#038;p=16680"},"modified":"2026-02-17T21:06:21","modified_gmt":"2026-02-17T21:06:21","slug":"ruben-dario-para-ninos","status":"publish","type":"product","link":"https:\/\/libreriaelprincipito.com\/?product=ruben-dario-para-ninos","title":{"rendered":"RUBEN DARIO PARA NI\u00d1OS"},"content":{"rendered":"<p>Rub\u00e9n Dar\u00edo fue el m\u00e1ximo exponente de la profunda renovaci\u00f3n que se produjo en la poes\u00eda hispana a finales del siglo xix y principios del xx. Uno de sus rasgos m\u00e1s caracter\u00edsticos fue su esp\u00edritu viajero; sin embargo, Rub\u00e9n tambi\u00e9n tuvo grandes sufrimientos: la separaci\u00f3n de sus padres, la muerte temprana de dos hijos, fracasos amorosos, etc. Fue el padre del modernismo y su influencia es muy importante en autores como Juan Ram\u00f3n Jim\u00e9nez, los Machado, Valle Incl\u00e1n&#8230; La presente antolog\u00eda, cuyas p\u00e1ginas est\u00e1n bellamente ilustradas, rescata poes\u00edas muy conocidas de Rub\u00e9n Dar\u00edo, como La sonatina, Marcha triunfal, Margarita, etc., pero tambi\u00e9n muchas otras que merecen ser recordadas por los ni\u00f1os y j\u00f3venes del siglo xxi.<\/p>\n<p>&nbsp;<\/p>\n<p>DETALLES DEL PRODUCTO:<\/p>\n<p>ISBS: 9788430599516<\/p>\n<p>C\u00f3digo: 250325<\/p>\n<p>P\u00e1ginas: 176 p\u00e1ginas.<\/p>\n<p>Tama\u00f1o: Formato: 24,7 x 28,7 cm. Carton\u00e9 con cubierta plastificada y acolchada.<\/p>\n","protected":false},"excerpt":{"rendered":"<p>Rub\u00e9n Dar\u00edo fue el m\u00e1ximo exponente de la profunda renovaci\u00f3n que se produjo en la poes\u00eda hispana a finales del siglo xix y principios del xx. Uno de sus rasgos m\u00e1s caracter\u00edsticos fue su esp\u00edritu viajero; sin embargo, Rub\u00e9n tambi\u00e9n tuvo grandes sufrimientos: la separaci\u00f3n de sus padres, la muerte temprana de dos hijos, fracasos amorosos, etc. Fue el padre del modernismo y su influencia es muy importante en autores como Juan Ram\u00f3n Jim\u00e9nez, los Machado, Valle Incl\u00e1n&#8230; La presente antolog\u00eda, cuyas p\u00e1ginas est\u00e1n bellamente ilustradas, rescata poes\u00edas muy conocidas de Rub\u00e9n Dar\u00edo, como La sonatina, Marcha triunfal, Margarita, etc., pero tambi\u00e9n muchas otras que merecen ser recordadas por los ni\u00f1os y j\u00f3venes del siglo xxi.<\/p>\n","protected":false},"featured_media":18599,"comment_status":"open","ping_status":"closed","template":"","meta":[],"product_brand":[],"product_cat":[74],"product_tag":[],"class_list":{"0":"post-16680","1":"product","2":"type-product","3":"status-publish","4":"has-post-thumbnail","6":"product_cat-infantil","8":"first","9":"instock","10":"shipping-taxable","11":"purchasable","12":"product-type-simple"},"jetpack_sharing_enabled":true,"_links":{"self":[{"href":"https:\/\/libreriaelprincipito.com\/index.php?rest_route=\/wp\/v2\/product\/16680","targetHints":{"allow":["GET"]}}],"collection":[{"href":"https:\/\/libreriaelprincipito.com\/index.php?rest_route=\/wp\/v2\/product"}],"about":[{"href":"https:\/\/libreriaelprincipito.com\/index.php?rest_route=\/wp\/v2\/types\/product"}],"replies":[{"embeddable":true,"href":"https:\/\/libreriaelprincipito.com\/index.php?rest_route=%2Fwp%2Fv2%2Fcomments&post=16680"}],"version-history":[{"count":1,"href":"https:\/\/libreriaelprincipito.com\/index.php?rest_route=\/wp\/v2\/product\/16680\/revisions"}],"predecessor-version":[{"id":16753,"href":"https:\/\/libreriaelprincipito.com\/index.php?rest_route=\/wp\/v2\/product\/16680\/revisions\/16753"}],"wp:featuredmedia":[{"embeddable":true,"href":"https:\/\/libreriaelprincipito.com\/index.php?rest_route=\/wp\/v2\/media\/18599"}],"wp:attachment":[{"href":"https:\/\/libreriaelprincipito.com\/index.php?rest_route=%2Fwp%2Fv2%2Fmedia&parent=16680"}],"wp:term":[{"taxonomy":"product_brand","embeddable":true,"href":"https:\/\/libreriaelprincipito.com\/index.php?rest_route=%2Fwp%2Fv2%2Fproduct_brand&post=16680"},{"taxonomy":"product_cat","embeddable":true,"href":"https:\/\/libreriaelprincipito.com\/index.php?rest_route=%2Fwp%2Fv2%2Fproduct_cat&post=16680"},{"taxonomy":"product_tag","embeddable":true,"href":"https:\/\/libreriaelprincipito.com\/index.php?rest_route=%2Fwp%2Fv2%2Fproduct_tag&post=16680"}],"curies":[{"name":"wp","href":"https:\/\/api.w.org\/{rel}","templated":true}]}}