{"id":16724,"date":"2026-02-06T04:36:35","date_gmt":"2026-02-06T04:36:35","guid":{"rendered":"https:\/\/libreriaelprincipito.com\/?post_type=product&#038;p=16724"},"modified":"2026-02-17T21:25:38","modified_gmt":"2026-02-17T21:25:38","slug":"atlas-ilustrado-dinosaurios","status":"publish","type":"product","link":"https:\/\/libreriaelprincipito.com\/?product=atlas-ilustrado-dinosaurios","title":{"rendered":"ATLAS ILUSTRADO DINOSAURIOS"},"content":{"rendered":"<p>Este libro es una completa puesta al d\u00eda de los conocimientos actuales sobre los dinosaurios. Contiene una descripci\u00f3n detallada de todas las familias, dentro de sus \u00f3rdenes, con m\u00e1s de 700 ilustraciones, 370 dibujos detallados, 200 fotograf\u00edas y unos 110 diagramas explicativos que indican la localizaci\u00f3n de los hallazgos, los periodos en que vivieron esos dinosaurios y su \u00ab\u00e1rbol geneal\u00f3gico\u00bb.<\/p>\n<p>&nbsp;<\/p>\n<p>DETALLES DEL PRODUCTO:<\/p>\n<p>ISBS: 9788430538928<\/p>\n<p>C\u00f3digo: 251010<\/p>\n<p>P\u00e1ginas: 208<\/p>\n<p>Tama\u00f1o: Formato: 23,5 x 27 cm. Carton\u00e9 con cubierta plastificada<\/p>\n","protected":false},"excerpt":{"rendered":"<p>Este libro es una completa puesta al d\u00eda de los conocimientos actuales sobre los dinosaurios. Contiene una descripci\u00f3n detallada de todas las familias, dentro de sus \u00f3rdenes, con m\u00e1s de 700 ilustraciones, 370 dibujos detallados, 200 fotograf\u00edas y unos 110 diagramas explicativos que indican la localizaci\u00f3n de los hallazgos, los periodos en que vivieron esos dinosaurios y su \u00ab\u00e1rbol geneal\u00f3gico\u00bb.<\/p>\n","protected":false},"featured_media":18609,"comment_status":"open","ping_status":"closed","template":"","meta":[],"product_brand":[],"product_cat":[83],"product_tag":[],"class_list":{"0":"post-16724","1":"product","2":"type-product","3":"status-publish","4":"has-post-thumbnail","6":"product_cat-didacticos","8":"first","9":"instock","10":"shipping-taxable","11":"purchasable","12":"product-type-simple"},"jetpack_sharing_enabled":true,"_links":{"self":[{"href":"https:\/\/libreriaelprincipito.com\/index.php?rest_route=\/wp\/v2\/product\/16724","targetHints":{"allow":["GET"]}}],"collection":[{"href":"https:\/\/libreriaelprincipito.com\/index.php?rest_route=\/wp\/v2\/product"}],"about":[{"href":"https:\/\/libreriaelprincipito.com\/index.php?rest_route=\/wp\/v2\/types\/product"}],"replies":[{"embeddable":true,"href":"https:\/\/libreriaelprincipito.com\/index.php?rest_route=%2Fwp%2Fv2%2Fcomments&post=16724"}],"version-history":[{"count":1,"href":"https:\/\/libreriaelprincipito.com\/index.php?rest_route=\/wp\/v2\/product\/16724\/revisions"}],"predecessor-version":[{"id":16780,"href":"https:\/\/libreriaelprincipito.com\/index.php?rest_route=\/wp\/v2\/product\/16724\/revisions\/16780"}],"wp:featuredmedia":[{"embeddable":true,"href":"https:\/\/libreriaelprincipito.com\/index.php?rest_route=\/wp\/v2\/media\/18609"}],"wp:attachment":[{"href":"https:\/\/libreriaelprincipito.com\/index.php?rest_route=%2Fwp%2Fv2%2Fmedia&parent=16724"}],"wp:term":[{"taxonomy":"product_brand","embeddable":true,"href":"https:\/\/libreriaelprincipito.com\/index.php?rest_route=%2Fwp%2Fv2%2Fproduct_brand&post=16724"},{"taxonomy":"product_cat","embeddable":true,"href":"https:\/\/libreriaelprincipito.com\/index.php?rest_route=%2Fwp%2Fv2%2Fproduct_cat&post=16724"},{"taxonomy":"product_tag","embeddable":true,"href":"https:\/\/libreriaelprincipito.com\/index.php?rest_route=%2Fwp%2Fv2%2Fproduct_tag&post=16724"}],"curies":[{"name":"wp","href":"https:\/\/api.w.org\/{rel}","templated":true}]}}