{"id":16764,"date":"2026-02-06T04:37:02","date_gmt":"2026-02-06T04:37:02","guid":{"rendered":"https:\/\/libreriaelprincipito.com\/?post_type=product&#038;p=16764"},"modified":"2026-02-18T13:29:22","modified_gmt":"2026-02-18T13:29:22","slug":"diccionario-de-la-biblia","status":"publish","type":"product","link":"https:\/\/libreriaelprincipito.com\/?product=diccionario-de-la-biblia","title":{"rendered":"DICCIONARIO DE LA BIBLIA"},"content":{"rendered":"<p>Los autores de este libro, Enrich Ballasch y Yolanda Ruiz, han hecho un gran esfuerzo de s\u00edntesis y documentaci\u00f3n para poner a disposici\u00f3n de los lectores el contexto cultural, social y geogr\u00e1fico en el que se desarrolla esta magna obra.<\/p>\n<p>&nbsp;<\/p>\n<p>DETALLES DEL PRODUCTO:<\/p>\n<p>ISBS: 9788499282190<\/p>\n<p>C\u00f3digo: 554051<\/p>\n<p>p\u00e1ginas: 320<\/p>\n<p>Tama\u00f1o: Formato: 14 x 16,5 cm. Cartulina plastificada mate con estampaci\u00f3n plata en relieve.<\/p>\n","protected":false},"excerpt":{"rendered":"<p>Los autores de este libro, Enrich Ballasch y Yolanda Ruiz, han hecho un gran esfuerzo de s\u00edntesis y documentaci\u00f3n para poner a disposici\u00f3n de los lectores el contexto cultural, social y geogr\u00e1fico en el que se desarrolla esta magna obra.<\/p>\n","protected":false},"featured_media":18626,"comment_status":"open","ping_status":"closed","template":"","meta":[],"product_brand":[],"product_cat":[18],"product_tag":[],"class_list":{"0":"post-16764","1":"product","2":"type-product","3":"status-publish","4":"has-post-thumbnail","6":"product_cat-sin-categorizar","8":"first","9":"instock","10":"shipping-taxable","11":"purchasable","12":"product-type-simple"},"jetpack_sharing_enabled":true,"_links":{"self":[{"href":"https:\/\/libreriaelprincipito.com\/index.php?rest_route=\/wp\/v2\/product\/16764","targetHints":{"allow":["GET"]}}],"collection":[{"href":"https:\/\/libreriaelprincipito.com\/index.php?rest_route=\/wp\/v2\/product"}],"about":[{"href":"https:\/\/libreriaelprincipito.com\/index.php?rest_route=\/wp\/v2\/types\/product"}],"replies":[{"embeddable":true,"href":"https:\/\/libreriaelprincipito.com\/index.php?rest_route=%2Fwp%2Fv2%2Fcomments&post=16764"}],"version-history":[{"count":1,"href":"https:\/\/libreriaelprincipito.com\/index.php?rest_route=\/wp\/v2\/product\/16764\/revisions"}],"predecessor-version":[{"id":16829,"href":"https:\/\/libreriaelprincipito.com\/index.php?rest_route=\/wp\/v2\/product\/16764\/revisions\/16829"}],"wp:featuredmedia":[{"embeddable":true,"href":"https:\/\/libreriaelprincipito.com\/index.php?rest_route=\/wp\/v2\/media\/18626"}],"wp:attachment":[{"href":"https:\/\/libreriaelprincipito.com\/index.php?rest_route=%2Fwp%2Fv2%2Fmedia&parent=16764"}],"wp:term":[{"taxonomy":"product_brand","embeddable":true,"href":"https:\/\/libreriaelprincipito.com\/index.php?rest_route=%2Fwp%2Fv2%2Fproduct_brand&post=16764"},{"taxonomy":"product_cat","embeddable":true,"href":"https:\/\/libreriaelprincipito.com\/index.php?rest_route=%2Fwp%2Fv2%2Fproduct_cat&post=16764"},{"taxonomy":"product_tag","embeddable":true,"href":"https:\/\/libreriaelprincipito.com\/index.php?rest_route=%2Fwp%2Fv2%2Fproduct_tag&post=16764"}],"curies":[{"name":"wp","href":"https:\/\/api.w.org\/{rel}","templated":true}]}}