{"id":16765,"date":"2026-02-06T04:37:02","date_gmt":"2026-02-06T04:37:02","guid":{"rendered":"https:\/\/libreriaelprincipito.com\/?post_type=product&#038;p=16765"},"modified":"2026-02-18T13:30:25","modified_gmt":"2026-02-18T13:30:25","slug":"atlas-ilustrado-de-la-biblia","status":"publish","type":"product","link":"https:\/\/libreriaelprincipito.com\/?product=atlas-ilustrado-de-la-biblia","title":{"rendered":"ATLAS ILUSTRADO DE LA BIBLIA"},"content":{"rendered":"<p>Este libro trata de acercar al lector los principales textos de la Biblia con un lenguaje asequible y actualizado, y los acompa\u00f1a con mapas, cuadros explicativos y muy bellas im\u00e1genes de artistas de todos los tiempos. Un libro para consultar y disfrutar de esta obra magna de la religi\u00f3n y la cultura occidental.<\/p>\n<p>&nbsp;<\/p>\n<p>DETALLES DEL PRODUCTO:<\/p>\n<p>ISBS: 9788467722888<\/p>\n<p>C\u00f3digo: 254052<\/p>\n<p>p\u00e1ginas: 256<\/p>\n<p>Tama\u00f1o: Formato: 23,5 x 27 cm. Carton\u00e9 con cubierta plastificada mate y estampaci\u00f3n rojo y brillo<\/p>\n","protected":false},"excerpt":{"rendered":"<p>Este libro trata de acercar al lector los principales textos de la Biblia con un lenguaje asequible y actualizado, y los acompa\u00f1a con mapas, cuadros explicativos y muy bellas im\u00e1genes de artistas de todos los tiempos. Un libro para consultar y disfrutar de esta obra magna de la religi\u00f3n y la cultura occidental.<\/p>\n","protected":false},"featured_media":18627,"comment_status":"open","ping_status":"closed","template":"","meta":[],"product_brand":[],"product_cat":[18],"product_tag":[],"class_list":{"0":"post-16765","1":"product","2":"type-product","3":"status-publish","4":"has-post-thumbnail","6":"product_cat-sin-categorizar","8":"first","9":"instock","10":"shipping-taxable","11":"purchasable","12":"product-type-simple"},"jetpack_sharing_enabled":true,"_links":{"self":[{"href":"https:\/\/libreriaelprincipito.com\/index.php?rest_route=\/wp\/v2\/product\/16765","targetHints":{"allow":["GET"]}}],"collection":[{"href":"https:\/\/libreriaelprincipito.com\/index.php?rest_route=\/wp\/v2\/product"}],"about":[{"href":"https:\/\/libreriaelprincipito.com\/index.php?rest_route=\/wp\/v2\/types\/product"}],"replies":[{"embeddable":true,"href":"https:\/\/libreriaelprincipito.com\/index.php?rest_route=%2Fwp%2Fv2%2Fcomments&post=16765"}],"version-history":[{"count":1,"href":"https:\/\/libreriaelprincipito.com\/index.php?rest_route=\/wp\/v2\/product\/16765\/revisions"}],"predecessor-version":[{"id":16831,"href":"https:\/\/libreriaelprincipito.com\/index.php?rest_route=\/wp\/v2\/product\/16765\/revisions\/16831"}],"wp:featuredmedia":[{"embeddable":true,"href":"https:\/\/libreriaelprincipito.com\/index.php?rest_route=\/wp\/v2\/media\/18627"}],"wp:attachment":[{"href":"https:\/\/libreriaelprincipito.com\/index.php?rest_route=%2Fwp%2Fv2%2Fmedia&parent=16765"}],"wp:term":[{"taxonomy":"product_brand","embeddable":true,"href":"https:\/\/libreriaelprincipito.com\/index.php?rest_route=%2Fwp%2Fv2%2Fproduct_brand&post=16765"},{"taxonomy":"product_cat","embeddable":true,"href":"https:\/\/libreriaelprincipito.com\/index.php?rest_route=%2Fwp%2Fv2%2Fproduct_cat&post=16765"},{"taxonomy":"product_tag","embeddable":true,"href":"https:\/\/libreriaelprincipito.com\/index.php?rest_route=%2Fwp%2Fv2%2Fproduct_tag&post=16765"}],"curies":[{"name":"wp","href":"https:\/\/api.w.org\/{rel}","templated":true}]}}