{"id":16766,"date":"2026-02-06T04:37:02","date_gmt":"2026-02-06T04:37:02","guid":{"rendered":"https:\/\/libreriaelprincipito.com\/?post_type=product&#038;p=16766"},"modified":"2026-02-18T13:31:49","modified_gmt":"2026-02-18T13:31:49","slug":"oraciones-a-mi-angel-de-la-guarda","status":"publish","type":"product","link":"https:\/\/libreriaelprincipito.com\/?product=oraciones-a-mi-angel-de-la-guarda","title":{"rendered":"ORACIONES A MI ANGEL DE LA GUARDA"},"content":{"rendered":"<p>DETALLES DEL PRODUCTO:<\/p>\n<p>ISBS: 9788467741520<\/p>\n<p>C\u00f3digo: 554058<\/p>\n<p>p\u00e1ginas: 46<\/p>\n<p>Tama\u00f1o: Formato: 16 x 22cm. Carton\u00e9 con cubierta plastificada mate, acolchada y con estampaci\u00f3n plata.<\/p>\n","protected":false},"excerpt":{"rendered":"<p>DETALLES DEL PRODUCTO: ISBS: 9788467741520 C\u00f3digo: 554058 p\u00e1ginas: 46 Tama\u00f1o: Formato: 16 x 22cm. Carton\u00e9 con cubierta plastificada mate, acolchada<\/p>\n","protected":false},"featured_media":18628,"comment_status":"open","ping_status":"closed","template":"","meta":[],"product_brand":[],"product_cat":[74],"product_tag":[],"class_list":{"0":"post-16766","1":"product","2":"type-product","3":"status-publish","4":"has-post-thumbnail","6":"product_cat-infantil","8":"first","9":"instock","10":"shipping-taxable","11":"purchasable","12":"product-type-simple"},"jetpack_sharing_enabled":true,"_links":{"self":[{"href":"https:\/\/libreriaelprincipito.com\/index.php?rest_route=\/wp\/v2\/product\/16766","targetHints":{"allow":["GET"]}}],"collection":[{"href":"https:\/\/libreriaelprincipito.com\/index.php?rest_route=\/wp\/v2\/product"}],"about":[{"href":"https:\/\/libreriaelprincipito.com\/index.php?rest_route=\/wp\/v2\/types\/product"}],"replies":[{"embeddable":true,"href":"https:\/\/libreriaelprincipito.com\/index.php?rest_route=%2Fwp%2Fv2%2Fcomments&post=16766"}],"version-history":[{"count":1,"href":"https:\/\/libreriaelprincipito.com\/index.php?rest_route=\/wp\/v2\/product\/16766\/revisions"}],"predecessor-version":[{"id":16833,"href":"https:\/\/libreriaelprincipito.com\/index.php?rest_route=\/wp\/v2\/product\/16766\/revisions\/16833"}],"wp:featuredmedia":[{"embeddable":true,"href":"https:\/\/libreriaelprincipito.com\/index.php?rest_route=\/wp\/v2\/media\/18628"}],"wp:attachment":[{"href":"https:\/\/libreriaelprincipito.com\/index.php?rest_route=%2Fwp%2Fv2%2Fmedia&parent=16766"}],"wp:term":[{"taxonomy":"product_brand","embeddable":true,"href":"https:\/\/libreriaelprincipito.com\/index.php?rest_route=%2Fwp%2Fv2%2Fproduct_brand&post=16766"},{"taxonomy":"product_cat","embeddable":true,"href":"https:\/\/libreriaelprincipito.com\/index.php?rest_route=%2Fwp%2Fv2%2Fproduct_cat&post=16766"},{"taxonomy":"product_tag","embeddable":true,"href":"https:\/\/libreriaelprincipito.com\/index.php?rest_route=%2Fwp%2Fv2%2Fproduct_tag&post=16766"}],"curies":[{"name":"wp","href":"https:\/\/api.w.org\/{rel}","templated":true}]}}