{"id":16767,"date":"2026-02-06T04:37:02","date_gmt":"2026-02-06T04:37:02","guid":{"rendered":"https:\/\/libreriaelprincipito.com\/?post_type=product&#038;p=16767"},"modified":"2026-02-18T13:37:50","modified_gmt":"2026-02-18T13:37:50","slug":"historias-de-la-biblia","status":"publish","type":"product","link":"https:\/\/libreriaelprincipito.com\/?product=historias-de-la-biblia","title":{"rendered":"HISTORIAS DE LA BIBLIA"},"content":{"rendered":"<p>En este libro, encontrar\u00e1s algunos de los relatos b\u00edblicos m\u00e1s conocidos, que te ayudar\u00e1n a conocer mejor la historia de los cristianos, desde la creaci\u00f3n del Universo, pasando por el anuncio del \u00e1ngel a la Virgen Mar\u00eda o la llegada de los Reyes Magos, hasta la muerte de Jes\u00fas. Todo ello, con unas preciosas ilustraciones y unos textos sencillos y cercanos para los peque\u00f1os lectores.<\/p>\n<p>&nbsp;<\/p>\n<p>DETALLES DEL PRODUCTO:<\/p>\n<p>ISBS: 9788467713343<\/p>\n<p>C\u00f3digo: 254059<\/p>\n<p>p\u00e1ginas: 48<\/p>\n<p>Tama\u00f1o: Formato: 16 x 22cm. Carton\u00e9 con cubierta plastificada mate, acolchada y con estampaci\u00f3n plata.<\/p>\n","protected":false},"excerpt":{"rendered":"<p>En este libro, encontrar\u00e1s algunos de los relatos b\u00edblicos m\u00e1s conocidos, que te ayudar\u00e1n a conocer mejor la historia de los cristianos, desde la creaci\u00f3n del Universo, pasando por el anuncio del \u00e1ngel a la Virgen Mar\u00eda o la llegada de los Reyes Magos, hasta la muerte de Jes\u00fas. Todo ello, con unas preciosas ilustraciones y unos textos sencillos y cercanos para los peque\u00f1os lectores.<\/p>\n","protected":false},"featured_media":18633,"comment_status":"open","ping_status":"closed","template":"","meta":[],"product_brand":[],"product_cat":[74],"product_tag":[],"class_list":{"0":"post-16767","1":"product","2":"type-product","3":"status-publish","4":"has-post-thumbnail","6":"product_cat-infantil","8":"first","9":"instock","10":"shipping-taxable","11":"purchasable","12":"product-type-simple"},"jetpack_sharing_enabled":true,"_links":{"self":[{"href":"https:\/\/libreriaelprincipito.com\/index.php?rest_route=\/wp\/v2\/product\/16767","targetHints":{"allow":["GET"]}}],"collection":[{"href":"https:\/\/libreriaelprincipito.com\/index.php?rest_route=\/wp\/v2\/product"}],"about":[{"href":"https:\/\/libreriaelprincipito.com\/index.php?rest_route=\/wp\/v2\/types\/product"}],"replies":[{"embeddable":true,"href":"https:\/\/libreriaelprincipito.com\/index.php?rest_route=%2Fwp%2Fv2%2Fcomments&post=16767"}],"version-history":[{"count":1,"href":"https:\/\/libreriaelprincipito.com\/index.php?rest_route=\/wp\/v2\/product\/16767\/revisions"}],"predecessor-version":[{"id":16835,"href":"https:\/\/libreriaelprincipito.com\/index.php?rest_route=\/wp\/v2\/product\/16767\/revisions\/16835"}],"wp:featuredmedia":[{"embeddable":true,"href":"https:\/\/libreriaelprincipito.com\/index.php?rest_route=\/wp\/v2\/media\/18633"}],"wp:attachment":[{"href":"https:\/\/libreriaelprincipito.com\/index.php?rest_route=%2Fwp%2Fv2%2Fmedia&parent=16767"}],"wp:term":[{"taxonomy":"product_brand","embeddable":true,"href":"https:\/\/libreriaelprincipito.com\/index.php?rest_route=%2Fwp%2Fv2%2Fproduct_brand&post=16767"},{"taxonomy":"product_cat","embeddable":true,"href":"https:\/\/libreriaelprincipito.com\/index.php?rest_route=%2Fwp%2Fv2%2Fproduct_cat&post=16767"},{"taxonomy":"product_tag","embeddable":true,"href":"https:\/\/libreriaelprincipito.com\/index.php?rest_route=%2Fwp%2Fv2%2Fproduct_tag&post=16767"}],"curies":[{"name":"wp","href":"https:\/\/api.w.org\/{rel}","templated":true}]}}