{"id":16769,"date":"2026-02-06T04:37:02","date_gmt":"2026-02-06T04:37:02","guid":{"rendered":"https:\/\/libreriaelprincipito.com\/?post_type=product&#038;p=16769"},"modified":"2026-02-18T13:35:51","modified_gmt":"2026-02-18T13:35:51","slug":"peq-enciclopedia-maquillaje","status":"publish","type":"product","link":"https:\/\/libreriaelprincipito.com\/?product=peq-enciclopedia-maquillaje","title":{"rendered":"PEQ.ENCICLOPEDIA &#8211; MAQUILLAJE"},"content":{"rendered":"<p>\u00bfQuieres sentirte guapa y en forma? Descubre los mejores trucos de belleza y maquillaje. Unas tablas de ejercicios sencillos pero dise\u00f1ados por profesionales te ense\u00f1ar\u00e1n a conseguir un vientre plano y luchar contra la celulitis, adem\u00e1s de acabar con tus dolores de espalda.<\/p>\n<p>&nbsp;<\/p>\n<p>DETALLES DEL PRODUCTO:<\/p>\n<p>ISBS: 9788499281995<\/p>\n<p>C\u00f3digo: 254064<\/p>\n<p>P\u00e1ginas: 384<\/p>\n<p>Tama\u00f1o: Formato: 14 x 16,5 cm. Cartulina mate con estampaci\u00f3n fucsia en relieve.<\/p>\n","protected":false},"excerpt":{"rendered":"<p>\u00bfQuieres sentirte guapa y en forma? Descubre los mejores trucos de belleza y maquillaje. Unas tablas de ejercicios sencillos pero dise\u00f1ados por profesionales te ense\u00f1ar\u00e1n a conseguir un vientre plano y luchar contra la celulitis, adem\u00e1s de acabar con tus dolores de espalda<\/p>\n","protected":false},"featured_media":18632,"comment_status":"open","ping_status":"closed","template":"","meta":[],"product_brand":[],"product_cat":[18],"product_tag":[],"class_list":{"0":"post-16769","1":"product","2":"type-product","3":"status-publish","4":"has-post-thumbnail","6":"product_cat-sin-categorizar","8":"first","9":"instock","10":"shipping-taxable","11":"purchasable","12":"product-type-simple"},"jetpack_sharing_enabled":true,"_links":{"self":[{"href":"https:\/\/libreriaelprincipito.com\/index.php?rest_route=\/wp\/v2\/product\/16769","targetHints":{"allow":["GET"]}}],"collection":[{"href":"https:\/\/libreriaelprincipito.com\/index.php?rest_route=\/wp\/v2\/product"}],"about":[{"href":"https:\/\/libreriaelprincipito.com\/index.php?rest_route=\/wp\/v2\/types\/product"}],"replies":[{"embeddable":true,"href":"https:\/\/libreriaelprincipito.com\/index.php?rest_route=%2Fwp%2Fv2%2Fcomments&post=16769"}],"version-history":[{"count":1,"href":"https:\/\/libreriaelprincipito.com\/index.php?rest_route=\/wp\/v2\/product\/16769\/revisions"}],"predecessor-version":[{"id":16839,"href":"https:\/\/libreriaelprincipito.com\/index.php?rest_route=\/wp\/v2\/product\/16769\/revisions\/16839"}],"wp:featuredmedia":[{"embeddable":true,"href":"https:\/\/libreriaelprincipito.com\/index.php?rest_route=\/wp\/v2\/media\/18632"}],"wp:attachment":[{"href":"https:\/\/libreriaelprincipito.com\/index.php?rest_route=%2Fwp%2Fv2%2Fmedia&parent=16769"}],"wp:term":[{"taxonomy":"product_brand","embeddable":true,"href":"https:\/\/libreriaelprincipito.com\/index.php?rest_route=%2Fwp%2Fv2%2Fproduct_brand&post=16769"},{"taxonomy":"product_cat","embeddable":true,"href":"https:\/\/libreriaelprincipito.com\/index.php?rest_route=%2Fwp%2Fv2%2Fproduct_cat&post=16769"},{"taxonomy":"product_tag","embeddable":true,"href":"https:\/\/libreriaelprincipito.com\/index.php?rest_route=%2Fwp%2Fv2%2Fproduct_tag&post=16769"}],"curies":[{"name":"wp","href":"https:\/\/api.w.org\/{rel}","templated":true}]}}