{"id":16772,"date":"2026-02-06T04:37:02","date_gmt":"2026-02-06T04:37:02","guid":{"rendered":"https:\/\/libreriaelprincipito.com\/?post_type=product&#038;p=16772"},"modified":"2026-02-18T13:32:50","modified_gmt":"2026-02-18T13:32:50","slug":"mandalas-antiestres-arte-morisco","status":"publish","type":"product","link":"https:\/\/libreriaelprincipito.com\/?product=mandalas-antiestres-arte-morisco","title":{"rendered":"MANDALAS ANTIESTRES ARTE MORISCO"},"content":{"rendered":"<p>Deja atr\u00e1s las inquietudes del d\u00eda y despierta al artista que llevas dentro con esta exquisita selecci\u00f3n de m\u00e1s de 60 l\u00e1minas para colorear de inspiraci\u00f3n morisca.<\/p>\n<p>&nbsp;<\/p>\n<p>DETALLES DEL PRODUCTO:<\/p>\n<p>ISBS: 9788467782714<\/p>\n<p>C\u00f3digo: 255155<\/p>\n<p>P\u00e1ginas: 128 p\u00e1ginas.<\/p>\n<p>Tama\u00f1o: Formato 19 x 27cm. Cartulina plastificada brillo con base de cart\u00f3n<\/p>\n","protected":false},"excerpt":{"rendered":"<p>Deja atr\u00e1s las inquietudes del d\u00eda y despierta al artista que llevas dentro con esta exquisita selecci\u00f3n de m\u00e1s de 60 l\u00e1minas para colorear de inspiraci\u00f3n morisca.<\/p>\n","protected":false},"featured_media":18629,"comment_status":"open","ping_status":"closed","template":"","meta":[],"product_brand":[],"product_cat":[18],"product_tag":[],"class_list":{"0":"post-16772","1":"product","2":"type-product","3":"status-publish","4":"has-post-thumbnail","6":"product_cat-sin-categorizar","8":"first","9":"instock","10":"shipping-taxable","11":"purchasable","12":"product-type-simple"},"jetpack_sharing_enabled":true,"_links":{"self":[{"href":"https:\/\/libreriaelprincipito.com\/index.php?rest_route=\/wp\/v2\/product\/16772","targetHints":{"allow":["GET"]}}],"collection":[{"href":"https:\/\/libreriaelprincipito.com\/index.php?rest_route=\/wp\/v2\/product"}],"about":[{"href":"https:\/\/libreriaelprincipito.com\/index.php?rest_route=\/wp\/v2\/types\/product"}],"replies":[{"embeddable":true,"href":"https:\/\/libreriaelprincipito.com\/index.php?rest_route=%2Fwp%2Fv2%2Fcomments&post=16772"}],"version-history":[{"count":1,"href":"https:\/\/libreriaelprincipito.com\/index.php?rest_route=\/wp\/v2\/product\/16772\/revisions"}],"predecessor-version":[{"id":16845,"href":"https:\/\/libreriaelprincipito.com\/index.php?rest_route=\/wp\/v2\/product\/16772\/revisions\/16845"}],"wp:featuredmedia":[{"embeddable":true,"href":"https:\/\/libreriaelprincipito.com\/index.php?rest_route=\/wp\/v2\/media\/18629"}],"wp:attachment":[{"href":"https:\/\/libreriaelprincipito.com\/index.php?rest_route=%2Fwp%2Fv2%2Fmedia&parent=16772"}],"wp:term":[{"taxonomy":"product_brand","embeddable":true,"href":"https:\/\/libreriaelprincipito.com\/index.php?rest_route=%2Fwp%2Fv2%2Fproduct_brand&post=16772"},{"taxonomy":"product_cat","embeddable":true,"href":"https:\/\/libreriaelprincipito.com\/index.php?rest_route=%2Fwp%2Fv2%2Fproduct_cat&post=16772"},{"taxonomy":"product_tag","embeddable":true,"href":"https:\/\/libreriaelprincipito.com\/index.php?rest_route=%2Fwp%2Fv2%2Fproduct_tag&post=16772"}],"curies":[{"name":"wp","href":"https:\/\/api.w.org\/{rel}","templated":true}]}}