{"id":16806,"date":"2026-02-06T04:37:23","date_gmt":"2026-02-06T04:37:23","guid":{"rendered":"https:\/\/libreriaelprincipito.com\/?post_type=product&#038;p=16806"},"modified":"2026-03-06T16:18:41","modified_gmt":"2026-03-06T16:18:41","slug":"mandalas-infantiles-para-colorear-rojo","status":"publish","type":"product","link":"https:\/\/libreriaelprincipito.com\/?product=mandalas-infantiles-para-colorear-rojo","title":{"rendered":"MANDALAS INFANTILES PARA COLOREAR &#8211; ROJO"},"content":{"rendered":"<p>Deja atr\u00e1s las inquietudes del d\u00eda y despierta al artista que llevas dentro con esta exquisita selecci\u00f3n de m\u00e1s de 60 l\u00e1minas para colorear de inspiraci\u00f3n egipcia.<\/p>\n<p>&nbsp;<\/p>\n<p>DETALLES DEL PRODUCTO:<\/p>\n<p>ISBS: 9788418565298<\/p>\n<p>C\u00f3digo: 455164<\/p>\n<p>P\u00e1ginas: 24<\/p>\n<p>Tama\u00f1o: Formato: 21.5 x 28 cm. Cartulina plastificada brillo con base de cart\u00f3n<\/p>\n","protected":false},"excerpt":{"rendered":"<p>Deja atr\u00e1s las inquietudes del d\u00eda y despierta al artista que llevas dentro con esta exquisita selecci\u00f3n de m\u00e1s de 60 l\u00e1minas para colorear de inspiraci\u00f3n egipcia.<\/p>\n","protected":false},"featured_media":19164,"comment_status":"open","ping_status":"closed","template":"","meta":[],"product_brand":[],"product_cat":[18],"product_tag":[],"class_list":{"0":"post-16806","1":"product","2":"type-product","3":"status-publish","4":"has-post-thumbnail","6":"product_cat-sin-categorizar","8":"first","9":"instock","10":"shipping-taxable","11":"purchasable","12":"product-type-simple"},"jetpack_sharing_enabled":true,"_links":{"self":[{"href":"https:\/\/libreriaelprincipito.com\/index.php?rest_route=\/wp\/v2\/product\/16806","targetHints":{"allow":["GET"]}}],"collection":[{"href":"https:\/\/libreriaelprincipito.com\/index.php?rest_route=\/wp\/v2\/product"}],"about":[{"href":"https:\/\/libreriaelprincipito.com\/index.php?rest_route=\/wp\/v2\/types\/product"}],"replies":[{"embeddable":true,"href":"https:\/\/libreriaelprincipito.com\/index.php?rest_route=%2Fwp%2Fv2%2Fcomments&post=16806"}],"version-history":[{"count":2,"href":"https:\/\/libreriaelprincipito.com\/index.php?rest_route=\/wp\/v2\/product\/16806\/revisions"}],"predecessor-version":[{"id":19165,"href":"https:\/\/libreriaelprincipito.com\/index.php?rest_route=\/wp\/v2\/product\/16806\/revisions\/19165"}],"wp:featuredmedia":[{"embeddable":true,"href":"https:\/\/libreriaelprincipito.com\/index.php?rest_route=\/wp\/v2\/media\/19164"}],"wp:attachment":[{"href":"https:\/\/libreriaelprincipito.com\/index.php?rest_route=%2Fwp%2Fv2%2Fmedia&parent=16806"}],"wp:term":[{"taxonomy":"product_brand","embeddable":true,"href":"https:\/\/libreriaelprincipito.com\/index.php?rest_route=%2Fwp%2Fv2%2Fproduct_brand&post=16806"},{"taxonomy":"product_cat","embeddable":true,"href":"https:\/\/libreriaelprincipito.com\/index.php?rest_route=%2Fwp%2Fv2%2Fproduct_cat&post=16806"},{"taxonomy":"product_tag","embeddable":true,"href":"https:\/\/libreriaelprincipito.com\/index.php?rest_route=%2Fwp%2Fv2%2Fproduct_tag&post=16806"}],"curies":[{"name":"wp","href":"https:\/\/api.w.org\/{rel}","templated":true}]}}