{"id":16814,"date":"2026-02-06T04:37:23","date_gmt":"2026-02-06T04:37:23","guid":{"rendered":"https:\/\/libreriaelprincipito.com\/?post_type=product&#038;p=16814"},"modified":"2026-02-18T13:42:34","modified_gmt":"2026-02-18T13:42:34","slug":"jardineria-para-ninos","status":"publish","type":"product","link":"https:\/\/libreriaelprincipito.com\/?product=jardineria-para-ninos","title":{"rendered":"JARDINERIA PARA NI\u00d1OS"},"content":{"rendered":"<p>Cuando hace un d\u00eda bonito y soleado, salir al jard\u00edn a cuidar las plantas es una idea genial. A los ni\u00f1os les encanta jugar, pero, sobre todo, disfrutan de la compa\u00f1\u00eda de los dem\u00e1s durante las actividades. Cuando ven florecer y crecer algo que ellos mismos plantaron, se llenan de orgullo y satisfacci\u00f3n. Con amplias ilustraciones y consejos originales, este libro tiene todo lo que los ni\u00f1os necesitan para disfrutar del tiempo en el jard\u00edn. Incluye pala y guantes.<\/p>\n<p>&nbsp;<\/p>\n<p>DETALLES DEL PRODUCTO:<\/p>\n<p>ISBS: 9788498065299<\/p>\n<p>C\u00f3digo: 458031<\/p>\n<p>P\u00e1ginas: 13<\/p>\n<p>Tama\u00f1o: Formato: 36.8 x 25.2 cm. Carton\u00e9 con cubierta plastificada brillante.<\/p>\n","protected":false},"excerpt":{"rendered":"<p>Cuando hace un d\u00eda bonito y soleado, salir al jard\u00edn a cuidar las plantas es una idea genial. A los ni\u00f1os les encanta jugar, pero, sobre todo, disfrutan de la compa\u00f1\u00eda de los dem\u00e1s durante las actividades. Cuando ven florecer y crecer algo que ellos mismos plantaron, se llenan de orgullo y satisfacci\u00f3n. Con amplias ilustraciones y consejos originales, este libro tiene todo lo que los ni\u00f1os necesitan para disfrutar del tiempo en el jard\u00edn. Incluye pala y guantes.<\/p>\n","protected":false},"featured_media":18637,"comment_status":"open","ping_status":"closed","template":"","meta":[],"product_brand":[],"product_cat":[83,74],"product_tag":[],"class_list":{"0":"post-16814","1":"product","2":"type-product","3":"status-publish","4":"has-post-thumbnail","6":"product_cat-didacticos","7":"product_cat-infantil","9":"first","10":"instock","11":"shipping-taxable","12":"purchasable","13":"product-type-simple"},"jetpack_sharing_enabled":true,"_links":{"self":[{"href":"https:\/\/libreriaelprincipito.com\/index.php?rest_route=\/wp\/v2\/product\/16814","targetHints":{"allow":["GET"]}}],"collection":[{"href":"https:\/\/libreriaelprincipito.com\/index.php?rest_route=\/wp\/v2\/product"}],"about":[{"href":"https:\/\/libreriaelprincipito.com\/index.php?rest_route=\/wp\/v2\/types\/product"}],"replies":[{"embeddable":true,"href":"https:\/\/libreriaelprincipito.com\/index.php?rest_route=%2Fwp%2Fv2%2Fcomments&post=16814"}],"version-history":[{"count":1,"href":"https:\/\/libreriaelprincipito.com\/index.php?rest_route=\/wp\/v2\/product\/16814\/revisions"}],"predecessor-version":[{"id":16888,"href":"https:\/\/libreriaelprincipito.com\/index.php?rest_route=\/wp\/v2\/product\/16814\/revisions\/16888"}],"wp:featuredmedia":[{"embeddable":true,"href":"https:\/\/libreriaelprincipito.com\/index.php?rest_route=\/wp\/v2\/media\/18637"}],"wp:attachment":[{"href":"https:\/\/libreriaelprincipito.com\/index.php?rest_route=%2Fwp%2Fv2%2Fmedia&parent=16814"}],"wp:term":[{"taxonomy":"product_brand","embeddable":true,"href":"https:\/\/libreriaelprincipito.com\/index.php?rest_route=%2Fwp%2Fv2%2Fproduct_brand&post=16814"},{"taxonomy":"product_cat","embeddable":true,"href":"https:\/\/libreriaelprincipito.com\/index.php?rest_route=%2Fwp%2Fv2%2Fproduct_cat&post=16814"},{"taxonomy":"product_tag","embeddable":true,"href":"https:\/\/libreriaelprincipito.com\/index.php?rest_route=%2Fwp%2Fv2%2Fproduct_tag&post=16814"}],"curies":[{"name":"wp","href":"https:\/\/api.w.org\/{rel}","templated":true}]}}