{"id":16932,"date":"2026-02-06T04:38:32","date_gmt":"2026-02-06T04:38:32","guid":{"rendered":"https:\/\/libreriaelprincipito.com\/?post_type=product&#038;p=16932"},"modified":"2026-02-18T14:26:33","modified_gmt":"2026-02-18T14:26:33","slug":"simbad-el-marino-nivel-1","status":"publish","type":"product","link":"https:\/\/libreriaelprincipito.com\/?product=simbad-el-marino-nivel-1","title":{"rendered":"SIMBAD EL MARINO, NIVEL 1"},"content":{"rendered":"<p>Las aventuras de Simbad el marino son asombrosas y divertidas. En este libro viajar\u00e1s con Simbad por muchos mares y llegar\u00e1s a islas que en realidad eran ballenas, conocer\u00e1s monstruos de un solo ojo y descubrir\u00e1s tesoros de diamantes guardados por serpientes venenosas&#8230;<\/p>\n<p>&nbsp;<\/p>\n<p>DETALLES DEL PRODUCTO:<\/p>\n<p>ISBS: 9788467775815<\/p>\n<p>C\u00f3digo: 273022<\/p>\n<p>P\u00e1ginas: 32<\/p>\n<p>Tama\u00f1o: Formato: 13,7 x 20,3 cm. Carton\u00e9 con cubierta plastificada mate y brillo.<\/p>\n","protected":false},"excerpt":{"rendered":"<p>Las aventuras de Simbad el marino son asombrosas y divertidas. En este libro viajar\u00e1s con Simbad por muchos mares y llegar\u00e1s a islas que en realidad eran ballenas, conocer\u00e1s monstruos de un solo ojo y descubrir\u00e1s tesoros de diamantes guardados por serpientes venenosas&#8230;<\/p>\n","protected":false},"featured_media":18670,"comment_status":"open","ping_status":"closed","template":"","meta":[],"product_brand":[],"product_cat":[74,81],"product_tag":[],"class_list":{"0":"post-16932","1":"product","2":"type-product","3":"status-publish","4":"has-post-thumbnail","6":"product_cat-infantil","7":"product_cat-plan-lector","9":"first","10":"instock","11":"shipping-taxable","12":"purchasable","13":"product-type-simple"},"jetpack_sharing_enabled":true,"_links":{"self":[{"href":"https:\/\/libreriaelprincipito.com\/index.php?rest_route=\/wp\/v2\/product\/16932","targetHints":{"allow":["GET"]}}],"collection":[{"href":"https:\/\/libreriaelprincipito.com\/index.php?rest_route=\/wp\/v2\/product"}],"about":[{"href":"https:\/\/libreriaelprincipito.com\/index.php?rest_route=\/wp\/v2\/types\/product"}],"replies":[{"embeddable":true,"href":"https:\/\/libreriaelprincipito.com\/index.php?rest_route=%2Fwp%2Fv2%2Fcomments&post=16932"}],"version-history":[{"count":1,"href":"https:\/\/libreriaelprincipito.com\/index.php?rest_route=\/wp\/v2\/product\/16932\/revisions"}],"predecessor-version":[{"id":16999,"href":"https:\/\/libreriaelprincipito.com\/index.php?rest_route=\/wp\/v2\/product\/16932\/revisions\/16999"}],"wp:featuredmedia":[{"embeddable":true,"href":"https:\/\/libreriaelprincipito.com\/index.php?rest_route=\/wp\/v2\/media\/18670"}],"wp:attachment":[{"href":"https:\/\/libreriaelprincipito.com\/index.php?rest_route=%2Fwp%2Fv2%2Fmedia&parent=16932"}],"wp:term":[{"taxonomy":"product_brand","embeddable":true,"href":"https:\/\/libreriaelprincipito.com\/index.php?rest_route=%2Fwp%2Fv2%2Fproduct_brand&post=16932"},{"taxonomy":"product_cat","embeddable":true,"href":"https:\/\/libreriaelprincipito.com\/index.php?rest_route=%2Fwp%2Fv2%2Fproduct_cat&post=16932"},{"taxonomy":"product_tag","embeddable":true,"href":"https:\/\/libreriaelprincipito.com\/index.php?rest_route=%2Fwp%2Fv2%2Fproduct_tag&post=16932"}],"curies":[{"name":"wp","href":"https:\/\/api.w.org\/{rel}","templated":true}]}}