{"id":16934,"date":"2026-02-06T04:38:32","date_gmt":"2026-02-06T04:38:32","guid":{"rendered":"https:\/\/libreriaelprincipito.com\/?post_type=product&#038;p=16934"},"modified":"2026-02-18T14:28:27","modified_gmt":"2026-02-18T14:28:27","slug":"la-casita-de-chocolate-nivel-1","status":"publish","type":"product","link":"https:\/\/libreriaelprincipito.com\/?product=la-casita-de-chocolate-nivel-1","title":{"rendered":"LA CASITA DE CHOCOLATE, NIVEL 1"},"content":{"rendered":"<p>A la entrada del bosque viv\u00edan unos le\u00f1adores pobres con sus dos hijos, Hansel y Gretel, que les ayudaban a recoger le\u00f1a. Un d\u00eda, los ni\u00f1os vivieron una inolvidable aventura cuando se encontraron con una casa fabulosa que ten\u00eda el tejado de chocolate, la chimenea de caramelo y las paredes de turr\u00f3n.<\/p>\n<p>&nbsp;<\/p>\n<p>DETALLES DEL PRODUCTO:<\/p>\n<p>ISBS: 9788467776171<\/p>\n<p>C\u00f3digo: 273025<\/p>\n<p>P\u00e1ginas: 32<\/p>\n<p>Tama\u00f1o: Formato: 13,7 x 20,3 cm. Carton\u00e9 con cubierta plastificada mate y brillo.<\/p>\n","protected":false},"excerpt":{"rendered":"<p>A la entrada del bosque viv\u00edan unos le\u00f1adores pobres con sus dos hijos, Hansel y Gretel, que les ayudaban a recoger le\u00f1a. Un d\u00eda, los ni\u00f1os vivieron una inolvidable aventura cuando se encontraron con una casa fabulosa que ten\u00eda el tejado de chocolate, la chimenea de caramelo y las paredes de turr\u00f3n<\/p>\n","protected":false},"featured_media":18672,"comment_status":"open","ping_status":"closed","template":"","meta":[],"product_brand":[],"product_cat":[74,81],"product_tag":[],"class_list":{"0":"post-16934","1":"product","2":"type-product","3":"status-publish","4":"has-post-thumbnail","6":"product_cat-infantil","7":"product_cat-plan-lector","9":"first","10":"instock","11":"shipping-taxable","12":"purchasable","13":"product-type-simple"},"jetpack_sharing_enabled":true,"_links":{"self":[{"href":"https:\/\/libreriaelprincipito.com\/index.php?rest_route=\/wp\/v2\/product\/16934","targetHints":{"allow":["GET"]}}],"collection":[{"href":"https:\/\/libreriaelprincipito.com\/index.php?rest_route=\/wp\/v2\/product"}],"about":[{"href":"https:\/\/libreriaelprincipito.com\/index.php?rest_route=\/wp\/v2\/types\/product"}],"replies":[{"embeddable":true,"href":"https:\/\/libreriaelprincipito.com\/index.php?rest_route=%2Fwp%2Fv2%2Fcomments&post=16934"}],"version-history":[{"count":1,"href":"https:\/\/libreriaelprincipito.com\/index.php?rest_route=\/wp\/v2\/product\/16934\/revisions"}],"predecessor-version":[{"id":17003,"href":"https:\/\/libreriaelprincipito.com\/index.php?rest_route=\/wp\/v2\/product\/16934\/revisions\/17003"}],"wp:featuredmedia":[{"embeddable":true,"href":"https:\/\/libreriaelprincipito.com\/index.php?rest_route=\/wp\/v2\/media\/18672"}],"wp:attachment":[{"href":"https:\/\/libreriaelprincipito.com\/index.php?rest_route=%2Fwp%2Fv2%2Fmedia&parent=16934"}],"wp:term":[{"taxonomy":"product_brand","embeddable":true,"href":"https:\/\/libreriaelprincipito.com\/index.php?rest_route=%2Fwp%2Fv2%2Fproduct_brand&post=16934"},{"taxonomy":"product_cat","embeddable":true,"href":"https:\/\/libreriaelprincipito.com\/index.php?rest_route=%2Fwp%2Fv2%2Fproduct_cat&post=16934"},{"taxonomy":"product_tag","embeddable":true,"href":"https:\/\/libreriaelprincipito.com\/index.php?rest_route=%2Fwp%2Fv2%2Fproduct_tag&post=16934"}],"curies":[{"name":"wp","href":"https:\/\/api.w.org\/{rel}","templated":true}]}}