{"id":16935,"date":"2026-02-06T04:38:32","date_gmt":"2026-02-06T04:38:32","guid":{"rendered":"https:\/\/libreriaelprincipito.com\/?post_type=product&#038;p=16935"},"modified":"2026-02-18T14:29:50","modified_gmt":"2026-02-18T14:29:50","slug":"el-gato-con-botas-nivel-1","status":"publish","type":"product","link":"https:\/\/libreriaelprincipito.com\/?product=el-gato-con-botas-nivel-1","title":{"rendered":"EL GATO CON BOTAS, NIVEL 1"},"content":{"rendered":"<p>\u00c9rase una vez un molinero muy pobre que, al morir, dej\u00f3 al menor de sus hijos tan solo un gato. Pero no era un gato cualquiera&#8230; Pronto descubri\u00f3 el hijo del molinero la suerte que hab\u00eda tenido con ese gato, que, con un gran ingenio, logr\u00f3 que su amo se convirtiera en marqu\u00e9s.<\/p>\n<p>&nbsp;<\/p>\n<p>DETALLES DEL PRODUCTO:<\/p>\n<p>ISBS: 9788467776188<\/p>\n<p>C\u00f3digo: 273026<\/p>\n<p>P\u00e1ginas: 32<\/p>\n<p>Tama\u00f1o: Formato: 13,7 x 20,3 cm. Carton\u00e9 con cubierta plastificada mate y brillo.<\/p>\n","protected":false},"excerpt":{"rendered":"<p>\u00c9rase una vez un molinero muy pobre que, al morir, dej\u00f3 al menor de sus hijos tan solo un gato. Pero no era un gato cualquiera&#8230; Pronto descubri\u00f3 el hijo del molinero la suerte que hab\u00eda tenido con ese gato, que, con un gran ingenio, logr\u00f3 que su amo se convirtiera en marqu\u00e9s.<\/p>\n","protected":false},"featured_media":18673,"comment_status":"open","ping_status":"closed","template":"","meta":[],"product_brand":[],"product_cat":[74,81],"product_tag":[],"class_list":{"0":"post-16935","1":"product","2":"type-product","3":"status-publish","4":"has-post-thumbnail","6":"product_cat-infantil","7":"product_cat-plan-lector","9":"first","10":"instock","11":"shipping-taxable","12":"purchasable","13":"product-type-simple"},"jetpack_sharing_enabled":true,"_links":{"self":[{"href":"https:\/\/libreriaelprincipito.com\/index.php?rest_route=\/wp\/v2\/product\/16935","targetHints":{"allow":["GET"]}}],"collection":[{"href":"https:\/\/libreriaelprincipito.com\/index.php?rest_route=\/wp\/v2\/product"}],"about":[{"href":"https:\/\/libreriaelprincipito.com\/index.php?rest_route=\/wp\/v2\/types\/product"}],"replies":[{"embeddable":true,"href":"https:\/\/libreriaelprincipito.com\/index.php?rest_route=%2Fwp%2Fv2%2Fcomments&post=16935"}],"version-history":[{"count":1,"href":"https:\/\/libreriaelprincipito.com\/index.php?rest_route=\/wp\/v2\/product\/16935\/revisions"}],"predecessor-version":[{"id":17005,"href":"https:\/\/libreriaelprincipito.com\/index.php?rest_route=\/wp\/v2\/product\/16935\/revisions\/17005"}],"wp:featuredmedia":[{"embeddable":true,"href":"https:\/\/libreriaelprincipito.com\/index.php?rest_route=\/wp\/v2\/media\/18673"}],"wp:attachment":[{"href":"https:\/\/libreriaelprincipito.com\/index.php?rest_route=%2Fwp%2Fv2%2Fmedia&parent=16935"}],"wp:term":[{"taxonomy":"product_brand","embeddable":true,"href":"https:\/\/libreriaelprincipito.com\/index.php?rest_route=%2Fwp%2Fv2%2Fproduct_brand&post=16935"},{"taxonomy":"product_cat","embeddable":true,"href":"https:\/\/libreriaelprincipito.com\/index.php?rest_route=%2Fwp%2Fv2%2Fproduct_cat&post=16935"},{"taxonomy":"product_tag","embeddable":true,"href":"https:\/\/libreriaelprincipito.com\/index.php?rest_route=%2Fwp%2Fv2%2Fproduct_tag&post=16935"}],"curies":[{"name":"wp","href":"https:\/\/api.w.org\/{rel}","templated":true}]}}