{"id":17033,"date":"2026-02-06T04:39:11","date_gmt":"2026-02-06T04:39:11","guid":{"rendered":"https:\/\/libreriaelprincipito.com\/?post_type=product&#038;p=17033"},"modified":"2026-02-18T15:08:06","modified_gmt":"2026-02-18T15:08:06","slug":"antologia-de-terror","status":"publish","type":"product","link":"https:\/\/libreriaelprincipito.com\/?product=antologia-de-terror","title":{"rendered":"ANTOLOG\u00cdA DE TERROR"},"content":{"rendered":"<p>La m\u00e1s antigua y potente emoci\u00f3n del ser humano es el miedo, y el m\u00e1s antiguo y fuerte tipo de p\u00e1nico es el temor a lo desconocido. El horror ha formado parte de las historias orales y escritas de la humanidad desde los albores de los tiempos. historias concebidas para elucidar los misterioros mundos de los sue\u00f1os, explicar lo sobrenatural y aliviar el miedo humano al dolor y la muerte, cuentan con un lugar destacado en la literatura. Al presentar esta Antolog\u00eda de terror hemos seleccionado varios relatos de los m\u00e1s representativos de su \u201cCiclo de Arkham\u201d, el apelativo con el que \u00e9l mismo se refiri\u00f3 a esas historias ambientadas en los alrededores de la ciudad ficticia de Arkham, Massachusetts, y centrales para la mitolog\u00eda que el autor cre\u00f3.<\/p>\n<p>DETALLES DEL PRODUCTO:<\/p>\n<p>ISBS: 9789585505209<\/p>\n<p>C\u00f3digo: 0<\/p>\n<p>P\u00e1ginas: 656<\/p>\n<p>Tama\u00f1o: Formato: 17 x 24 cm, tapa r\u00fastica con plastificado brillante.<\/p>\n","protected":false},"excerpt":{"rendered":"<p>La m\u00e1s antigua y potente emoci\u00f3n del ser humano es el miedo, y el m\u00e1s antiguo y fuerte tipo de p\u00e1nico es el temor a lo desconocido. El horror ha formado parte de las historias orales y escritas de la humanidad desde los albores de los tiempos. historias concebidas para elucidar los misterioros mundos de los sue\u00f1os, explicar lo sobrenatural y aliviar el miedo humano al dolor y la muerte, cuentan con un lugar destacado en la literatura. Al presentar esta Antolog\u00eda de terror hemos seleccionado varios relatos de los m\u00e1s representativos de su \u201cCiclo de Arkham\u201d, el apelativo con el que \u00e9l mismo se refiri\u00f3 a esas historias ambientadas en los alrededores de la ciudad ficticia de Arkham, Massachusetts, y centrales para la mitolog\u00eda que el autor cre\u00f3.<\/p>\n","protected":false},"featured_media":18691,"comment_status":"open","ping_status":"closed","template":"","meta":[],"product_brand":[],"product_cat":[18],"product_tag":[],"class_list":{"0":"post-17033","1":"product","2":"type-product","3":"status-publish","4":"has-post-thumbnail","6":"product_cat-sin-categorizar","8":"first","9":"instock","10":"shipping-taxable","11":"purchasable","12":"product-type-simple"},"jetpack_sharing_enabled":true,"_links":{"self":[{"href":"https:\/\/libreriaelprincipito.com\/index.php?rest_route=\/wp\/v2\/product\/17033","targetHints":{"allow":["GET"]}}],"collection":[{"href":"https:\/\/libreriaelprincipito.com\/index.php?rest_route=\/wp\/v2\/product"}],"about":[{"href":"https:\/\/libreriaelprincipito.com\/index.php?rest_route=\/wp\/v2\/types\/product"}],"replies":[{"embeddable":true,"href":"https:\/\/libreriaelprincipito.com\/index.php?rest_route=%2Fwp%2Fv2%2Fcomments&post=17033"}],"version-history":[{"count":1,"href":"https:\/\/libreriaelprincipito.com\/index.php?rest_route=\/wp\/v2\/product\/17033\/revisions"}],"predecessor-version":[{"id":17067,"href":"https:\/\/libreriaelprincipito.com\/index.php?rest_route=\/wp\/v2\/product\/17033\/revisions\/17067"}],"wp:featuredmedia":[{"embeddable":true,"href":"https:\/\/libreriaelprincipito.com\/index.php?rest_route=\/wp\/v2\/media\/18691"}],"wp:attachment":[{"href":"https:\/\/libreriaelprincipito.com\/index.php?rest_route=%2Fwp%2Fv2%2Fmedia&parent=17033"}],"wp:term":[{"taxonomy":"product_brand","embeddable":true,"href":"https:\/\/libreriaelprincipito.com\/index.php?rest_route=%2Fwp%2Fv2%2Fproduct_brand&post=17033"},{"taxonomy":"product_cat","embeddable":true,"href":"https:\/\/libreriaelprincipito.com\/index.php?rest_route=%2Fwp%2Fv2%2Fproduct_cat&post=17033"},{"taxonomy":"product_tag","embeddable":true,"href":"https:\/\/libreriaelprincipito.com\/index.php?rest_route=%2Fwp%2Fv2%2Fproduct_tag&post=17033"}],"curies":[{"name":"wp","href":"https:\/\/api.w.org\/{rel}","templated":true}]}}