{"id":17099,"date":"2026-02-06T04:39:44","date_gmt":"2026-02-06T04:39:44","guid":{"rendered":"https:\/\/libreriaelprincipito.com\/?post_type=product&#038;p=17099"},"modified":"2026-02-18T16:10:09","modified_gmt":"2026-02-18T16:10:09","slug":"el-gato-negro","status":"publish","type":"product","link":"https:\/\/libreriaelprincipito.com\/?product=el-gato-negro","title":{"rendered":"EL GATO NEGRO"},"content":{"rendered":"<p>\u201cUna noche, al regresar a casa, muy embriagado, de uno de mis lugares predilectos del centro de la ciudad, me imagin\u00e9 que el gato evitaba mi presencia. Lo agarr\u00e9 y, asustado por mi violencia, me mordi\u00f3 levemente en la mano. Al instante se apoder\u00f3 de m\u00ed la furia de un demonio. Ya no me reconoc\u00eda a m\u00ed mismo. Mi alma original pareci\u00f3 volar de pronto de mi cuerpo; y una malevolencia, m\u00e1s que diab\u00f3lica, alimentada por la ginebra, estremeci\u00f3 cada fibra de mi ser. Saqu\u00e9 del bolsillo del chaleco un cortaplumas, lo abr\u00ed, sujet\u00e9 a la pobre bestia por la garganta y \u00a1deliberadamente le saqu\u00e9 un ojo! Siento verg\u00fcenza, me abraso, tiemblo mientras escribo de aquella condenable atrocidad. Cuando con la ma\u00f1ana mi raz\u00f3n retorn\u00f3, cuando con el sue\u00f1o se hab\u00edan pasado los vapores de la org\u00eda nocturna, experiment\u00e9 un sentimiento de horror mezclado con remordimiento ante el crimen del que era culpable, pero solo era un sentimiento d\u00e9bil y equ\u00edvoco, y no lleg\u00f3 a tocar mi alma. Otra vez me hund\u00ed en los excesos y pronto ahogu\u00e9 en vino todo recuerdo del acto.\u201d<\/p>\n<p>DETALLES DEL PRODUCTO:<\/p>\n<p>ISBS: 9789585505148<\/p>\n<p>C\u00f3digo: 0<\/p>\n<p>P\u00e1ginas: 200<\/p>\n<p>Tama\u00f1o: Formato: 13.5 x 21 cm, tapa r\u00fastica con plastificado brillante<\/p>\n","protected":false},"excerpt":{"rendered":"<p>\u201cUna noche, al regresar a casa, muy embriagado, de uno de mis lugares predilectos del centro de la ciudad, me imagin\u00e9 que el gato evitaba mi presencia. Lo agarr\u00e9 y, asustado por mi violencia, me mordi\u00f3 levemente en la mano. Al instante se apoder\u00f3 de m\u00ed la furia de un demonio. Ya no me reconoc\u00eda a m\u00ed mismo. Mi alma original pareci\u00f3 volar de pronto de mi cuerpo; y una malevolencia, m\u00e1s que diab\u00f3lica, alimentada por la ginebra, estremeci\u00f3 cada fibra de mi ser. Saqu\u00e9 del bolsillo del chaleco un cortaplumas, lo abr\u00ed, sujet\u00e9 a la pobre bestia por la garganta y \u00a1deliberadamente le saqu\u00e9 un ojo! Siento verg\u00fcenza, me abraso, tiemblo mientras escribo de aquella condenable atrocidad. Cuando con la ma\u00f1ana mi raz\u00f3n retorn\u00f3, cuando con el sue\u00f1o se hab\u00edan pasado los vapores de la org\u00eda nocturna, experiment\u00e9 un sentimiento de horror mezclado con remordimiento ante el crimen del que era culpable, pero solo era un sentimiento d\u00e9bil y equ\u00edvoco, y no lleg\u00f3 a tocar mi alma. Otra vez me hund\u00ed en los excesos y pronto ahogu\u00e9 en vino todo recuerdo del acto.\u201d<\/p>\n","protected":false},"featured_media":18719,"comment_status":"open","ping_status":"closed","template":"","meta":[],"product_brand":[],"product_cat":[18],"product_tag":[],"class_list":{"0":"post-17099","1":"product","2":"type-product","3":"status-publish","4":"has-post-thumbnail","6":"product_cat-sin-categorizar","8":"first","9":"instock","10":"shipping-taxable","11":"purchasable","12":"product-type-simple"},"jetpack_sharing_enabled":true,"_links":{"self":[{"href":"https:\/\/libreriaelprincipito.com\/index.php?rest_route=\/wp\/v2\/product\/17099","targetHints":{"allow":["GET"]}}],"collection":[{"href":"https:\/\/libreriaelprincipito.com\/index.php?rest_route=\/wp\/v2\/product"}],"about":[{"href":"https:\/\/libreriaelprincipito.com\/index.php?rest_route=\/wp\/v2\/types\/product"}],"replies":[{"embeddable":true,"href":"https:\/\/libreriaelprincipito.com\/index.php?rest_route=%2Fwp%2Fv2%2Fcomments&post=17099"}],"version-history":[{"count":1,"href":"https:\/\/libreriaelprincipito.com\/index.php?rest_route=\/wp\/v2\/product\/17099\/revisions"}],"predecessor-version":[{"id":17165,"href":"https:\/\/libreriaelprincipito.com\/index.php?rest_route=\/wp\/v2\/product\/17099\/revisions\/17165"}],"wp:featuredmedia":[{"embeddable":true,"href":"https:\/\/libreriaelprincipito.com\/index.php?rest_route=\/wp\/v2\/media\/18719"}],"wp:attachment":[{"href":"https:\/\/libreriaelprincipito.com\/index.php?rest_route=%2Fwp%2Fv2%2Fmedia&parent=17099"}],"wp:term":[{"taxonomy":"product_brand","embeddable":true,"href":"https:\/\/libreriaelprincipito.com\/index.php?rest_route=%2Fwp%2Fv2%2Fproduct_brand&post=17099"},{"taxonomy":"product_cat","embeddable":true,"href":"https:\/\/libreriaelprincipito.com\/index.php?rest_route=%2Fwp%2Fv2%2Fproduct_cat&post=17099"},{"taxonomy":"product_tag","embeddable":true,"href":"https:\/\/libreriaelprincipito.com\/index.php?rest_route=%2Fwp%2Fv2%2Fproduct_tag&post=17099"}],"curies":[{"name":"wp","href":"https:\/\/api.w.org\/{rel}","templated":true}]}}