{"id":17100,"date":"2026-02-06T04:39:44","date_gmt":"2026-02-06T04:39:44","guid":{"rendered":"https:\/\/libreriaelprincipito.com\/?post_type=product&#038;p=17100"},"modified":"2026-02-18T16:10:57","modified_gmt":"2026-02-18T16:10:57","slug":"el-gran-gatsby","status":"publish","type":"product","link":"https:\/\/libreriaelprincipito.com\/?product=el-gran-gatsby","title":{"rendered":"EL GRAN GATSBY"},"content":{"rendered":"<p>\u201cLa silueta de un gato en movimiento se recort\u00f3 contra los rayos de la luna, y al volver mi cabeza para mirarlo, me di cuenta de que no me encontraba solo: a unas cincuenta yardas, la figura de un hombre con las manos en los bolsillos, observando de pie la pimienta dorada de las estrellas, hab\u00eda emergido de las sombras de la mansi\u00f3n de mi vecino. Algo en sus pausados movimientos y en la posici\u00f3n segura de sus pies sobre el c\u00e9sped me indic\u00f3 que era Gatsby en persona, que hab\u00eda salido para decidir cu\u00e1l parte de nuestro firmamento local le pertenec\u00eda\u201d.<\/p>\n<p>DETALLES DEL PRODUCTO:<\/p>\n<p>ISBS: 9789585505544<\/p>\n<p>C\u00f3digo: 0<\/p>\n<p>P\u00e1ginas: 174<\/p>\n<p>Tama\u00f1o: Formato: 13.5 x 21 cm, tapa r\u00fastica con plastificado brillante.<\/p>\n","protected":false},"excerpt":{"rendered":"<p>\u201cLa silueta de un gato en movimiento se recort\u00f3 contra los rayos de la luna, y al volver mi cabeza para mirarlo, me di cuenta de que no me encontraba solo: a unas cincuenta yardas, la figura de un hombre con las manos en los bolsillos, observando de pie la pimienta dorada de las estrellas, hab\u00eda emergido de las sombras de la mansi\u00f3n de mi vecino. Algo en sus pausados movimientos y en la posici\u00f3n segura de sus pies sobre el c\u00e9sped me indic\u00f3 que era Gatsby en persona, que hab\u00eda salido para decidir cu\u00e1l parte de nuestro firmamento local le pertenec\u00eda\u201d.<\/p>\n","protected":false},"featured_media":18720,"comment_status":"open","ping_status":"closed","template":"","meta":[],"product_brand":[],"product_cat":[18],"product_tag":[],"class_list":{"0":"post-17100","1":"product","2":"type-product","3":"status-publish","4":"has-post-thumbnail","6":"product_cat-sin-categorizar","8":"first","9":"instock","10":"shipping-taxable","11":"purchasable","12":"product-type-simple"},"jetpack_sharing_enabled":true,"_links":{"self":[{"href":"https:\/\/libreriaelprincipito.com\/index.php?rest_route=\/wp\/v2\/product\/17100","targetHints":{"allow":["GET"]}}],"collection":[{"href":"https:\/\/libreriaelprincipito.com\/index.php?rest_route=\/wp\/v2\/product"}],"about":[{"href":"https:\/\/libreriaelprincipito.com\/index.php?rest_route=\/wp\/v2\/types\/product"}],"replies":[{"embeddable":true,"href":"https:\/\/libreriaelprincipito.com\/index.php?rest_route=%2Fwp%2Fv2%2Fcomments&post=17100"}],"version-history":[{"count":1,"href":"https:\/\/libreriaelprincipito.com\/index.php?rest_route=\/wp\/v2\/product\/17100\/revisions"}],"predecessor-version":[{"id":17167,"href":"https:\/\/libreriaelprincipito.com\/index.php?rest_route=\/wp\/v2\/product\/17100\/revisions\/17167"}],"wp:featuredmedia":[{"embeddable":true,"href":"https:\/\/libreriaelprincipito.com\/index.php?rest_route=\/wp\/v2\/media\/18720"}],"wp:attachment":[{"href":"https:\/\/libreriaelprincipito.com\/index.php?rest_route=%2Fwp%2Fv2%2Fmedia&parent=17100"}],"wp:term":[{"taxonomy":"product_brand","embeddable":true,"href":"https:\/\/libreriaelprincipito.com\/index.php?rest_route=%2Fwp%2Fv2%2Fproduct_brand&post=17100"},{"taxonomy":"product_cat","embeddable":true,"href":"https:\/\/libreriaelprincipito.com\/index.php?rest_route=%2Fwp%2Fv2%2Fproduct_cat&post=17100"},{"taxonomy":"product_tag","embeddable":true,"href":"https:\/\/libreriaelprincipito.com\/index.php?rest_route=%2Fwp%2Fv2%2Fproduct_tag&post=17100"}],"curies":[{"name":"wp","href":"https:\/\/api.w.org\/{rel}","templated":true}]}}