{"id":17101,"date":"2026-02-06T04:39:44","date_gmt":"2026-02-06T04:39:44","guid":{"rendered":"https:\/\/libreriaelprincipito.com\/?post_type=product&#038;p=17101"},"modified":"2026-02-18T16:11:41","modified_gmt":"2026-02-18T16:11:41","slug":"el-hombre-mas-rico-de-babilonia","status":"publish","type":"product","link":"https:\/\/libreriaelprincipito.com\/?product=el-hombre-mas-rico-de-babilonia","title":{"rendered":"EL HOMBRE M\u00c1S RICO DE BABILONIA"},"content":{"rendered":"<p>El hombre m\u00e1s rico de Babilonia. Los secretos del \u00e9xito de los antiguos c\u00f3mo alcanzar el \u00e9xito y solucionar sus problemas financieros por George S. Clason. Los babil\u00f3nicos se han reducido al polvo, junto a las orgullosas paredes de sus templos, pero su sabidur\u00eda a\u00fan perdura.<\/p>\n<p>DETALLES DEL PRODUCTO:<\/p>\n<p>ISBS: 9789585950986<\/p>\n<p>C\u00f3digo: 0<\/p>\n<p>P\u00e1ginas: 144<\/p>\n<p>Tama\u00f1o: Formato: 13.5 x 21 cm, tapa r\u00fastica con plastificado brillante.<\/p>\n","protected":false},"excerpt":{"rendered":"<p>El hombre m\u00e1s rico de Babilonia. Los secretos del \u00e9xito de los antiguos c\u00f3mo alcanzar el \u00e9xito y solucionar sus problemas financieros por George S. Clason. Los babil\u00f3nicos se han reducido al polvo, junto a las orgullosas paredes de sus templos, pero su sabidur\u00eda a\u00fan perdura.<\/p>\n","protected":false},"featured_media":18721,"comment_status":"open","ping_status":"closed","template":"","meta":[],"product_brand":[],"product_cat":[18],"product_tag":[],"class_list":{"0":"post-17101","1":"product","2":"type-product","3":"status-publish","4":"has-post-thumbnail","6":"product_cat-sin-categorizar","8":"first","9":"instock","10":"shipping-taxable","11":"purchasable","12":"product-type-simple"},"jetpack_sharing_enabled":true,"_links":{"self":[{"href":"https:\/\/libreriaelprincipito.com\/index.php?rest_route=\/wp\/v2\/product\/17101","targetHints":{"allow":["GET"]}}],"collection":[{"href":"https:\/\/libreriaelprincipito.com\/index.php?rest_route=\/wp\/v2\/product"}],"about":[{"href":"https:\/\/libreriaelprincipito.com\/index.php?rest_route=\/wp\/v2\/types\/product"}],"replies":[{"embeddable":true,"href":"https:\/\/libreriaelprincipito.com\/index.php?rest_route=%2Fwp%2Fv2%2Fcomments&post=17101"}],"version-history":[{"count":1,"href":"https:\/\/libreriaelprincipito.com\/index.php?rest_route=\/wp\/v2\/product\/17101\/revisions"}],"predecessor-version":[{"id":17169,"href":"https:\/\/libreriaelprincipito.com\/index.php?rest_route=\/wp\/v2\/product\/17101\/revisions\/17169"}],"wp:featuredmedia":[{"embeddable":true,"href":"https:\/\/libreriaelprincipito.com\/index.php?rest_route=\/wp\/v2\/media\/18721"}],"wp:attachment":[{"href":"https:\/\/libreriaelprincipito.com\/index.php?rest_route=%2Fwp%2Fv2%2Fmedia&parent=17101"}],"wp:term":[{"taxonomy":"product_brand","embeddable":true,"href":"https:\/\/libreriaelprincipito.com\/index.php?rest_route=%2Fwp%2Fv2%2Fproduct_brand&post=17101"},{"taxonomy":"product_cat","embeddable":true,"href":"https:\/\/libreriaelprincipito.com\/index.php?rest_route=%2Fwp%2Fv2%2Fproduct_cat&post=17101"},{"taxonomy":"product_tag","embeddable":true,"href":"https:\/\/libreriaelprincipito.com\/index.php?rest_route=%2Fwp%2Fv2%2Fproduct_tag&post=17101"}],"curies":[{"name":"wp","href":"https:\/\/api.w.org\/{rel}","templated":true}]}}