{"id":17103,"date":"2026-02-06T04:39:45","date_gmt":"2026-02-06T04:39:45","guid":{"rendered":"https:\/\/libreriaelprincipito.com\/?post_type=product&#038;p=17103"},"modified":"2026-02-18T16:17:48","modified_gmt":"2026-02-18T16:17:48","slug":"el-jugador","status":"publish","type":"product","link":"https:\/\/libreriaelprincipito.com\/?product=el-jugador","title":{"rendered":"EL JUGADOR"},"content":{"rendered":"<p>\u201cRealmente se habr\u00eda dicho que me impulsaba el destino. En una especie de angustia febril, dej\u00e9 todo el dinero sobre el rojo\u2026 y de pronto volv\u00ed en m\u00ed. Fue la \u00fanica vez durante aquella noche en que el terror me hel\u00f3, manifest\u00e1ndose por un temblor de mis manos y mis pies. Con horror me di cuenta, en un momento de lucidez, de lo que hubiese significado para m\u00ed perder en aquel instante. \u00a1Toda mi vida estaba en juego!\u201d.<\/p>\n<p>DETALLES DEL PRODUCTO:<\/p>\n<p>ISBS: 9789585617889<\/p>\n<p>C\u00f3digo: 0<\/p>\n<p>P\u00e1ginas: 174<\/p>\n<p>Tama\u00f1o: Formato: 13.5 x 21 cm, tapa r\u00fastica con plastificado brillante.<\/p>\n","protected":false},"excerpt":{"rendered":"<p>\u201cRealmente se habr\u00eda dicho que me impulsaba el destino. En una especie de angustia febril, dej\u00e9 todo el dinero sobre el rojo\u2026 y de pronto volv\u00ed en m\u00ed. Fue la \u00fanica vez durante aquella noche en que el terror me hel\u00f3, manifest\u00e1ndose por un temblor de mis manos y mis pies. Con horror me di cuenta, en un momento de lucidez, de lo que hubiese significado para m\u00ed perder en aquel instante. \u00a1Toda mi vida estaba en juego!\u201d.<\/p>\n","protected":false},"featured_media":18725,"comment_status":"open","ping_status":"closed","template":"","meta":[],"product_brand":[],"product_cat":[18],"product_tag":[],"class_list":{"0":"post-17103","1":"product","2":"type-product","3":"status-publish","4":"has-post-thumbnail","6":"product_cat-sin-categorizar","8":"first","9":"instock","10":"shipping-taxable","11":"purchasable","12":"product-type-simple"},"jetpack_sharing_enabled":true,"_links":{"self":[{"href":"https:\/\/libreriaelprincipito.com\/index.php?rest_route=\/wp\/v2\/product\/17103","targetHints":{"allow":["GET"]}}],"collection":[{"href":"https:\/\/libreriaelprincipito.com\/index.php?rest_route=\/wp\/v2\/product"}],"about":[{"href":"https:\/\/libreriaelprincipito.com\/index.php?rest_route=\/wp\/v2\/types\/product"}],"replies":[{"embeddable":true,"href":"https:\/\/libreriaelprincipito.com\/index.php?rest_route=%2Fwp%2Fv2%2Fcomments&post=17103"}],"version-history":[{"count":1,"href":"https:\/\/libreriaelprincipito.com\/index.php?rest_route=\/wp\/v2\/product\/17103\/revisions"}],"predecessor-version":[{"id":17184,"href":"https:\/\/libreriaelprincipito.com\/index.php?rest_route=\/wp\/v2\/product\/17103\/revisions\/17184"}],"wp:featuredmedia":[{"embeddable":true,"href":"https:\/\/libreriaelprincipito.com\/index.php?rest_route=\/wp\/v2\/media\/18725"}],"wp:attachment":[{"href":"https:\/\/libreriaelprincipito.com\/index.php?rest_route=%2Fwp%2Fv2%2Fmedia&parent=17103"}],"wp:term":[{"taxonomy":"product_brand","embeddable":true,"href":"https:\/\/libreriaelprincipito.com\/index.php?rest_route=%2Fwp%2Fv2%2Fproduct_brand&post=17103"},{"taxonomy":"product_cat","embeddable":true,"href":"https:\/\/libreriaelprincipito.com\/index.php?rest_route=%2Fwp%2Fv2%2Fproduct_cat&post=17103"},{"taxonomy":"product_tag","embeddable":true,"href":"https:\/\/libreriaelprincipito.com\/index.php?rest_route=%2Fwp%2Fv2%2Fproduct_tag&post=17103"}],"curies":[{"name":"wp","href":"https:\/\/api.w.org\/{rel}","templated":true}]}}