{"id":17104,"date":"2026-02-06T04:39:45","date_gmt":"2026-02-06T04:39:45","guid":{"rendered":"https:\/\/libreriaelprincipito.com\/?post_type=product&#038;p=17104"},"modified":"2026-02-18T16:19:43","modified_gmt":"2026-02-18T16:19:43","slug":"el-lazarillo-de-tormes","status":"publish","type":"product","link":"https:\/\/libreriaelprincipito.com\/?product=el-lazarillo-de-tormes","title":{"rendered":"EL LAZARILLO DE TORMES"},"content":{"rendered":"<p>Y tornaron de nuevo a contar mis cuitas y a re\u00edrlas, y yo pecador, a llorarlas. Con todo esto, dieronme de comer, que estaba transido de hambre, y apenas me pudieron remediar. Y as\u00ed, de poco en poco, a los quince d\u00edas me levant\u00e9 y estuve sin peligro \u2013mas no sin hambre- y medio sano. Luego, otro d\u00eda que fui levantado, el se\u00f1or mi amo me tom\u00f3 por la mano y sac\u00f3me la puerta afuera, y, puesto en calle, d\u00edjome: -L\u00e1zaro: de hoy m\u00e1s eres tuyo y no m\u00edo. Busca amo y vete con Dios. Que yo no quiero en mi compa\u00f1\u00eda tan diligente servidor. No es posible sino que hayas sido mozo de ciego. Y santigu\u00e1ndose de m\u00ed, como si yo estuviera endemoniado, se torna a meter en casa y cierra su puerta.<\/p>\n<p>DETALLES DEL PRODUCTO:<\/p>\n<p>ISBS: 9789589922767<\/p>\n<p>C\u00f3digo: 0<\/p>\n<p>P\u00e1ginas: 224<\/p>\n<p>Tama\u00f1o: Formato: 14 x 21 cm, tapa r\u00fastica con plastificado brillante.<\/p>\n","protected":false},"excerpt":{"rendered":"<p>Y tornaron de nuevo a contar mis cuitas y a re\u00edrlas, y yo pecador, a llorarlas. Con todo esto, dieronme de comer, que estaba transido de hambre, y apenas me pudieron remediar. Y as\u00ed, de poco en poco, a los quince d\u00edas me levant\u00e9 y estuve sin peligro \u2013mas no sin hambre- y medio sano. Luego, otro d\u00eda que fui levantado, el se\u00f1or mi amo me tom\u00f3 por la mano y sac\u00f3me la puerta afuera, y, puesto en calle, d\u00edjome: -L\u00e1zaro: de hoy m\u00e1s eres tuyo y no m\u00edo. Busca amo y vete con Dios. Que yo no quiero en mi compa\u00f1\u00eda tan diligente servidor. No es posible sino que hayas sido mozo de ciego. Y santigu\u00e1ndose de m\u00ed, como si yo estuviera endemoniado, se torna a meter en casa y cierra su puerta.<\/p>\n","protected":false},"featured_media":18726,"comment_status":"open","ping_status":"closed","template":"","meta":[],"product_brand":[],"product_cat":[18],"product_tag":[],"class_list":{"0":"post-17104","1":"product","2":"type-product","3":"status-publish","4":"has-post-thumbnail","6":"product_cat-sin-categorizar","8":"first","9":"instock","10":"shipping-taxable","11":"purchasable","12":"product-type-simple"},"jetpack_sharing_enabled":true,"_links":{"self":[{"href":"https:\/\/libreriaelprincipito.com\/index.php?rest_route=\/wp\/v2\/product\/17104","targetHints":{"allow":["GET"]}}],"collection":[{"href":"https:\/\/libreriaelprincipito.com\/index.php?rest_route=\/wp\/v2\/product"}],"about":[{"href":"https:\/\/libreriaelprincipito.com\/index.php?rest_route=\/wp\/v2\/types\/product"}],"replies":[{"embeddable":true,"href":"https:\/\/libreriaelprincipito.com\/index.php?rest_route=%2Fwp%2Fv2%2Fcomments&post=17104"}],"version-history":[{"count":1,"href":"https:\/\/libreriaelprincipito.com\/index.php?rest_route=\/wp\/v2\/product\/17104\/revisions"}],"predecessor-version":[{"id":17186,"href":"https:\/\/libreriaelprincipito.com\/index.php?rest_route=\/wp\/v2\/product\/17104\/revisions\/17186"}],"wp:featuredmedia":[{"embeddable":true,"href":"https:\/\/libreriaelprincipito.com\/index.php?rest_route=\/wp\/v2\/media\/18726"}],"wp:attachment":[{"href":"https:\/\/libreriaelprincipito.com\/index.php?rest_route=%2Fwp%2Fv2%2Fmedia&parent=17104"}],"wp:term":[{"taxonomy":"product_brand","embeddable":true,"href":"https:\/\/libreriaelprincipito.com\/index.php?rest_route=%2Fwp%2Fv2%2Fproduct_brand&post=17104"},{"taxonomy":"product_cat","embeddable":true,"href":"https:\/\/libreriaelprincipito.com\/index.php?rest_route=%2Fwp%2Fv2%2Fproduct_cat&post=17104"},{"taxonomy":"product_tag","embeddable":true,"href":"https:\/\/libreriaelprincipito.com\/index.php?rest_route=%2Fwp%2Fv2%2Fproduct_tag&post=17104"}],"curies":[{"name":"wp","href":"https:\/\/api.w.org\/{rel}","templated":true}]}}