{"id":17106,"date":"2026-02-06T04:39:45","date_gmt":"2026-02-06T04:39:45","guid":{"rendered":"https:\/\/libreriaelprincipito.com\/?post_type=product&#038;p=17106"},"modified":"2026-02-18T16:13:20","modified_gmt":"2026-02-18T16:13:20","slug":"el-lobo-estepario","status":"publish","type":"product","link":"https:\/\/libreriaelprincipito.com\/?product=el-lobo-estepario","title":{"rendered":"EL LOBO ESTEPARIO"},"content":{"rendered":"<p>\u201cSoledad era independencia, yo la hab\u00eda deseado y la hab\u00eda conseguido al cabo de largos a\u00f1os. Era fr\u00eda, es cierto, pero tambi\u00e9n era tranquila, maravillosamente tranquila y grande, como el tranquilo espacio fr\u00edo en que se mueven las estrellas.\u201d<\/p>\n<p>DETALLES DEL PRODUCTO:<\/p>\n<p>ISBS: 9789589983997<\/p>\n<p>C\u00f3digo: 0<\/p>\n<p>P\u00e1ginas: 216<\/p>\n<p>Tama\u00f1o: Formato: 13.5 x 21 cm, tapa r\u00fastica con plastificado brillante.<\/p>\n","protected":false},"excerpt":{"rendered":"<p>\u201cSoledad era independencia, yo la hab\u00eda deseado y la hab\u00eda conseguido al cabo de largos a\u00f1os. Era fr\u00eda, es cierto, pero tambi\u00e9n era tranquila, maravillosamente tranquila y grande, como el tranquilo espacio fr\u00edo en que se mueven las estrellas.\u201d<\/p>\n","protected":false},"featured_media":18723,"comment_status":"open","ping_status":"closed","template":"","meta":[],"product_brand":[],"product_cat":[18],"product_tag":[],"class_list":{"0":"post-17106","1":"product","2":"type-product","3":"status-publish","4":"has-post-thumbnail","6":"product_cat-sin-categorizar","8":"first","9":"instock","10":"shipping-taxable","11":"purchasable","12":"product-type-simple"},"jetpack_sharing_enabled":true,"_links":{"self":[{"href":"https:\/\/libreriaelprincipito.com\/index.php?rest_route=\/wp\/v2\/product\/17106","targetHints":{"allow":["GET"]}}],"collection":[{"href":"https:\/\/libreriaelprincipito.com\/index.php?rest_route=\/wp\/v2\/product"}],"about":[{"href":"https:\/\/libreriaelprincipito.com\/index.php?rest_route=\/wp\/v2\/types\/product"}],"replies":[{"embeddable":true,"href":"https:\/\/libreriaelprincipito.com\/index.php?rest_route=%2Fwp%2Fv2%2Fcomments&post=17106"}],"version-history":[{"count":1,"href":"https:\/\/libreriaelprincipito.com\/index.php?rest_route=\/wp\/v2\/product\/17106\/revisions"}],"predecessor-version":[{"id":17190,"href":"https:\/\/libreriaelprincipito.com\/index.php?rest_route=\/wp\/v2\/product\/17106\/revisions\/17190"}],"wp:featuredmedia":[{"embeddable":true,"href":"https:\/\/libreriaelprincipito.com\/index.php?rest_route=\/wp\/v2\/media\/18723"}],"wp:attachment":[{"href":"https:\/\/libreriaelprincipito.com\/index.php?rest_route=%2Fwp%2Fv2%2Fmedia&parent=17106"}],"wp:term":[{"taxonomy":"product_brand","embeddable":true,"href":"https:\/\/libreriaelprincipito.com\/index.php?rest_route=%2Fwp%2Fv2%2Fproduct_brand&post=17106"},{"taxonomy":"product_cat","embeddable":true,"href":"https:\/\/libreriaelprincipito.com\/index.php?rest_route=%2Fwp%2Fv2%2Fproduct_cat&post=17106"},{"taxonomy":"product_tag","embeddable":true,"href":"https:\/\/libreriaelprincipito.com\/index.php?rest_route=%2Fwp%2Fv2%2Fproduct_tag&post=17106"}],"curies":[{"name":"wp","href":"https:\/\/api.w.org\/{rel}","templated":true}]}}