{"id":17137,"date":"2026-02-06T04:40:07","date_gmt":"2026-02-06T04:40:07","guid":{"rendered":"https:\/\/libreriaelprincipito.com\/?post_type=product&#038;p=17137"},"modified":"2026-02-18T16:30:43","modified_gmt":"2026-02-18T16:30:43","slug":"el-origen-de-la-vida","status":"publish","type":"product","link":"https:\/\/libreriaelprincipito.com\/?product=el-origen-de-la-vida","title":{"rendered":"EL ORIGEN DE LA VIDA"},"content":{"rendered":"<p>El bioqu\u00edmico sovi\u00e9tico, Alexander Ivanovich Oparin, desarrollo a principios del siglo XX una teor\u00eda que revolucionar\u00eda todos los intentos anteriores por explicar el surgimiento de la vida en la Tierra: la evoluci\u00f3n de las especies. En este libro se presenta dicha teor\u00eda y los experimentos que llevaron a Oparin a dar un gran salto en la comprensi\u00f3n del origen de la vida.<\/p>\n<p>DETALLES DEL PRODUCTO:<\/p>\n<p>ISBS: 9789585647763<\/p>\n<p>C\u00f3digo: 0<\/p>\n<p>P\u00e1ginas: 142<\/p>\n<p>Tama\u00f1o: Formato: 13.5 x 21 cm, tapa r\u00fastica con plastificado brillante.<\/p>\n","protected":false},"excerpt":{"rendered":"<p>El bioqu\u00edmico sovi\u00e9tico, Alexander Ivanovich Oparin, desarrollo a principios del siglo XX una teor\u00eda que revolucionar\u00eda todos los intentos anteriores por explicar el surgimiento de la vida en la Tierra: la evoluci\u00f3n de las especies. En este libro se presenta dicha teor\u00eda y los experimentos que llevaron a Oparin a dar un gran salto en la comprensi\u00f3n del origen de la vida.<\/p>\n","protected":false},"featured_media":18739,"comment_status":"open","ping_status":"closed","template":"","meta":[],"product_brand":[],"product_cat":[18],"product_tag":[],"class_list":{"0":"post-17137","1":"product","2":"type-product","3":"status-publish","4":"has-post-thumbnail","6":"product_cat-sin-categorizar","8":"first","9":"instock","10":"shipping-taxable","11":"purchasable","12":"product-type-simple"},"jetpack_sharing_enabled":true,"_links":{"self":[{"href":"https:\/\/libreriaelprincipito.com\/index.php?rest_route=\/wp\/v2\/product\/17137","targetHints":{"allow":["GET"]}}],"collection":[{"href":"https:\/\/libreriaelprincipito.com\/index.php?rest_route=\/wp\/v2\/product"}],"about":[{"href":"https:\/\/libreriaelprincipito.com\/index.php?rest_route=\/wp\/v2\/types\/product"}],"replies":[{"embeddable":true,"href":"https:\/\/libreriaelprincipito.com\/index.php?rest_route=%2Fwp%2Fv2%2Fcomments&post=17137"}],"version-history":[{"count":1,"href":"https:\/\/libreriaelprincipito.com\/index.php?rest_route=\/wp\/v2\/product\/17137\/revisions"}],"predecessor-version":[{"id":17196,"href":"https:\/\/libreriaelprincipito.com\/index.php?rest_route=\/wp\/v2\/product\/17137\/revisions\/17196"}],"wp:featuredmedia":[{"embeddable":true,"href":"https:\/\/libreriaelprincipito.com\/index.php?rest_route=\/wp\/v2\/media\/18739"}],"wp:attachment":[{"href":"https:\/\/libreriaelprincipito.com\/index.php?rest_route=%2Fwp%2Fv2%2Fmedia&parent=17137"}],"wp:term":[{"taxonomy":"product_brand","embeddable":true,"href":"https:\/\/libreriaelprincipito.com\/index.php?rest_route=%2Fwp%2Fv2%2Fproduct_brand&post=17137"},{"taxonomy":"product_cat","embeddable":true,"href":"https:\/\/libreriaelprincipito.com\/index.php?rest_route=%2Fwp%2Fv2%2Fproduct_cat&post=17137"},{"taxonomy":"product_tag","embeddable":true,"href":"https:\/\/libreriaelprincipito.com\/index.php?rest_route=%2Fwp%2Fv2%2Fproduct_tag&post=17137"}],"curies":[{"name":"wp","href":"https:\/\/api.w.org\/{rel}","templated":true}]}}