{"id":17138,"date":"2026-02-06T04:40:07","date_gmt":"2026-02-06T04:40:07","guid":{"rendered":"https:\/\/libreriaelprincipito.com\/?post_type=product&#038;p=17138"},"modified":"2026-02-18T16:25:39","modified_gmt":"2026-02-18T16:25:39","slug":"el-origen-de-las-especies","status":"publish","type":"product","link":"https:\/\/libreriaelprincipito.com\/?product=el-origen-de-las-especies","title":{"rendered":"EL ORIGEN DE LAS ESPECIES"},"content":{"rendered":"<p>Con esta obra, Charles Darwin present\u00f3 su teor\u00eda de la evoluci\u00f3n mediante la selecci\u00f3n natural que, pasados m\u00e1s de cien a\u00f1os, contin\u00faa siendo la base del estudio de la naturaleza para la biolog\u00eda actual. La obra que puso las bases de la biolog\u00eda moderna, levantando una gran pol\u00e9mica tras su publicaci\u00f3n, no s\u00f3lo en c\u00edrculos dedicados a la ciencia, sino tambi\u00e9n a trav\u00e9s del estamento religioso, que vio en este libro un atentado contra la palabra divina.<\/p>\n<p>DETALLES DEL PRODUCTO:<\/p>\n<p>ISBS: 9789585610217<\/p>\n<p>C\u00f3digo: 0<\/p>\n<p>P\u00e1ginas: 542<\/p>\n<p>Tama\u00f1o: Formato: 14 x 21 cm, tapa r\u00fastica con plastificado brillante.<\/p>\n","protected":false},"excerpt":{"rendered":"<p>Con esta obra, Charles Darwin present\u00f3 su teor\u00eda de la evoluci\u00f3n mediante la selecci\u00f3n natural que, pasados m\u00e1s de cien a\u00f1os, contin\u00faa siendo la base del estudio de la naturaleza para la biolog\u00eda actual. La obra que puso las bases de la biolog\u00eda moderna, levantando una gran pol\u00e9mica tras su publicaci\u00f3n, no s\u00f3lo en c\u00edrculos dedicados a la ciencia, sino tambi\u00e9n a trav\u00e9s del estamento religioso, que vio en este libro un atentado contra la palabra divina.<\/p>\n","protected":false},"featured_media":18733,"comment_status":"open","ping_status":"closed","template":"","meta":[],"product_brand":[],"product_cat":[18],"product_tag":[],"class_list":{"0":"post-17138","1":"product","2":"type-product","3":"status-publish","4":"has-post-thumbnail","6":"product_cat-sin-categorizar","8":"first","9":"instock","10":"shipping-taxable","11":"purchasable","12":"product-type-simple"},"jetpack_sharing_enabled":true,"_links":{"self":[{"href":"https:\/\/libreriaelprincipito.com\/index.php?rest_route=\/wp\/v2\/product\/17138","targetHints":{"allow":["GET"]}}],"collection":[{"href":"https:\/\/libreriaelprincipito.com\/index.php?rest_route=\/wp\/v2\/product"}],"about":[{"href":"https:\/\/libreriaelprincipito.com\/index.php?rest_route=\/wp\/v2\/types\/product"}],"replies":[{"embeddable":true,"href":"https:\/\/libreriaelprincipito.com\/index.php?rest_route=%2Fwp%2Fv2%2Fcomments&post=17138"}],"version-history":[{"count":1,"href":"https:\/\/libreriaelprincipito.com\/index.php?rest_route=\/wp\/v2\/product\/17138\/revisions"}],"predecessor-version":[{"id":17198,"href":"https:\/\/libreriaelprincipito.com\/index.php?rest_route=\/wp\/v2\/product\/17138\/revisions\/17198"}],"wp:featuredmedia":[{"embeddable":true,"href":"https:\/\/libreriaelprincipito.com\/index.php?rest_route=\/wp\/v2\/media\/18733"}],"wp:attachment":[{"href":"https:\/\/libreriaelprincipito.com\/index.php?rest_route=%2Fwp%2Fv2%2Fmedia&parent=17138"}],"wp:term":[{"taxonomy":"product_brand","embeddable":true,"href":"https:\/\/libreriaelprincipito.com\/index.php?rest_route=%2Fwp%2Fv2%2Fproduct_brand&post=17138"},{"taxonomy":"product_cat","embeddable":true,"href":"https:\/\/libreriaelprincipito.com\/index.php?rest_route=%2Fwp%2Fv2%2Fproduct_cat&post=17138"},{"taxonomy":"product_tag","embeddable":true,"href":"https:\/\/libreriaelprincipito.com\/index.php?rest_route=%2Fwp%2Fv2%2Fproduct_tag&post=17138"}],"curies":[{"name":"wp","href":"https:\/\/api.w.org\/{rel}","templated":true}]}}