{"id":17139,"date":"2026-02-06T04:40:07","date_gmt":"2026-02-06T04:40:07","guid":{"rendered":"https:\/\/libreriaelprincipito.com\/?post_type=product&#038;p=17139"},"modified":"2026-02-18T16:31:37","modified_gmt":"2026-02-18T16:31:37","slug":"el-principe","status":"publish","type":"product","link":"https:\/\/libreriaelprincipito.com\/?product=el-principe","title":{"rendered":"EL PR\u00cdNCIPE"},"content":{"rendered":"<p>No se puede satisfacer dignamente a los grandes sin cometer injusticias con los otros, pero si se puede satisfacer al pueblo, porque el fi n del pueblo es m\u00e1s honrado que el de los grandes, en cuanto los grandes quieren oprimir y el pueblo no ser oprimido. &gt;&gt; C\u00e1p. IX de \u201cEl pr\u00edncipe\u201d &lt;&lt;Concluir\u00e9 diciendo solamente que un pr\u00edncipe necesita tener al pueblo de su lado: en caso contrario, en las adversidades no tendr\u00e1 remedio alguno. &gt;&gt; C\u00e1p. IX de \u201cEl pr\u00edncipe\u201d &lt;&lt;La mejor fortaleza que existe consiste en no ser odiado por el pueblo porque, aunque tengas fortaleza, si el pueblo te odia, ellas no te salvaran, puesto que una vez tomadas las armas los pueblos siempre encontrar\u00e1n extranjeros que los ayuden. &gt;&gt; C\u00e1p. XX de \u201cEl Pr\u00edncipe\u201d<\/p>\n<p>DETALLES DEL PRODUCTO:<\/p>\n<p>ISBS: 9789589922743<\/p>\n<p>C\u00f3digo: 0<\/p>\n<p>P\u00e1ginas: 318<\/p>\n<p>Tama\u00f1o: Formato: 13.5 x 21 cm, tapa r\u00fastica con plastificado brillante.<\/p>\n","protected":false},"excerpt":{"rendered":"<p>No se puede satisfacer dignamente a los grandes sin cometer injusticias con los otros, pero si se puede satisfacer al pueblo, porque el fi n del pueblo es m\u00e1s honrado que el de los grandes, en cuanto los grandes quieren oprimir y el pueblo no ser oprimido. &gt;&gt; C\u00e1p. IX de \u201cEl pr\u00edncipe\u201d &lt;&lt;Concluir\u00e9 diciendo solamente que un pr\u00edncipe necesita tener al pueblo de su lado: en caso contrario, en las adversidades no tendr\u00e1 remedio alguno. &gt;&gt; C\u00e1p. IX de \u201cEl pr\u00edncipe\u201d &lt;&lt;La mejor fortaleza que existe consiste en no ser odiado por el pueblo porque, aunque tengas fortaleza, si el pueblo te odia, ellas no te salvaran, puesto que una vez tomadas las armas los pueblos siempre encontrar\u00e1n extranjeros que los ayuden. &gt;&gt; C\u00e1p. XX de \u201cEl Pr\u00edncipe\u201d<\/p>\n","protected":false},"featured_media":18740,"comment_status":"open","ping_status":"closed","template":"","meta":[],"product_brand":[],"product_cat":[18],"product_tag":[],"class_list":{"0":"post-17139","1":"product","2":"type-product","3":"status-publish","4":"has-post-thumbnail","6":"product_cat-sin-categorizar","8":"first","9":"instock","10":"shipping-taxable","11":"purchasable","12":"product-type-simple"},"jetpack_sharing_enabled":true,"_links":{"self":[{"href":"https:\/\/libreriaelprincipito.com\/index.php?rest_route=\/wp\/v2\/product\/17139","targetHints":{"allow":["GET"]}}],"collection":[{"href":"https:\/\/libreriaelprincipito.com\/index.php?rest_route=\/wp\/v2\/product"}],"about":[{"href":"https:\/\/libreriaelprincipito.com\/index.php?rest_route=\/wp\/v2\/types\/product"}],"replies":[{"embeddable":true,"href":"https:\/\/libreriaelprincipito.com\/index.php?rest_route=%2Fwp%2Fv2%2Fcomments&post=17139"}],"version-history":[{"count":1,"href":"https:\/\/libreriaelprincipito.com\/index.php?rest_route=\/wp\/v2\/product\/17139\/revisions"}],"predecessor-version":[{"id":17200,"href":"https:\/\/libreriaelprincipito.com\/index.php?rest_route=\/wp\/v2\/product\/17139\/revisions\/17200"}],"wp:featuredmedia":[{"embeddable":true,"href":"https:\/\/libreriaelprincipito.com\/index.php?rest_route=\/wp\/v2\/media\/18740"}],"wp:attachment":[{"href":"https:\/\/libreriaelprincipito.com\/index.php?rest_route=%2Fwp%2Fv2%2Fmedia&parent=17139"}],"wp:term":[{"taxonomy":"product_brand","embeddable":true,"href":"https:\/\/libreriaelprincipito.com\/index.php?rest_route=%2Fwp%2Fv2%2Fproduct_brand&post=17139"},{"taxonomy":"product_cat","embeddable":true,"href":"https:\/\/libreriaelprincipito.com\/index.php?rest_route=%2Fwp%2Fv2%2Fproduct_cat&post=17139"},{"taxonomy":"product_tag","embeddable":true,"href":"https:\/\/libreriaelprincipito.com\/index.php?rest_route=%2Fwp%2Fv2%2Fproduct_tag&post=17139"}],"curies":[{"name":"wp","href":"https:\/\/api.w.org\/{rel}","templated":true}]}}