{"id":17140,"date":"2026-02-06T04:40:07","date_gmt":"2026-02-06T04:40:07","guid":{"rendered":"https:\/\/libreriaelprincipito.com\/?post_type=product&#038;p=17140"},"modified":"2026-02-18T16:29:04","modified_gmt":"2026-02-18T16:29:04","slug":"el-principe-y-el-mendigo","status":"publish","type":"product","link":"https:\/\/libreriaelprincipito.com\/?product=el-principe-y-el-mendigo","title":{"rendered":"EL PR\u00cdNCIPE Y EL MENDIGO"},"content":{"rendered":"<p>Mark Twain se caracteriza por ser un escritor popular, cuyo p\u00fablico m\u00e1s entusiasta ha estado siempre constituido por ni\u00f1os y adolescentes. Su estilo, de f\u00e1cil comprensi\u00f3n, recurre constantemente al humor y a la ternura, a la extravagancia y, en general a los rasgos picarescos de personajes y situaciones.<\/p>\n<p>DETALLES DEL PRODUCTO:<\/p>\n<p>ISBS: 9789585617896<\/p>\n<p>C\u00f3digo: 0<\/p>\n<p>P\u00e1ginas: 256<\/p>\n<p>Tama\u00f1o: Formato: 13.5 x 21 cm, tapa r\u00fastica con plastificado brillante.<\/p>\n","protected":false},"excerpt":{"rendered":"<p>Mark Twain se caracteriza por ser un escritor popular, cuyo p\u00fablico m\u00e1s entusiasta ha estado siempre constituido por ni\u00f1os y adolescentes. Su estilo, de f\u00e1cil comprensi\u00f3n, recurre constantemente al humor y a la ternura, a la extravagancia y, en general a los rasgos picarescos de personajes y situaciones.<\/p>\n","protected":false},"featured_media":18737,"comment_status":"open","ping_status":"closed","template":"","meta":[],"product_brand":[],"product_cat":[18],"product_tag":[],"class_list":{"0":"post-17140","1":"product","2":"type-product","3":"status-publish","4":"has-post-thumbnail","6":"product_cat-sin-categorizar","8":"first","9":"instock","10":"shipping-taxable","11":"purchasable","12":"product-type-simple"},"jetpack_sharing_enabled":true,"_links":{"self":[{"href":"https:\/\/libreriaelprincipito.com\/index.php?rest_route=\/wp\/v2\/product\/17140","targetHints":{"allow":["GET"]}}],"collection":[{"href":"https:\/\/libreriaelprincipito.com\/index.php?rest_route=\/wp\/v2\/product"}],"about":[{"href":"https:\/\/libreriaelprincipito.com\/index.php?rest_route=\/wp\/v2\/types\/product"}],"replies":[{"embeddable":true,"href":"https:\/\/libreriaelprincipito.com\/index.php?rest_route=%2Fwp%2Fv2%2Fcomments&post=17140"}],"version-history":[{"count":1,"href":"https:\/\/libreriaelprincipito.com\/index.php?rest_route=\/wp\/v2\/product\/17140\/revisions"}],"predecessor-version":[{"id":17202,"href":"https:\/\/libreriaelprincipito.com\/index.php?rest_route=\/wp\/v2\/product\/17140\/revisions\/17202"}],"wp:featuredmedia":[{"embeddable":true,"href":"https:\/\/libreriaelprincipito.com\/index.php?rest_route=\/wp\/v2\/media\/18737"}],"wp:attachment":[{"href":"https:\/\/libreriaelprincipito.com\/index.php?rest_route=%2Fwp%2Fv2%2Fmedia&parent=17140"}],"wp:term":[{"taxonomy":"product_brand","embeddable":true,"href":"https:\/\/libreriaelprincipito.com\/index.php?rest_route=%2Fwp%2Fv2%2Fproduct_brand&post=17140"},{"taxonomy":"product_cat","embeddable":true,"href":"https:\/\/libreriaelprincipito.com\/index.php?rest_route=%2Fwp%2Fv2%2Fproduct_cat&post=17140"},{"taxonomy":"product_tag","embeddable":true,"href":"https:\/\/libreriaelprincipito.com\/index.php?rest_route=%2Fwp%2Fv2%2Fproduct_tag&post=17140"}],"curies":[{"name":"wp","href":"https:\/\/api.w.org\/{rel}","templated":true}]}}