{"id":17144,"date":"2026-02-06T04:40:07","date_gmt":"2026-02-06T04:40:07","guid":{"rendered":"https:\/\/libreriaelprincipito.com\/?post_type=product&#038;p=17144"},"modified":"2026-02-18T16:24:07","modified_gmt":"2026-02-18T16:24:07","slug":"el-sabueso-de-los-baskerville","status":"publish","type":"product","link":"https:\/\/libreriaelprincipito.com\/?product=el-sabueso-de-los-baskerville","title":{"rendered":"EL SABUESO DE LOS BASKERVILLE"},"content":{"rendered":"<p>El sabueso de los Baskerville fue la tercera de las aventuras del detective Sherlock Holmes, quien con su capacidad de observaci\u00f3n y la l\u00f3gica que lo caracteriza, aplica su ingeniosa habilidad para vencer las supersticiones de una vieja leyenda que atribuye la muerte de Sir Charles Baskerville a un enorme y endiablado perro, instrumento de la terrible maldici\u00f3n que pesa sobre una noble familia durante m\u00e1s de doscientos a\u00f1os. Esta fant\u00e1stica historia proviene de la leyenda de Richard Cabell, quien fue la inspiraci\u00f3n de la leyenda de los Baskerville. En esta obra, Conan Doyle logra seguramente su mejor novela, la m\u00e1s rica desde el punto de vista estil\u00edstico, y posiblemente la m\u00e1s curiosa de las que el autor dedic\u00f3 a su personaje.<\/p>\n<p>DETALLES DEL PRODUCTO:<\/p>\n<p>ISBS: 9789585647718<\/p>\n<p>C\u00f3digo: 0<\/p>\n<p>P\u00e1ginas: 216<\/p>\n<p>Tama\u00f1o: Formato: 13.5 x 21 cm, tapa r\u00fastica con plastificado brillante.<\/p>\n","protected":false},"excerpt":{"rendered":"<p>El sabueso de los Baskerville fue la tercera de las aventuras del detective Sherlock Holmes, quien con su capacidad de observaci\u00f3n y la l\u00f3gica que lo caracteriza, aplica su ingeniosa habilidad para vencer las supersticiones de una vieja leyenda que atribuye la muerte de Sir Charles Baskerville a un enorme y endiablado perro, instrumento de la terrible maldici\u00f3n que pesa sobre una noble familia durante m\u00e1s de doscientos a\u00f1os. Esta fant\u00e1stica historia proviene de la leyenda de Richard Cabell, quien fue la inspiraci\u00f3n de la leyenda de los Baskerville. En esta obra, Conan Doyle logra seguramente su mejor novela, la m\u00e1s rica desde el punto de vista estil\u00edstico, y posiblemente la m\u00e1s curiosa de las que el autor dedic\u00f3 a su personaje.<\/p>\n","protected":false},"featured_media":18731,"comment_status":"open","ping_status":"closed","template":"","meta":[],"product_brand":[],"product_cat":[18],"product_tag":[],"class_list":{"0":"post-17144","1":"product","2":"type-product","3":"status-publish","4":"has-post-thumbnail","6":"product_cat-sin-categorizar","8":"first","9":"instock","10":"shipping-taxable","11":"purchasable","12":"product-type-simple"},"jetpack_sharing_enabled":true,"_links":{"self":[{"href":"https:\/\/libreriaelprincipito.com\/index.php?rest_route=\/wp\/v2\/product\/17144","targetHints":{"allow":["GET"]}}],"collection":[{"href":"https:\/\/libreriaelprincipito.com\/index.php?rest_route=\/wp\/v2\/product"}],"about":[{"href":"https:\/\/libreriaelprincipito.com\/index.php?rest_route=\/wp\/v2\/types\/product"}],"replies":[{"embeddable":true,"href":"https:\/\/libreriaelprincipito.com\/index.php?rest_route=%2Fwp%2Fv2%2Fcomments&post=17144"}],"version-history":[{"count":1,"href":"https:\/\/libreriaelprincipito.com\/index.php?rest_route=\/wp\/v2\/product\/17144\/revisions"}],"predecessor-version":[{"id":17210,"href":"https:\/\/libreriaelprincipito.com\/index.php?rest_route=\/wp\/v2\/product\/17144\/revisions\/17210"}],"wp:featuredmedia":[{"embeddable":true,"href":"https:\/\/libreriaelprincipito.com\/index.php?rest_route=\/wp\/v2\/media\/18731"}],"wp:attachment":[{"href":"https:\/\/libreriaelprincipito.com\/index.php?rest_route=%2Fwp%2Fv2%2Fmedia&parent=17144"}],"wp:term":[{"taxonomy":"product_brand","embeddable":true,"href":"https:\/\/libreriaelprincipito.com\/index.php?rest_route=%2Fwp%2Fv2%2Fproduct_brand&post=17144"},{"taxonomy":"product_cat","embeddable":true,"href":"https:\/\/libreriaelprincipito.com\/index.php?rest_route=%2Fwp%2Fv2%2Fproduct_cat&post=17144"},{"taxonomy":"product_tag","embeddable":true,"href":"https:\/\/libreriaelprincipito.com\/index.php?rest_route=%2Fwp%2Fv2%2Fproduct_tag&post=17144"}],"curies":[{"name":"wp","href":"https:\/\/api.w.org\/{rel}","templated":true}]}}