{"id":17145,"date":"2026-02-06T04:40:07","date_gmt":"2026-02-06T04:40:07","guid":{"rendered":"https:\/\/libreriaelprincipito.com\/?post_type=product&#038;p=17145"},"modified":"2026-02-18T16:23:23","modified_gmt":"2026-02-18T16:23:23","slug":"el-testimonio-de-radolph-carter-y-otros-relatos","status":"publish","type":"product","link":"https:\/\/libreriaelprincipito.com\/?product=el-testimonio-de-radolph-carter-y-otros-relatos","title":{"rendered":"EL TESTIMONIO DE RADOLPH CARTER Y OTROS RELATOS"},"content":{"rendered":"<p>El testimonio de Randolph Carter es uno de los relatos m\u00e1s inquietantes y populares de H.P. Lovecraft y forma parte del magn\u00edfico Ciclo on\u00edrico. Los relatos y novelas cortas que componen este ciclo tienen como eje principal las Tierras del Sue\u00f1o o Dream Land. Las historias de Lovecraft a\u00f1aden emociones que ning\u00fan lector puede controlar, como el terror, la curiosidad y la ansiedad que genera cada l\u00ednea, pues los relatos que dan forma a esta edici\u00f3n desbordan la imaginaci\u00f3n, caracter\u00edstica intr\u00ednseca de este genio del terror. El testimonio de Randolph Carter y otros relatos es un incre\u00edble libro que todo lector que admire lo fant\u00e1stico, la ciencia ficci\u00f3n y el espanto debe leer; su lectura es acceder a las fascinantes tierras de Ulthar, a la m\u00edtica meseta de Leng y a ser observado por los oscuros e innombrables dioses.<\/p>\n<p>DETALLES DEL PRODUCTO:<\/p>\n<p>ISBS: 9789585505681<\/p>\n<p>C\u00f3digo: 0<\/p>\n<p>P\u00e1ginas: 320<\/p>\n<p>Tama\u00f1o: Formato: 13.5 x 21 cm,\u00a0 tapa r\u00fastica con plastificado brillante.<\/p>\n","protected":false},"excerpt":{"rendered":"<p>El testimonio de Randolph Carter es uno de los relatos m\u00e1s inquietantes y populares de H.P. Lovecraft y forma parte del magn\u00edfico Ciclo on\u00edrico. Los relatos y novelas cortas que componen este ciclo tienen como eje principal las Tierras del Sue\u00f1o o Dream Land. Las historias de Lovecraft a\u00f1aden emociones que ning\u00fan lector puede controlar, como el terror, la curiosidad y la ansiedad que genera cada l\u00ednea, pues los relatos que dan forma a esta edici\u00f3n desbordan la imaginaci\u00f3n, caracter\u00edstica intr\u00ednseca de este genio del terror. El testimonio de Randolph Carter y otros relatos es un incre\u00edble libro que todo lector que admire lo fant\u00e1stico, la ciencia ficci\u00f3n y el espanto debe leer; su lectura es acceder a las fascinantes tierras de Ulthar, a la m\u00edtica meseta de Leng y a ser observado por los oscuros e innombrables dioses.<\/p>\n","protected":false},"featured_media":18730,"comment_status":"open","ping_status":"closed","template":"","meta":[],"product_brand":[],"product_cat":[18],"product_tag":[],"class_list":{"0":"post-17145","1":"product","2":"type-product","3":"status-publish","4":"has-post-thumbnail","6":"product_cat-sin-categorizar","8":"first","9":"instock","10":"shipping-taxable","11":"purchasable","12":"product-type-simple"},"jetpack_sharing_enabled":true,"_links":{"self":[{"href":"https:\/\/libreriaelprincipito.com\/index.php?rest_route=\/wp\/v2\/product\/17145","targetHints":{"allow":["GET"]}}],"collection":[{"href":"https:\/\/libreriaelprincipito.com\/index.php?rest_route=\/wp\/v2\/product"}],"about":[{"href":"https:\/\/libreriaelprincipito.com\/index.php?rest_route=\/wp\/v2\/types\/product"}],"replies":[{"embeddable":true,"href":"https:\/\/libreriaelprincipito.com\/index.php?rest_route=%2Fwp%2Fv2%2Fcomments&post=17145"}],"version-history":[{"count":1,"href":"https:\/\/libreriaelprincipito.com\/index.php?rest_route=\/wp\/v2\/product\/17145\/revisions"}],"predecessor-version":[{"id":17212,"href":"https:\/\/libreriaelprincipito.com\/index.php?rest_route=\/wp\/v2\/product\/17145\/revisions\/17212"}],"wp:featuredmedia":[{"embeddable":true,"href":"https:\/\/libreriaelprincipito.com\/index.php?rest_route=\/wp\/v2\/media\/18730"}],"wp:attachment":[{"href":"https:\/\/libreriaelprincipito.com\/index.php?rest_route=%2Fwp%2Fv2%2Fmedia&parent=17145"}],"wp:term":[{"taxonomy":"product_brand","embeddable":true,"href":"https:\/\/libreriaelprincipito.com\/index.php?rest_route=%2Fwp%2Fv2%2Fproduct_brand&post=17145"},{"taxonomy":"product_cat","embeddable":true,"href":"https:\/\/libreriaelprincipito.com\/index.php?rest_route=%2Fwp%2Fv2%2Fproduct_cat&post=17145"},{"taxonomy":"product_tag","embeddable":true,"href":"https:\/\/libreriaelprincipito.com\/index.php?rest_route=%2Fwp%2Fv2%2Fproduct_tag&post=17145"}],"curies":[{"name":"wp","href":"https:\/\/api.w.org\/{rel}","templated":true}]}}