{"id":17147,"date":"2026-02-06T04:40:07","date_gmt":"2026-02-06T04:40:07","guid":{"rendered":"https:\/\/libreriaelprincipito.com\/?post_type=product&#038;p=17147"},"modified":"2026-02-18T16:26:24","modified_gmt":"2026-02-18T16:26:24","slug":"emma","status":"publish","type":"product","link":"https:\/\/libreriaelprincipito.com\/?product=emma","title":{"rendered":"EMMA"},"content":{"rendered":"<p>Emma cuenta la historia de una inteligente y bella joven inglesa de principios del siglo XIX, criada en el seno de una familia acomodada.<\/p>\n<p>Emma es una chica de 21 a\u00f1os, testaruda y presumida; se extralimita en sus habilidades de emparejamiento; su imaginaci\u00f3n y percepci\u00f3n la llevan a menudo a meterse en dificultades.<\/p>\n<p>Austen explora las preocupaciones y dificultades de las mujeres de clase alta de su \u00e9poca. Emma es una comedia de modales y describe cuestiones acerca del matrimonio, sexo, edad y el estatus social.<\/p>\n<p>DETALLES DEL PRODUCTO:<\/p>\n<p>ISBS: 9789585505728<\/p>\n<p>C\u00f3digo: 0<\/p>\n<p>P\u00e1ginas: 526<\/p>\n<p>Tama\u00f1o: Formato: 13.5 x 21 cm, tapa r\u00fastica con plastificado brillante.<\/p>\n","protected":false},"excerpt":{"rendered":"<p>Emma cuenta la historia de una inteligente y bella joven inglesa de principios del siglo XIX, criada en el seno de una familia acomodada.<\/p>\n<p>Emma es una chica de 21 a\u00f1os, testaruda y presumida; se extralimita en sus habilidades de emparejamiento; su imaginaci\u00f3n y percepci\u00f3n la llevan a menudo a meterse en dificultades.<\/p>\n<p>Austen explora las preocupaciones y dificultades de las mujeres de clase alta de su \u00e9poca. Emma es una comedia de modales y describe cuestiones acerca del matrimonio, sexo, edad y el estatus social.<\/p>\n","protected":false},"featured_media":18734,"comment_status":"open","ping_status":"closed","template":"","meta":[],"product_brand":[],"product_cat":[18],"product_tag":[],"class_list":{"0":"post-17147","1":"product","2":"type-product","3":"status-publish","4":"has-post-thumbnail","6":"product_cat-sin-categorizar","8":"first","9":"instock","10":"shipping-taxable","11":"purchasable","12":"product-type-simple"},"jetpack_sharing_enabled":true,"_links":{"self":[{"href":"https:\/\/libreriaelprincipito.com\/index.php?rest_route=\/wp\/v2\/product\/17147","targetHints":{"allow":["GET"]}}],"collection":[{"href":"https:\/\/libreriaelprincipito.com\/index.php?rest_route=\/wp\/v2\/product"}],"about":[{"href":"https:\/\/libreriaelprincipito.com\/index.php?rest_route=\/wp\/v2\/types\/product"}],"replies":[{"embeddable":true,"href":"https:\/\/libreriaelprincipito.com\/index.php?rest_route=%2Fwp%2Fv2%2Fcomments&post=17147"}],"version-history":[{"count":1,"href":"https:\/\/libreriaelprincipito.com\/index.php?rest_route=\/wp\/v2\/product\/17147\/revisions"}],"predecessor-version":[{"id":17216,"href":"https:\/\/libreriaelprincipito.com\/index.php?rest_route=\/wp\/v2\/product\/17147\/revisions\/17216"}],"wp:featuredmedia":[{"embeddable":true,"href":"https:\/\/libreriaelprincipito.com\/index.php?rest_route=\/wp\/v2\/media\/18734"}],"wp:attachment":[{"href":"https:\/\/libreriaelprincipito.com\/index.php?rest_route=%2Fwp%2Fv2%2Fmedia&parent=17147"}],"wp:term":[{"taxonomy":"product_brand","embeddable":true,"href":"https:\/\/libreriaelprincipito.com\/index.php?rest_route=%2Fwp%2Fv2%2Fproduct_brand&post=17147"},{"taxonomy":"product_cat","embeddable":true,"href":"https:\/\/libreriaelprincipito.com\/index.php?rest_route=%2Fwp%2Fv2%2Fproduct_cat&post=17147"},{"taxonomy":"product_tag","embeddable":true,"href":"https:\/\/libreriaelprincipito.com\/index.php?rest_route=%2Fwp%2Fv2%2Fproduct_tag&post=17147"}],"curies":[{"name":"wp","href":"https:\/\/api.w.org\/{rel}","templated":true}]}}