{"id":17172,"date":"2026-02-06T04:40:45","date_gmt":"2026-02-06T04:40:45","guid":{"rendered":"https:\/\/libreriaelprincipito.com\/?post_type=product&#038;p=17172"},"modified":"2026-02-18T16:53:02","modified_gmt":"2026-02-18T16:53:02","slug":"fausto","status":"publish","type":"product","link":"https:\/\/libreriaelprincipito.com\/?product=fausto","title":{"rendered":"FAUSTO"},"content":{"rendered":"<p>La obra constituye una par\u00e1bola sobre el conocimiento cient\u00edfico, la religi\u00f3n, la pasi\u00f3n y la seducci\u00f3n, la independencia y el amor, entre otros temas. En t\u00e9rminos po\u00e9ticos, Goethe sit\u00faa la ciencia y el poder en el contexto de una metaf\u00edsica moralmente interesada. Fausto es un cient\u00edfico emp\u00edrico que se ve forzado a enfrentarse a cuestiones como el bien y el mal, Dios y el diablo, la sexualidad y la mortalidad.<\/p>\n<p>DETALLES DEL PRODUCTO:<\/p>\n<p>ISBS: 9789585505032<\/p>\n<p>C\u00f3digo: 0<\/p>\n<p>P\u00e1ginas: 328<\/p>\n<p>Tama\u00f1o: 14 x 21 cm. Tintas: Monocrom\u00eda (60gr) Car\u00e1tula. Tintas: Policrom\u00eda (280gr) Acabados: Plastificado brillante<\/p>\n","protected":false},"excerpt":{"rendered":"<p>La obra constituye una par\u00e1bola sobre el conocimiento cient\u00edfico, la religi\u00f3n, la pasi\u00f3n y la seducci\u00f3n, la independencia y el amor, entre otros temas. En t\u00e9rminos po\u00e9ticos, Goethe sit\u00faa la ciencia y el poder en el contexto de una metaf\u00edsica moralmente interesada. Fausto es un cient\u00edfico emp\u00edrico que se ve forzado a enfrentarse a cuestiones como el bien y el mal, Dios y el diablo, la sexualidad y la mortalidad.<\/p>\n","protected":false},"featured_media":18750,"comment_status":"open","ping_status":"closed","template":"","meta":[],"product_brand":[],"product_cat":[18],"product_tag":[],"class_list":{"0":"post-17172","1":"product","2":"type-product","3":"status-publish","4":"has-post-thumbnail","6":"product_cat-sin-categorizar","8":"first","9":"instock","10":"shipping-taxable","11":"purchasable","12":"product-type-simple"},"jetpack_sharing_enabled":true,"_links":{"self":[{"href":"https:\/\/libreriaelprincipito.com\/index.php?rest_route=\/wp\/v2\/product\/17172","targetHints":{"allow":["GET"]}}],"collection":[{"href":"https:\/\/libreriaelprincipito.com\/index.php?rest_route=\/wp\/v2\/product"}],"about":[{"href":"https:\/\/libreriaelprincipito.com\/index.php?rest_route=\/wp\/v2\/types\/product"}],"replies":[{"embeddable":true,"href":"https:\/\/libreriaelprincipito.com\/index.php?rest_route=%2Fwp%2Fv2%2Fcomments&post=17172"}],"version-history":[{"count":1,"href":"https:\/\/libreriaelprincipito.com\/index.php?rest_route=\/wp\/v2\/product\/17172\/revisions"}],"predecessor-version":[{"id":17222,"href":"https:\/\/libreriaelprincipito.com\/index.php?rest_route=\/wp\/v2\/product\/17172\/revisions\/17222"}],"wp:featuredmedia":[{"embeddable":true,"href":"https:\/\/libreriaelprincipito.com\/index.php?rest_route=\/wp\/v2\/media\/18750"}],"wp:attachment":[{"href":"https:\/\/libreriaelprincipito.com\/index.php?rest_route=%2Fwp%2Fv2%2Fmedia&parent=17172"}],"wp:term":[{"taxonomy":"product_brand","embeddable":true,"href":"https:\/\/libreriaelprincipito.com\/index.php?rest_route=%2Fwp%2Fv2%2Fproduct_brand&post=17172"},{"taxonomy":"product_cat","embeddable":true,"href":"https:\/\/libreriaelprincipito.com\/index.php?rest_route=%2Fwp%2Fv2%2Fproduct_cat&post=17172"},{"taxonomy":"product_tag","embeddable":true,"href":"https:\/\/libreriaelprincipito.com\/index.php?rest_route=%2Fwp%2Fv2%2Fproduct_tag&post=17172"}],"curies":[{"name":"wp","href":"https:\/\/api.w.org\/{rel}","templated":true}]}}